{"id":353,"date":"2021-08-31T23:03:00","date_gmt":"2021-08-31T21:03:00","guid":{"rendered":"https:\/\/pb.edu.pl\/pbdostepna\/?page_id=353"},"modified":"2025-06-24T12:48:28","modified_gmt":"2025-06-24T10:48:28","slug":"spektrum-autyzmu","status":"publish","type":"page","link":"https:\/\/pb.edu.pl\/pbdostepna\/pb-dostepna\/rekrutacja-na-szkolenia\/spektrum-autyzmu\/","title":{"rendered":"Szkolenie pt. Prowadzenie zaj\u0119\u0107 akademickich z udzia\u0142em os\u00f3b ze spektrum autyzmu"},"content":{"rendered":"<p><img loading=\"lazy\" decoding=\"async\" class=\"aligncenter size-full wp-image-455\" src=\"https:\/\/pb.edu.pl\/pbdostepna\/wp-content\/uploads\/sites\/46\/2022\/10\/belka-POWER_pl.jpg\" alt=\"\" width=\"1871\" height=\"183\" srcset=\"https:\/\/pb.edu.pl\/pbdostepna\/wp-content\/uploads\/sites\/46\/2022\/10\/belka-POWER_pl.jpg 1871w, https:\/\/pb.edu.pl\/pbdostepna\/wp-content\/uploads\/sites\/46\/2022\/10\/belka-POWER_pl-300x29.jpg 300w, https:\/\/pb.edu.pl\/pbdostepna\/wp-content\/uploads\/sites\/46\/2022\/10\/belka-POWER_pl-1024x100.jpg 1024w, https:\/\/pb.edu.pl\/pbdostepna\/wp-content\/uploads\/sites\/46\/2022\/10\/belka-POWER_pl-768x75.jpg 768w, https:\/\/pb.edu.pl\/pbdostepna\/wp-content\/uploads\/sites\/46\/2022\/10\/belka-POWER_pl-1536x150.jpg 1536w\" sizes=\"auto, (max-width: 1871px) 100vw, 1871px\" \/><\/p>\n<h2>Zapraszamy ch\u0119tne osoby do wzi\u0119cia udzia\u0142u w bezp\u0142atnym szkoleniu pt. <strong>Prowadzenie zaj\u0119\u0107 akademickich z udzia\u0142em os\u00f3b ze spektrum autyzmu<\/strong>.<\/h2>\n<h3>Autyzm to enigmatyczne poj\u0119cie, wok\u00f3\u0142 kt\u00f3rego kr\u0105\u017cy wiele mit\u00f3w i stereotyp\u00f3w.<\/h3>\n<p>Osoby z zaburzeniami ze spektrum autyzmu (ASD), w szczeg\u00f3lno\u015bci z zespo\u0142em Aspergera, cz\u0119sto charakteryzuje ponadprzeci\u0119tny potencja\u0142 intelektualny, zw\u0142aszcza w obszarze nauk \u015bcis\u0142ych. Z zaburzeniem tym jednak wi\u0105\u017c\u0105 si\u0119 trudno\u015bci w komunikowaniu si\u0119 i funkcjonowaniu w \u015brodowisku. Szkolenie <em><strong>Prowadzenie zaj\u0119\u0107 akademickich z udzia\u0142em os\u00f3b ze spektrum autyzmu<\/strong><\/em> ma na celu zwi\u0119kszenie \u015bwiadomo\u015bci w zakresie funkcjonowania na uczelni os\u00f3b zaburzeniami ASD.<\/p>\n<h3><strong>W trakcie szkolenia zostan\u0105 poruszone nast\u0119puj\u0105ce zagadnienia:<\/strong><\/h3>\n<ul>\n<li>\n<p class=\"gmail-MsoListParagraphCxSpMiddle\">Czym jest spektrum autyzmu? Podstawowe informacje o spektrum autyzmu.<\/p>\n<\/li>\n<li>\n<p class=\"gmail-MsoListParagraphCxSpMiddle\">Mity i fakty na temat os\u00f3b z ASD.<\/p>\n<\/li>\n<li>\n<p class=\"gmail-MsoListParagraphCxSpMiddle\">Profil studenta ze ASD i charakterystyka funkcjonowania poznawczego, spo\u0142ecznego i komunikacji os\u00f3b doros\u0142ych z ASD.<\/p>\n<\/li>\n<li>\n<p class=\"gmail-MsoListParagraphCxSpMiddle\">Adaptacja procesu dydaktycznego dla wysokofunkcjonuj\u0105cych os\u00f3b z ASD \u2013 poszukiwanie rozwi\u0105za\u0144 w praktyce.<\/p>\n<\/li>\n<li>\n<p class=\"gmail-MsoListParagraphCxSpMiddle\">Praca indywidualna z osobami z ASD.<\/p>\n<\/li>\n<li>\n<p class=\"gmail-MsoListParagraphCxSpLast\">Sposoby radzenia sobie z nietypowymi zachowaniami student\u00f3w ze spektrum autyzmu; adaptacje sensoryczne.<\/p>\n<\/li>\n<\/ul>\n<p><strong>Grupa docelowa:<\/strong> kadra dydaktyczna<\/p>\n<p><strong>Liczba godzin:<\/strong> 4 bloki szkole\u0144 po 4h lekcyjne z przerw\u0105<\/p>\n<p><strong>Miejsce szkolenia:<\/strong> szkolenie zdalne<\/p>\n<p><strong>Terminy szkolenia:<\/strong><\/p>\n<ul>\n<li>Cz\u0119\u015b\u0107 1: 16.06.2023, w godz. 8:30 &#8211; 12:00 z przerw\u0105 od 10:00 do 10:30.<\/li>\n<li>Cz\u0119\u015b\u0107 2:&nbsp;22.06.2023, w godz. 8:30 &#8211; 12:00 z przerw\u0105 od 10:00 do 10:30.<\/li>\n<li>Cz\u0119\u015b\u0107 3: 23.06.2023, w godz. 8:30 &#8211; 12:00 z przerw\u0105 od 10:00 do 10:30.<\/li>\n<li>Cz\u0119\u015b\u0107 4: 26.06.2023, w godz. 8:30 &#8211; 12:00 z przerw\u0105 od 10:00 do 10:30.<\/li>\n<\/ul>\n<p>Osoby, kt\u00f3re nie bra\u0142y jeszcze udzia\u0142u w szkoleniach w ramach projektu PB Dost\u0119pna, prosimy o zapoznanie si\u0119 z <a href=\"https:\/\/pb.edu.pl\/pbdostepna\/pb-dostepna\/dokumenty-2\/\">Regulaminem projektu<\/a> oraz przed rozpocz\u0119ciem zaj\u0119\u0107, dostarczenie do Biura ds. Os\u00f3b z Niepe\u0142nosprawno\u015bciami (pok. 39C budynek Rektoratu) wype\u0142niony <a style=\"background-color: #ffffff;font-size: 1.5rem\" href=\"https:\/\/pb.edu.pl\/pbdostepna\/wp-content\/uploads\/sites\/46\/2021\/12\/Formularz-uczestnictwa-PB-Dostepna.pdf\">Za\u0142\u0105cznik nr 2 &#8211; Formularz uczestnictwa PB Dost\u0119pna<\/a><\/p>\n<h4>Rekrutacja odbywa\u0107 si\u0119 w dniach 01-13.06.2023<\/h4>\n<h3>Ch\u0119tne osoby do uczestnictwa w szkoleniu prosimy o rejestracj\u0119 poprzez poni\u017cszy formularz:<\/h3>\n<p>Rejestracja zako\u0144czona.<\/p>\n","protected":false},"excerpt":{"rendered":"<p>Zapraszamy ch\u0119tne osoby do wzi\u0119cia udzia\u0142u w bezp\u0142atnym szkoleniu pt. Prowadzenie zaj\u0119\u0107 akademickich z udzia\u0142em<\/p>\n","protected":false},"author":2,"featured_media":0,"parent":22,"menu_order":3,"comment_status":"closed","ping_status":"closed","template":"","meta":{"_acf_changed":false,"ngg_post_thumbnail":0,"footnotes":""},"class_list":["post-353","page","type-page","status-publish","hentry"],"acf":[],"_links":{"self":[{"href":"https:\/\/pb.edu.pl\/pbdostepna\/wp-json\/wp\/v2\/pages\/353","targetHints":{"allow":["GET"]}}],"collection":[{"href":"https:\/\/pb.edu.pl\/pbdostepna\/wp-json\/wp\/v2\/pages"}],"about":[{"href":"https:\/\/pb.edu.pl\/pbdostepna\/wp-json\/wp\/v2\/types\/page"}],"author":[{"embeddable":true,"href":"https:\/\/pb.edu.pl\/pbdostepna\/wp-json\/wp\/v2\/users\/2"}],"replies":[{"embeddable":true,"href":"https:\/\/pb.edu.pl\/pbdostepna\/wp-json\/wp\/v2\/comments?post=353"}],"version-history":[{"count":0,"href":"https:\/\/pb.edu.pl\/pbdostepna\/wp-json\/wp\/v2\/pages\/353\/revisions"}],"up":[{"embeddable":true,"href":"https:\/\/pb.edu.pl\/pbdostepna\/wp-json\/wp\/v2\/pages\/22"}],"wp:attachment":[{"href":"https:\/\/pb.edu.pl\/pbdostepna\/wp-json\/wp\/v2\/media?parent=353"}],"curies":[{"name":"wp","href":"https:\/\/api.w.org\/{rel}","templated":true}]}}