{"id":348,"date":"2021-08-31T22:55:57","date_gmt":"2021-08-31T20:55:57","guid":{"rendered":"https:\/\/pb.edu.pl\/pbdostepna\/?page_id=348"},"modified":"2021-09-22T11:12:29","modified_gmt":"2021-09-22T09:12:29","slug":"konsultacje-spektrum-autyzmu","status":"publish","type":"page","link":"https:\/\/pb.edu.pl\/pbdostepna\/pb-dostepna\/rekrutacja-na-szkolenia\/konsultacje-spektrum-autyzmu\/","title":{"rendered":"Konsultacje pt. Prowadzenie zaj\u0119\u0107 akademickich z udzia\u0142em os\u00f3b ze spektrum autyzmu"},"content":{"rendered":"<p><img loading=\"lazy\" decoding=\"async\" class=\"aligncenter size-full wp-image-53\" src=\"https:\/\/pb.edu.pl\/pbdostepna\/wp-content\/uploads\/sites\/46\/2020\/05\/FE_POWER_poziom_pl-jpg-scaled.jpg\" alt=\"Zestawienie znak\u00f3w: Fundusze Europejskie, Barwy Rzeczypospolitej Polski, Unia Europejska\" width=\"2560\" height=\"329\" srcset=\"https:\/\/pb.edu.pl\/pbdostepna\/wp-content\/uploads\/sites\/46\/2020\/05\/FE_POWER_poziom_pl-jpg-scaled.jpg 2560w, https:\/\/pb.edu.pl\/pbdostepna\/wp-content\/uploads\/sites\/46\/2020\/05\/FE_POWER_poziom_pl-jpg-300x39.jpg 300w, https:\/\/pb.edu.pl\/pbdostepna\/wp-content\/uploads\/sites\/46\/2020\/05\/FE_POWER_poziom_pl-jpg-1024x132.jpg 1024w, https:\/\/pb.edu.pl\/pbdostepna\/wp-content\/uploads\/sites\/46\/2020\/05\/FE_POWER_poziom_pl-jpg-768x99.jpg 768w, https:\/\/pb.edu.pl\/pbdostepna\/wp-content\/uploads\/sites\/46\/2020\/05\/FE_POWER_poziom_pl-jpg-1536x197.jpg 1536w, https:\/\/pb.edu.pl\/pbdostepna\/wp-content\/uploads\/sites\/46\/2020\/05\/FE_POWER_poziom_pl-jpg-2048x263.jpg 2048w\" sizes=\"auto, (max-width: 2560px) 100vw, 2560px\" \/><\/p>\n<p>Autyzm to enigmatyczne poj\u0119cie, wok\u00f3\u0142 kt\u00f3rego kr\u0105\u017cy wiele mit\u00f3w i stereotyp\u00f3w.<br \/>\nPodczas konsultacji dowiedz\u0105 si\u0119 Pa\u0144stwo: czym jest spektrum zaburze\u0144 autyzmu (ASD autism spectrum disorder), jak pracowa\u0107 i adaptowa\u0107 proces dydaktyczny os\u00f3b z ASD, poznaj\u0105 sposoby radzenia sobie z nietypowymi zachowaniami student\u00f3w ze spektrum autyzmu.<br \/>\n<strong><br \/>\nDarmowe godzinne konsultacje online odb\u0119d\u0105 si\u0119 w dniach:<\/strong><br \/>\n15.09. (\u015broda) w godzinach: 8:00-15:00;<br \/>\n20.09. (poniedzia\u0142ek) w godzinach: 8:30-9:30;<br \/>\n22.09. (\u015broda) w godzinach: 8:00-15:00;<br \/>\n29.09. (\u015broda) w godzinach: 8:00-15:00;<br \/>\n13.10. (\u015broda) w godzinach: 8:00-15:00.<\/p>\n<p>Ch\u0119tne osoby do uczestnictwa w konsultacjach prosimy o zg\u0142oszenia mailowe na adres: <i class=\"fa fa-envelope-o\"><\/i> <a href=\"#\" rel=\"nofollow\"  onclick=\"this.href='mailto:' + 'e.wroblewska' + '@' + 'pb.edu.pl'\">e.wroblewska [at] pb.edu.pl<\/a> w tytule podaj\u0105c Konsultacje Spektrum autyzmu, a w tre\u015bci maila dzie\u0144 i godzin\u0119 na jak\u0105 chc\u0105 si\u0119 Pa\u0144stwo zapisa\u0107.<\/p>\n<p>W razie pyta\u0144 dot. rejestracji i dost\u0119pnych godzin prosz\u0119 o kontakt z Pani\u0105 Emilia Wr\u00f3blewsk\u0105<i class=\"fa fa-phone\"><\/i> 85 746 91 42.<\/p>\n<p>Osoby, kt\u00f3re nie bra\u0142y jeszcze udzia\u0142u w szkoleniach lub konsultacjach w ramach projektu PB Dost\u0119pna, prosz\u0119 zapozna\u0107 si\u0119 z Regulaminem projektu:<br \/>\n<a title=\"Strona otworzy si\u0119 w nowym oknie.\" href=\"https:\/\/pb.edu.pl\/pbdostepna\/wp-content\/uploads\/sites\/46\/2020\/06\/Regulamin-uczestnictwa-w-projekcie-PB-Dost\u0119pna.pdf\" target=\"_blank\" rel=\"noopener\">Regulamin uczestnictwa w projekcie PB Dost\u0119pna<\/a><br \/>\noraz przed rozpocz\u0119ciem zaj\u0119\u0107 dostarczy\u0107 do Biura ds. Os\u00f3b z Niepe\u0142nosprawno\u015bciami (pok. 39C budynek Rektoratu) wype\u0142niony<br \/>\nformularz uczestnika &#8211; <a title=\"Strona otworzy si\u0119 w nowym oknie\" href=\"https:\/\/pb.edu.pl\/pbdostepna\/wp-content\/uploads\/sites\/46\/2021\/07\/Zalacznik-nr-2-do-Regulaminu-uczestnictwa-w-projekcie-PBD.docx\" target=\"_blank\" rel=\"noopener\">Za\u0142\u0105cznik nr 2 do Regulaminu uczestnictwa w projekcie PBD<\/a>.<\/p>\n","protected":false},"excerpt":{"rendered":"<p>Autyzm to enigmatyczne poj\u0119cie, wok\u00f3\u0142 kt\u00f3rego kr\u0105\u017cy wiele mit\u00f3w i stereotyp\u00f3w. Podczas konsultacji dowiedz\u0105 si\u0119<\/p>\n","protected":false},"author":2,"featured_media":0,"parent":22,"menu_order":3,"comment_status":"closed","ping_status":"closed","template":"","meta":{"_acf_changed":false,"ngg_post_thumbnail":0,"footnotes":""},"class_list":["post-348","page","type-page","status-publish","hentry"],"acf":[],"_links":{"self":[{"href":"https:\/\/pb.edu.pl\/pbdostepna\/wp-json\/wp\/v2\/pages\/348","targetHints":{"allow":["GET"]}}],"collection":[{"href":"https:\/\/pb.edu.pl\/pbdostepna\/wp-json\/wp\/v2\/pages"}],"about":[{"href":"https:\/\/pb.edu.pl\/pbdostepna\/wp-json\/wp\/v2\/types\/page"}],"author":[{"embeddable":true,"href":"https:\/\/pb.edu.pl\/pbdostepna\/wp-json\/wp\/v2\/users\/2"}],"replies":[{"embeddable":true,"href":"https:\/\/pb.edu.pl\/pbdostepna\/wp-json\/wp\/v2\/comments?post=348"}],"version-history":[{"count":0,"href":"https:\/\/pb.edu.pl\/pbdostepna\/wp-json\/wp\/v2\/pages\/348\/revisions"}],"up":[{"embeddable":true,"href":"https:\/\/pb.edu.pl\/pbdostepna\/wp-json\/wp\/v2\/pages\/22"}],"wp:attachment":[{"href":"https:\/\/pb.edu.pl\/pbdostepna\/wp-json\/wp\/v2\/media?parent=348"}],"curies":[{"name":"wp","href":"https:\/\/api.w.org\/{rel}","templated":true}]}}