{"id":31,"date":"2020-04-29T22:44:07","date_gmt":"2020-04-29T20:44:07","guid":{"rendered":"https:\/\/pb.edu.pl\/pbdostepna\/?page_id=31"},"modified":"2023-03-14T10:05:34","modified_gmt":"2023-03-14T09:05:34","slug":"zadania-2","status":"publish","type":"page","link":"https:\/\/pb.edu.pl\/pbdostepna\/pb-dostepna\/zadania-2\/","title":{"rendered":"Zadania"},"content":{"rendered":"<p><img loading=\"lazy\" decoding=\"async\" class=\"alignnone size-full wp-image-455\" src=\"https:\/\/pb.edu.pl\/pbdostepna\/wp-content\/uploads\/sites\/46\/2022\/10\/belka-POWER_pl.jpg\" alt=\"\" width=\"1871\" height=\"183\" srcset=\"https:\/\/pb.edu.pl\/pbdostepna\/wp-content\/uploads\/sites\/46\/2022\/10\/belka-POWER_pl.jpg 1871w, https:\/\/pb.edu.pl\/pbdostepna\/wp-content\/uploads\/sites\/46\/2022\/10\/belka-POWER_pl-300x29.jpg 300w, https:\/\/pb.edu.pl\/pbdostepna\/wp-content\/uploads\/sites\/46\/2022\/10\/belka-POWER_pl-1024x100.jpg 1024w, https:\/\/pb.edu.pl\/pbdostepna\/wp-content\/uploads\/sites\/46\/2022\/10\/belka-POWER_pl-768x75.jpg 768w, https:\/\/pb.edu.pl\/pbdostepna\/wp-content\/uploads\/sites\/46\/2022\/10\/belka-POWER_pl-1536x150.jpg 1536w\" sizes=\"auto, (max-width: 1871px) 100vw, 1871px\" \/><\/p>\n<p style=\"text-align: left\"><div class=\"panel-group\" id=\"custom-collapse-0\"><\/div>\n<div class=\"panel panel-default\">\n\t\t\t\t<div class=\"panel-heading\">\n\t\t\t\t\t<div class=\"panel-title\">\n\t\t\t\t\t\t<a class=\"collapsed h4\" data-toggle=\"collapse\" data-parent=\"#custom-collapse-0\" href=\"#custom-collapse-0-0\">Zadanie 1 - Zmiany organizacyjne<\/a>\n\t\t\t\t\t<\/div>\n\t\t\t\t<\/div>\n\t\t\t\t<div id=\"custom-collapse-0-0\" class=\"panel-collapse collapse\">\n\t\t\t\t\t<div class=\"panel-body\">\n<strong>W ramach zadania planuje si\u0119:<\/strong><\/p>\n<ul style=\"text-align: left\">\n<li>utworzenie w Uczelni Biura ds. Os\u00f3b Niepe\u0142nosprawnych (BON), w ramach kt\u00f3rego zostanie stworzony i wyposa\u017cony punkt odpowiedzialny za dostosowywania materia\u0142\u00f3w dydaktycznych do potrzeb os\u00f3b niepe\u0142nosprawnych, dostosowywania procedur, poprawy dost\u0119pno\u015bci, wprowadzenie w zapisach uczelnianych obowi\u0105zku rozpoznawania i likwidowania barier i zwi\u0119kszania dost\u0119pno\u015bci w ramach funkcjonowania Uczelni, w tym przygotowywaniu wniosk\u00f3w o projekty czy zakup\u00f3w sprz\u0119tu, a tak\u017ce monitorowanie i weryfikowanie tych\u017ce dzia\u0142a\u0144.<\/li>\n<li>wprowadzenie Opiekun\u00f3w ds. Os\u00f3b z Niepe\u0142nosprawno\u015bciami na Wydzia\u0142ach i Jednostkach PB;<\/li>\n<li>powo\u0142any zostanie Komitet ds. Dost\u0119pno\u015bci Uczelni.<\/li>\n<\/ul>\n<p style=\"text-align: left\"><\/div>\n\t\t\t\t<\/div>\n\t\t\t<\/div>\n<div class=\"panel panel-default\">\n\t\t\t\t<div class=\"panel-heading\">\n\t\t\t\t\t<div class=\"panel-title\">\n\t\t\t\t\t\t<a class=\"collapsed h4\" data-toggle=\"collapse\" data-parent=\"#custom-collapse-0\" href=\"#custom-collapse-0-1\">Zadanie 2 - Podnoszenie kompetencji mi\u0119kkich<\/a>\n\t\t\t\t\t<\/div>\n\t\t\t\t<\/div>\n\t\t\t\t<div id=\"custom-collapse-0-1\" class=\"panel-collapse collapse\">\n\t\t\t\t\t<div class=\"panel-body\">\n<strong>W ramach zadania planuje si\u0119:<\/strong><\/p>\n<ul style=\"text-align: left\">\n<li style=\"text-align: left\">realizacj\u0119 szkole\u0144 zamkni\u0119tych dla dedykowanych grup pracownik\u00f3w PB;<\/li>\n<li style=\"text-align: left\">realizacj\u0119 szkole\u0144 otwartych dla pracownik\u00f3w PB.<\/li>\n<\/ul>\n<p style=\"text-align: left\"><\/div>\n\t\t\t\t<\/div>\n\t\t\t<\/div>\n<div class=\"panel panel-default\">\n\t\t\t\t<div class=\"panel-heading\">\n\t\t\t\t\t<div class=\"panel-title\">\n\t\t\t\t\t\t<a class=\"collapsed h4\" data-toggle=\"collapse\" data-parent=\"#custom-collapse-0\" href=\"#custom-collapse-0-2\">Zadanie 3 - Dostosowanie Infrastruktury Uczelni do potrzeb OzN<\/a>\n\t\t\t\t\t<\/div>\n\t\t\t\t<\/div>\n\t\t\t\t<div id=\"custom-collapse-0-2\" class=\"panel-collapse collapse\">\n\t\t\t\t\t<div class=\"panel-body\">\n<strong>W ramach zadania planuje si\u0119:<\/strong><\/p>\n<ul style=\"text-align: left\">\n<li style=\"text-align: justify\">budow\u0119 min. 1 WC dla os\u00f3b z niepe\u0142nosprawno\u015bciami;<\/li>\n<li style=\"text-align: justify\">zwi\u0119kszenie ilo\u015bci stanowisk przystosowanych dla ON w Bibliotece PB;<\/li>\n<li style=\"text-align: justify\">zapewnienie 36 miejsc postojowych dla ON (wyznaczenie nowych i poprawa oznakowania istniej\u0105cych miejsc postojowych);<\/li>\n<li style=\"text-align: justify\">modernizacja ci\u0105g\u00f3w komunikacyjnych (chodnik\u00f3w, likwidacja stopni i schod\u00f3w, zapewnienie podjazd\u00f3w do wej\u015b\u0107 do obiekt\u00f3w);<\/li>\n<li style=\"text-align: justify\">automatyzacja min. 10 drzwi wej\u015bciowych do budynk\u00f3w PB (monta\u017c si\u0142ownik\u00f3w automatycznie otwieraj\u0105cych drzwi\/wymiana drzwi);<\/li>\n<li style=\"text-align: justify\">modernizacja\/wymiana mebli do obs\u0142ugi OzN (m.in, w dziekanatach, sekretariatach, bibliotece)<\/li>\n<li style=\"text-align: justify\">dostosowanie funkcjonalno\u015bci budynk\u00f3w (tj, m.in. monta\u017c\/modernizacj\u0119 min. 2 wind, przer\u00f3bki o\u015bwietlenia na w\u0142\u0105czane automatycznie);<\/li>\n<li style=\"text-align: justify\">poprawa oznakowania pomieszcze\u0144 i budynk\u00f3w (np. w alfabecie Braille&#8217;a, plany tyflograficzne);<\/li>\n<li style=\"text-align: justify\">doposa\u017cenie sal w niezb\u0119dny dla OzN sprz\u0119t (minimum jedna przeno\u015bna p\u0119tla induktofoniczna na ka\u017cdym wydziale i SJO, rzutniki\/ telewizory o du\u017cych ekranach);<\/li>\n<li style=\"text-align: justify\">doposa\u017cenie Uczelnianej Wypo\u017cyczalni Sprz\u0119tu dla OzN;<\/li>\n<li>przygotowanie dokumentacji projektowej dot. likwidacji barier architektonicznej kampusu PB;<\/li>\n<li style=\"text-align: justify\">zakup oprogramowania na potrzeby OzN;<\/li>\n<li style=\"text-align: justify\">dostosowanie stron internetowych, serwis\u00f3w, aplikacji do standardu WCAG 2.0.<\/li>\n<\/ul>\n<p style=\"text-align: left\"><\/div>\n\t\t\t\t<\/div>\n\t\t\t<\/div>\n<div class=\"panel panel-default\">\n\t\t\t\t<div class=\"panel-heading\">\n\t\t\t\t\t<div class=\"panel-title\">\n\t\t\t\t\t\t<a class=\"collapsed h4\" data-toggle=\"collapse\" data-parent=\"#custom-collapse-0\" href=\"#custom-collapse-0-3\">Zadanie 4 - Zwi\u0119kszenie mo\u017cliwo\u015bci wsparcia os\u00f3b niepe\u0142nosprawnych<\/a>\n\t\t\t\t\t<\/div>\n\t\t\t\t<\/div>\n\t\t\t\t<div id=\"custom-collapse-0-3\" class=\"panel-collapse collapse\">\n\t\t\t\t\t<div class=\"panel-body\">\n<strong>W ramach zadania planuje si\u0119:<\/strong><\/p>\n<ul style=\"text-align: left\">\n<li style=\"text-align: justify\">zakup dost\u0119pu do bazy materia\u0142\u00f3w dostosowanych do potrzeb OzN;<\/li>\n<li style=\"text-align: justify\">utworzenie Punktu Wsparcia OzN sk\u0142adaj\u0105cego si\u0119 z doradcy zawodowego i punktu wsparcia psychologicznego;<\/li>\n<li style=\"text-align: justify\">zakup kurs\u00f3w e-learningowych na potrzeby podnoszenia \u015bwiadomo\u015bci w tematyce OzN;<\/li>\n<li style=\"text-align: justify\">rozbudowa funkcjonalno\u015bci aplikacji Zonifero;<\/li>\n<li>realizacja Pilota\u017cowego Programu Profilaktyki Zdrowia Psychicznego na PB;<\/li>\n<li>organizacja Dnia Zdrowia Psychicznego PB.<\/li>\n<\/ul>\n<p style=\"text-align: left\"><\/div>\n\t\t\t\t<\/div>\n\t\t\t<\/div>\n","protected":false},"excerpt":{"rendered":"","protected":false},"author":2,"featured_media":0,"parent":11,"menu_order":4,"comment_status":"closed","ping_status":"closed","template":"","meta":{"_acf_changed":false,"ngg_post_thumbnail":0,"footnotes":""},"class_list":["post-31","page","type-page","status-publish","hentry"],"acf":[],"_links":{"self":[{"href":"https:\/\/pb.edu.pl\/pbdostepna\/wp-json\/wp\/v2\/pages\/31","targetHints":{"allow":["GET"]}}],"collection":[{"href":"https:\/\/pb.edu.pl\/pbdostepna\/wp-json\/wp\/v2\/pages"}],"about":[{"href":"https:\/\/pb.edu.pl\/pbdostepna\/wp-json\/wp\/v2\/types\/page"}],"author":[{"embeddable":true,"href":"https:\/\/pb.edu.pl\/pbdostepna\/wp-json\/wp\/v2\/users\/2"}],"replies":[{"embeddable":true,"href":"https:\/\/pb.edu.pl\/pbdostepna\/wp-json\/wp\/v2\/comments?post=31"}],"version-history":[{"count":0,"href":"https:\/\/pb.edu.pl\/pbdostepna\/wp-json\/wp\/v2\/pages\/31\/revisions"}],"up":[{"embeddable":true,"href":"https:\/\/pb.edu.pl\/pbdostepna\/wp-json\/wp\/v2\/pages\/11"}],"wp:attachment":[{"href":"https:\/\/pb.edu.pl\/pbdostepna\/wp-json\/wp\/v2\/media?parent=31"}],"curies":[{"name":"wp","href":"https:\/\/api.w.org\/{rel}","templated":true}]}}