{"id":29,"date":"2020-04-29T22:43:36","date_gmt":"2020-04-29T20:43:36","guid":{"rendered":"https:\/\/pb.edu.pl\/pbdostepna\/?page_id=29"},"modified":"2023-08-23T08:00:40","modified_gmt":"2023-08-23T06:00:40","slug":"o-projekcie-2","status":"publish","type":"page","link":"https:\/\/pb.edu.pl\/pbdostepna\/pb-dostepna\/o-projekcie-2\/","title":{"rendered":"O projekcie"},"content":{"rendered":"<p><img loading=\"lazy\" decoding=\"async\" class=\"aligncenter size-full wp-image-455\" src=\"https:\/\/pb.edu.pl\/pbdostepna\/wp-content\/uploads\/sites\/46\/2022\/10\/belka-POWER_pl.jpg\" alt=\"\" width=\"1871\" height=\"183\" srcset=\"https:\/\/pb.edu.pl\/pbdostepna\/wp-content\/uploads\/sites\/46\/2022\/10\/belka-POWER_pl.jpg 1871w, https:\/\/pb.edu.pl\/pbdostepna\/wp-content\/uploads\/sites\/46\/2022\/10\/belka-POWER_pl-300x29.jpg 300w, https:\/\/pb.edu.pl\/pbdostepna\/wp-content\/uploads\/sites\/46\/2022\/10\/belka-POWER_pl-1024x100.jpg 1024w, https:\/\/pb.edu.pl\/pbdostepna\/wp-content\/uploads\/sites\/46\/2022\/10\/belka-POWER_pl-768x75.jpg 768w, https:\/\/pb.edu.pl\/pbdostepna\/wp-content\/uploads\/sites\/46\/2022\/10\/belka-POWER_pl-1536x150.jpg 1536w\" sizes=\"auto, (max-width: 1871px) 100vw, 1871px\" \/><\/p>\n<h2>Projekt \u201ePB Dost\u0119pna\u201d jest wsp\u00f3\u0142finansowany przez Uni\u0119 Europejsk\u0105 w ramach Europejskiego Funduszu Spo\u0142ecznego, Program Operacyjny Wiedza Edukacja Rozw\u00f3j, O\u015b Priorytetowa III. Szkolnictwo wy\u017csze dla gospodarki i rozwoju, Dzia\u0142anie 3.5 Kompleksowe programy szk\u00f3\u0142 wy\u017cszych, realizowany jest w partnerstwie z Podlaskim Sejmikiem Os\u00f3b z Niepe\u0142nosprawno\u015bciami.<\/h2>\n<p>Celem projektu jest wzrost dost\u0119pno\u015bci Politechniki Bia\u0142ostockiej dla os\u00f3b z niepe\u0142nosprawno\u015bciami w sze\u015bciu kluczowych obszarach, kt\u00f3ry zostanie osi\u0105gni\u0119ty przez wprowadzenie modyfikacji procedur kszta\u0142cenia na poziomie wy\u017cszym, popraw\u0119 dost\u0119pno\u015bci komunikacyjnej i architektonicznej, dostosowanie administrowanych stron internetowych i narz\u0119dzi informatycznych do potrzeb student\u00f3w z niepe\u0142nosprawno\u015bciami i podniesienie kompetencji kadry uczelni w zakresie dost\u0119pno\u015bci.&nbsp;<\/p>\n<h3><strong>W ramach projektu zaplanowano:<\/strong><\/h3>\n<ul>\n<li style=\"text-align: justify\">Utworzenie w Uczelni Biura Os\u00f3b Niepe\u0142nosprawnych<\/li>\n<li style=\"text-align: justify\">Dostosowanie procedur Uczelni pod wzgl\u0119dem dost\u0119pno\u015bci dla OzN<\/li>\n<li style=\"text-align: justify\">Dostosowanie struktur organizacyjnych PB<\/li>\n<li style=\"text-align: justify\">Realizacj\u0119 dzia\u0142a\u0144 u\u015bwiadamiaj\u0105cych i specjalistycznych (szkolenia dla pracownik\u00f3w)<\/li>\n<li style=\"text-align: justify\">Likwidacj\u0119 barier architektonicznych i cyfrowych<\/li>\n<li style=\"text-align: justify\">Zwi\u0119kszenie mo\u017cliwo\u015bci wsparcia os\u00f3b niepe\u0142nosprawnych poprzez doposa\u017cenie pomieszcze\u0144 uczelni w brakuj\u0105cy sprz\u0119t<\/li>\n<li style=\"text-align: justify\">Doposa\u017cenie uczelnianej wypo\u017cyczalni sprz\u0119tu specjalistycznego<\/li>\n<li style=\"text-align: justify\">Zakup dost\u0119pu do bazy ABC<\/li>\n<li style=\"text-align: justify\">Utworzenie Punktu Wsparcia OzN<\/li>\n<li style=\"text-align: justify\">Zakup kurs\u00f3w e-learningowych na potrzeby OzN<\/li>\n<li style=\"text-align: justify\">Rozbudowa funkcjonalno\u015bci aplikacji Zonifero<\/li>\n<li>Opracowanie Pilota\u017cowego systemu oznakowania budynk\u00f3w dla os\u00f3b niedowidz\u0105cych &#8211; tabliczki 3D przy klamkach + plany tyflograficzne<\/li>\n<li>Realizacja Pilota\u017cowego Programu Profilaktyki Zdrowia Psychicznego na PB<\/li>\n<li>Organizacja Dnia Zdrowia Psychicznego PB<\/li>\n<\/ul>\n<h3><strong>Okres realizacji:<\/strong> 15 stycznia 2020 r. \u2013 31 grudnia 2023 r.&nbsp;<\/h3>\n<h3><strong>Warto\u015b\u0107 projektu:<\/strong>&nbsp;3 999 905,39 z\u0142, w tym dofinansowanie w wysoko\u015bci 3 879 845,39 z\u0142<\/h3>\n","protected":false},"excerpt":{"rendered":"<p>Projekt \u201ePB Dost\u0119pna\u201d jest wsp\u00f3\u0142finansowany przez Uni\u0119 Europejsk\u0105 w ramach Europejskiego Funduszu Spo\u0142ecznego, Program Operacyjny<\/p>\n","protected":false},"author":2,"featured_media":0,"parent":11,"menu_order":3,"comment_status":"closed","ping_status":"closed","template":"","meta":{"_acf_changed":false,"ngg_post_thumbnail":0,"footnotes":""},"class_list":["post-29","page","type-page","status-publish","hentry"],"acf":[],"_links":{"self":[{"href":"https:\/\/pb.edu.pl\/pbdostepna\/wp-json\/wp\/v2\/pages\/29","targetHints":{"allow":["GET"]}}],"collection":[{"href":"https:\/\/pb.edu.pl\/pbdostepna\/wp-json\/wp\/v2\/pages"}],"about":[{"href":"https:\/\/pb.edu.pl\/pbdostepna\/wp-json\/wp\/v2\/types\/page"}],"author":[{"embeddable":true,"href":"https:\/\/pb.edu.pl\/pbdostepna\/wp-json\/wp\/v2\/users\/2"}],"replies":[{"embeddable":true,"href":"https:\/\/pb.edu.pl\/pbdostepna\/wp-json\/wp\/v2\/comments?post=29"}],"version-history":[{"count":0,"href":"https:\/\/pb.edu.pl\/pbdostepna\/wp-json\/wp\/v2\/pages\/29\/revisions"}],"up":[{"embeddable":true,"href":"https:\/\/pb.edu.pl\/pbdostepna\/wp-json\/wp\/v2\/pages\/11"}],"wp:attachment":[{"href":"https:\/\/pb.edu.pl\/pbdostepna\/wp-json\/wp\/v2\/media?parent=29"}],"curies":[{"name":"wp","href":"https:\/\/api.w.org\/{rel}","templated":true}]}}