{"id":25,"date":"2020-04-29T22:41:57","date_gmt":"2020-04-29T20:41:57","guid":{"rendered":"https:\/\/pb.edu.pl\/pbdostepna\/?page_id=25"},"modified":"2022-10-05T16:01:53","modified_gmt":"2022-10-05T14:01:53","slug":"aktualnosci-2","status":"publish","type":"page","link":"https:\/\/pb.edu.pl\/pbdostepna\/pb-dostepna\/aktualnosci-2\/","title":{"rendered":"Aktualno\u015bci"},"content":{"rendered":"<p><img loading=\"lazy\" decoding=\"async\" class=\"alignnone size-full wp-image-455\" src=\"https:\/\/pb.edu.pl\/pbdostepna\/wp-content\/uploads\/sites\/46\/2022\/10\/belka-POWER_pl.jpg\" alt=\"\" width=\"1871\" height=\"183\" srcset=\"https:\/\/pb.edu.pl\/pbdostepna\/wp-content\/uploads\/sites\/46\/2022\/10\/belka-POWER_pl.jpg 1871w, https:\/\/pb.edu.pl\/pbdostepna\/wp-content\/uploads\/sites\/46\/2022\/10\/belka-POWER_pl-300x29.jpg 300w, https:\/\/pb.edu.pl\/pbdostepna\/wp-content\/uploads\/sites\/46\/2022\/10\/belka-POWER_pl-1024x100.jpg 1024w, https:\/\/pb.edu.pl\/pbdostepna\/wp-content\/uploads\/sites\/46\/2022\/10\/belka-POWER_pl-768x75.jpg 768w, https:\/\/pb.edu.pl\/pbdostepna\/wp-content\/uploads\/sites\/46\/2022\/10\/belka-POWER_pl-1536x150.jpg 1536w\" sizes=\"auto, (max-width: 1871px) 100vw, 1871px\" \/><\/p>\n\t\t<div class=\"box news-box \">\n\t\t<div class=\"row\">\n\t\t\t\n\t\t\t\n\t\t\t\t\n\t\t\t\t\t\t\t\t\t\t<div class=\"col-sm-3\">\n\t\t\t\t\t\t\t\n<article class=\"format-standard\">\n    <span class=\"date text-right\"><i class=\"fal fa-calendar-alt\"><\/i> 16-11-2021<\/span>\n    <a href=\"https:\/\/pb.edu.pl\/pbdostepna\/2021\/11\/16\/praca-zawodowa-a-renta-socjalna\/\">\n      <div class=\"article-image\">\n        <img loading=\"lazy\" decoding=\"async\" width=\"480\" height=\"290\" src=\"https:\/\/pb.edu.pl\/pbdostepna\/wp-content\/uploads\/sites\/46\/2020\/09\/2020_dostepna_PB_Doradca_zawodowy_OzN.jpg\" class=\"attachment-medium-image-16x10 size-medium-image-16x10 wp-post-image\" alt=\"\" srcset=\"https:\/\/pb.edu.pl\/pbdostepna\/wp-content\/uploads\/sites\/46\/2020\/09\/2020_dostepna_PB_Doradca_zawodowy_OzN.jpg 600w, https:\/\/pb.edu.pl\/pbdostepna\/wp-content\/uploads\/sites\/46\/2020\/09\/2020_dostepna_PB_Doradca_zawodowy_OzN-300x182.jpg 300w\" sizes=\"auto, (max-width: 480px) 100vw, 480px\" \/>      <\/div>\n      <h3>Praca zawodowa a renta socjalna<\/h3>\n      Posiadasz rent\u0119 socjaln\u0105 i masz obawy dotycz\u0105ce utraty \u015bwiadcze\u0144 po podj\u0119ciu    <\/a>\n<\/article>\t\t\t\t\t\t<\/div>\n\t\t\t\t\t\t\t\t\t\t\t<div class=\"col-sm-3\">\n\t\t\t\t\t\t\t\n<article class=\"format-standard\">\n    <span class=\"date text-right\"><i class=\"fal fa-calendar-alt\"><\/i> 02-07-2021<\/span>\n    <a href=\"https:\/\/pb.edu.pl\/pbdostepna\/2021\/07\/02\/konsultacje-kryzys-psychiczny\/\">\n      <div class=\"article-image\">\n        <img loading=\"lazy\" decoding=\"async\" width=\"480\" height=\"290\" src=\"https:\/\/pb.edu.pl\/pbdostepna\/wp-content\/uploads\/sites\/46\/2020\/09\/2020_dostepna_PB_Szkolenia_v1.jpg\" class=\"attachment-medium-image-16x10 size-medium-image-16x10 wp-post-image\" alt=\"\" srcset=\"https:\/\/pb.edu.pl\/pbdostepna\/wp-content\/uploads\/sites\/46\/2020\/09\/2020_dostepna_PB_Szkolenia_v1.jpg 600w, https:\/\/pb.edu.pl\/pbdostepna\/wp-content\/uploads\/sites\/46\/2020\/09\/2020_dostepna_PB_Szkolenia_v1-300x182.jpg 300w\" sizes=\"auto, (max-width: 480px) 100vw, 480px\" \/>      <\/div>\n      <h3>Konsultacje Kryzys psychiczny<\/h3>\n      Zapraszamy pracownik\u00f3w dydaktycznych do wzi\u0119cia udzia\u0142u w bezp\u0142atnych konsultacjach dotycz\u0105cych&nbsp;Prowadzenia zaj\u0119\u0107    <\/a>\n<\/article>\t\t\t\t\t\t<\/div>\n\t\t\t\t\t\t\t\t\t\t\t<div class=\"col-sm-3\">\n\t\t\t\t\t\t\t\n<article class=\"format-standard\">\n    <span class=\"date text-right\"><i class=\"fal fa-calendar-alt\"><\/i> 02-07-2021<\/span>\n    <a href=\"https:\/\/pb.edu.pl\/pbdostepna\/2021\/07\/02\/uwaga-zmiana-godzin-i-formy-dyzuru-psychologa-w-dniu-06-lipca-2021-r\/\">\n      <div class=\"article-image\">\n        <img loading=\"lazy\" decoding=\"async\" width=\"480\" height=\"290\" src=\"https:\/\/pb.edu.pl\/pbdostepna\/wp-content\/uploads\/sites\/46\/2020\/04\/aktualnosci.png\" class=\"attachment-medium-image-16x10 size-medium-image-16x10 wp-post-image\" alt=\"\" srcset=\"https:\/\/pb.edu.pl\/pbdostepna\/wp-content\/uploads\/sites\/46\/2020\/04\/aktualnosci.png 600w, https:\/\/pb.edu.pl\/pbdostepna\/wp-content\/uploads\/sites\/46\/2020\/04\/aktualnosci-300x182.png 300w\" sizes=\"auto, (max-width: 480px) 100vw, 480px\" \/>      <\/div>\n      <h3>Uwaga, zmiana godzin i formy dy\u017curu psychologa w dniu 06 lipca 2021 r.<\/h3>\n      Uwaga, zmiana godzin i formy dy\u017curu psychologa w dniu 6 lipca    <\/a>\n<\/article>\t\t\t\t\t\t<\/div>\n\t\t\t\t\t\t\t\t\t\t\t<div class=\"col-sm-3\">\n\t\t\t\t\t\t\t\n<article class=\"format-standard\">\n    <span class=\"date text-right\"><i class=\"fal fa-calendar-alt\"><\/i> 09-06-2021<\/span>\n    <a href=\"https:\/\/pb.edu.pl\/pbdostepna\/2021\/06\/09\/uwaga-zmiana-godzin-i-formy-dyzuru-psychologa-w-dniu-10-czerwca-2021\/\">\n      <div class=\"article-image\">\n        <img loading=\"lazy\" decoding=\"async\" width=\"480\" height=\"290\" src=\"https:\/\/pb.edu.pl\/pbdostepna\/wp-content\/uploads\/sites\/46\/2020\/04\/aktualnosci.png\" class=\"attachment-medium-image-16x10 size-medium-image-16x10 wp-post-image\" alt=\"\" srcset=\"https:\/\/pb.edu.pl\/pbdostepna\/wp-content\/uploads\/sites\/46\/2020\/04\/aktualnosci.png 600w, https:\/\/pb.edu.pl\/pbdostepna\/wp-content\/uploads\/sites\/46\/2020\/04\/aktualnosci-300x182.png 300w\" sizes=\"auto, (max-width: 480px) 100vw, 480px\" \/>      <\/div>\n      <h3>Uwaga zmiana godzin i formy dy\u017curu psychologa w dniu 10 czerwca 2021<\/h3>\n      Uwaga, zmiana godzin i formy dy\u017curu psychologa w dniu 10 czerwca    <\/a>\n<\/article>\t\t\t\t\t\t<\/div>\n\t\t\t\t\t\t\t\t\t\t\t<div class=\"col-sm-3\">\n\t\t\t\t\t\t\t\n<article class=\"format-standard\">\n    <span class=\"date text-right\"><i class=\"fal fa-calendar-alt\"><\/i> 19-05-2021<\/span>\n    <a href=\"https:\/\/pb.edu.pl\/pbdostepna\/2021\/05\/19\/uwaga-zmiana-godzin-i-formy-dyzuru-psychologa-w-dniu-20-maja-2021\/\">\n      <div class=\"article-image\">\n        <img loading=\"lazy\" decoding=\"async\" width=\"480\" height=\"290\" src=\"https:\/\/pb.edu.pl\/pbdostepna\/wp-content\/uploads\/sites\/46\/2020\/04\/aktualnosci.png\" class=\"attachment-medium-image-16x10 size-medium-image-16x10 wp-post-image\" alt=\"\" srcset=\"https:\/\/pb.edu.pl\/pbdostepna\/wp-content\/uploads\/sites\/46\/2020\/04\/aktualnosci.png 600w, https:\/\/pb.edu.pl\/pbdostepna\/wp-content\/uploads\/sites\/46\/2020\/04\/aktualnosci-300x182.png 300w\" sizes=\"auto, (max-width: 480px) 100vw, 480px\" \/>      <\/div>\n      <h3>Uwaga zmiana godzin i formy dy\u017curu psychologa w dniu 20 maja 2021<\/h3>\n      Uwaga, zmiana godzin i formy dy\u017curu psychologa w dniu 20 maja    <\/a>\n<\/article>\t\t\t\t\t\t<\/div>\n\t\t\t\t\t\t\t\t\t\t\t<div class=\"col-sm-3\">\n\t\t\t\t\t\t\t\n<article class=\"format-standard\">\n    <span class=\"date text-right\"><i class=\"fal fa-calendar-alt\"><\/i> 13-05-2021<\/span>\n    <a href=\"https:\/\/pb.edu.pl\/pbdostepna\/2021\/05\/13\/webinar-gra-o-kariere-z-asem-studenci-z-niepelnosprawnosciami-startuja-na-rynku-pracy\/\">\n      <div class=\"article-image\">\n              <\/div>\n      <h3>Webinar: Gra o karier\u0119 z asem. Studenci z niepe\u0142nosprawno\u015bciami startuj\u0105 na rynku pracy<\/h3>\n      Zapraszamy do udzia\u0142u webinarze Gra o karier\u0119 z asem. Studenci z    <\/a>\n<\/article>\t\t\t\t\t\t<\/div>\n\t\t\t\t\t\t\t\t\t\t\t<div class=\"col-sm-3\">\n\t\t\t\t\t\t\t\n<article class=\"format-standard\">\n    <span class=\"date text-right\"><i class=\"fal fa-calendar-alt\"><\/i> 30-03-2021<\/span>\n    <a href=\"https:\/\/pb.edu.pl\/pbdostepna\/2021\/03\/30\/waznosc-orzeczen-o-niepelnosprawnosci-oraz-orzeczen-o-stopniu-niepelnosprawnosci\/\">\n      <div class=\"article-image\">\n        <img loading=\"lazy\" decoding=\"async\" width=\"480\" height=\"290\" src=\"https:\/\/pb.edu.pl\/pbdostepna\/wp-content\/uploads\/sites\/46\/2020\/09\/2020_dostepna_PB_Doradca_zawodowy_OzN.jpg\" class=\"attachment-medium-image-16x10 size-medium-image-16x10 wp-post-image\" alt=\"\" srcset=\"https:\/\/pb.edu.pl\/pbdostepna\/wp-content\/uploads\/sites\/46\/2020\/09\/2020_dostepna_PB_Doradca_zawodowy_OzN.jpg 600w, https:\/\/pb.edu.pl\/pbdostepna\/wp-content\/uploads\/sites\/46\/2020\/09\/2020_dostepna_PB_Doradca_zawodowy_OzN-300x182.jpg 300w\" sizes=\"auto, (max-width: 480px) 100vw, 480px\" \/>      <\/div>\n      <h3>Wa\u017cno\u015b\u0107 orzecze\u0144 o niepe\u0142nosprawno\u015bci oraz orzecze\u0144 o stopniu niepe\u0142nosprawno\u015bci<\/h3>\n      Wa\u017cno\u015b\u0107 orzecze\u0144 o niepe\u0142nosprawno\u015bci oraz orzecze\u0144 o stopniu niepe\u0142nosprawno\u015bci, wydanych na    <\/a>\n<\/article>\t\t\t\t\t\t<\/div>\n\t\t\t\t\t\t\t\t\t\t\t<div class=\"col-sm-3\">\n\t\t\t\t\t\t\t\n<article class=\"format-standard\">\n    <span class=\"date text-right\"><i class=\"fal fa-calendar-alt\"><\/i> 23-02-2021<\/span>\n    <a href=\"https:\/\/pb.edu.pl\/pbdostepna\/2021\/02\/23\/rpk-bialystok\/\">\n      <div class=\"article-image\">\n              <\/div>\n      <h3>RPK Bia\u0142ystok<\/h3>\n      Regionalny Punkt Kontaktowy Program\u00f3w Badawczych UE w Politechnice Bia\u0142ostockiej rozpocz\u0105\u0142 funkcjonowanie    <\/a>\n<\/article>\t\t\t\t\t\t<\/div>\n\t\t\t\t\t\t\t\t\t\t\t<div class=\"col-sm-3\">\n\t\t\t\t\t\t\t\n<article class=\"format-standard\">\n    <span class=\"date text-right\"><i class=\"fal fa-calendar-alt\"><\/i> 10-02-2021<\/span>\n    <a href=\"https:\/\/pb.edu.pl\/pbdostepna\/2021\/02\/10\/czy-posiadajac-orzeczenie-z-tytulu-niezdolnosci-do-pracy-mozna-pracowac\/\">\n      <div class=\"article-image\">\n        <img loading=\"lazy\" decoding=\"async\" width=\"480\" height=\"290\" src=\"https:\/\/pb.edu.pl\/pbdostepna\/wp-content\/uploads\/sites\/46\/2020\/09\/2020_dostepna_PB_Doradca_zawodowy_OzN.jpg\" class=\"attachment-medium-image-16x10 size-medium-image-16x10 wp-post-image\" alt=\"\" srcset=\"https:\/\/pb.edu.pl\/pbdostepna\/wp-content\/uploads\/sites\/46\/2020\/09\/2020_dostepna_PB_Doradca_zawodowy_OzN.jpg 600w, https:\/\/pb.edu.pl\/pbdostepna\/wp-content\/uploads\/sites\/46\/2020\/09\/2020_dostepna_PB_Doradca_zawodowy_OzN-300x182.jpg 300w\" sizes=\"auto, (max-width: 480px) 100vw, 480px\" \/>      <\/div>\n      <h3>Czy posiadaj\u0105c orzeczenie z tytu\u0142u niezdolno\u015bci do pracy mo\u017cna pracowa\u0107?<\/h3>\n      Orzeczenia ZUS brzmi\u0105ce \u201e(\u2026)niezdolny dla pracy(\u2026)\u201d nie oznaczaj\u0105 braku mo\u017cliwo\u015bci podj\u0119cia    <\/a>\n<\/article>\t\t\t\t\t\t<\/div>\n\t\t\t\t\t\t\t\t\t\t\t<div class=\"col-sm-3\">\n\t\t\t\t\t\t\t\n<article class=\"format-standard\">\n    <span class=\"date text-right\"><i class=\"fal fa-calendar-alt\"><\/i> 25-01-2021<\/span>\n    <a href=\"https:\/\/pb.edu.pl\/pbdostepna\/2021\/01\/25\/uprawnienia-pracownicze-osoby-z-niepelnosprawnoscia\/\">\n      <div class=\"article-image\">\n        <img loading=\"lazy\" decoding=\"async\" width=\"480\" height=\"290\" src=\"https:\/\/pb.edu.pl\/pbdostepna\/wp-content\/uploads\/sites\/46\/2020\/09\/2020_dostepna_PB_Doradca_zawodowy_OzN.jpg\" class=\"attachment-medium-image-16x10 size-medium-image-16x10 wp-post-image\" alt=\"\" srcset=\"https:\/\/pb.edu.pl\/pbdostepna\/wp-content\/uploads\/sites\/46\/2020\/09\/2020_dostepna_PB_Doradca_zawodowy_OzN.jpg 600w, https:\/\/pb.edu.pl\/pbdostepna\/wp-content\/uploads\/sites\/46\/2020\/09\/2020_dostepna_PB_Doradca_zawodowy_OzN-300x182.jpg 300w\" sizes=\"auto, (max-width: 480px) 100vw, 480px\" \/>      <\/div>\n      <h3>Uprawnienia pracownicze osoby z niepe\u0142nosprawno\u015bci\u0105<\/h3>\n      Praca lub inna aktywno\u015b\u0107 zawodowa jest niezwykle wa\u017cnym aspektem \u017cycia. Poza    <\/a>\n<\/article>\t\t\t\t\t\t<\/div>\n\t\t\t\t\t\n\t\t\t\t\n\t\t\t\t\t<\/div>\n\t\t\n\t<nav class=\"navigation pagination\" aria-label=\"Stronicowanie wpis\u00f3w\">\n\t\t<h2 class=\"screen-reader-text\">Stronicowanie wpis\u00f3w<\/h2>\n\t\t<div class=\"nav-links\"><span aria-current=\"page\" class=\"page-numbers current\">1<\/span>\n<a class=\"page-numbers\" href=\"https:\/\/pb.edu.pl\/pbdostepna\/wp-json\/wp\/v2\/pages\/25\/page\/2\/\">2<\/a>\n<a class=\"next page-numbers\" href=\"https:\/\/pb.edu.pl\/pbdostepna\/wp-json\/wp\/v2\/pages\/25\/page\/2\/\">Nast\u0119pne<\/a><\/div>\n\t<\/nav>\t\t\t<\/div>\n\n","protected":false},"excerpt":{"rendered":"","protected":false},"author":2,"featured_media":0,"parent":11,"menu_order":1,"comment_status":"closed","ping_status":"closed","template":"","meta":{"_acf_changed":false,"ngg_post_thumbnail":0,"footnotes":""},"class_list":["post-25","page","type-page","status-publish","hentry"],"acf":[],"_links":{"self":[{"href":"https:\/\/pb.edu.pl\/pbdostepna\/wp-json\/wp\/v2\/pages\/25","targetHints":{"allow":["GET"]}}],"collection":[{"href":"https:\/\/pb.edu.pl\/pbdostepna\/wp-json\/wp\/v2\/pages"}],"about":[{"href":"https:\/\/pb.edu.pl\/pbdostepna\/wp-json\/wp\/v2\/types\/page"}],"author":[{"embeddable":true,"href":"https:\/\/pb.edu.pl\/pbdostepna\/wp-json\/wp\/v2\/users\/2"}],"replies":[{"embeddable":true,"href":"https:\/\/pb.edu.pl\/pbdostepna\/wp-json\/wp\/v2\/comments?post=25"}],"version-history":[{"count":0,"href":"https:\/\/pb.edu.pl\/pbdostepna\/wp-json\/wp\/v2\/pages\/25\/revisions"}],"up":[{"embeddable":true,"href":"https:\/\/pb.edu.pl\/pbdostepna\/wp-json\/wp\/v2\/pages\/11"}],"wp:attachment":[{"href":"https:\/\/pb.edu.pl\/pbdostepna\/wp-json\/wp\/v2\/media?parent=25"}],"curies":[{"name":"wp","href":"https:\/\/api.w.org\/{rel}","templated":true}]}}