{"id":22,"date":"2020-04-29T22:33:45","date_gmt":"2020-04-29T20:33:45","guid":{"rendered":"https:\/\/pb.edu.pl\/pbdostepna\/?page_id=22"},"modified":"2023-06-01T19:28:33","modified_gmt":"2023-06-01T17:28:33","slug":"rekrutacja-na-szkolenia","status":"publish","type":"page","link":"https:\/\/pb.edu.pl\/pbdostepna\/pb-dostepna\/rekrutacja-na-szkolenia\/","title":{"rendered":"Rekrutacja na szkolenia i konsultacje"},"content":{"rendered":"<p><img loading=\"lazy\" decoding=\"async\" class=\"alignnone size-full wp-image-455\" src=\"https:\/\/pb.edu.pl\/pbdostepna\/wp-content\/uploads\/sites\/46\/2022\/10\/belka-POWER_pl.jpg\" alt=\"\" width=\"1871\" height=\"183\" srcset=\"https:\/\/pb.edu.pl\/pbdostepna\/wp-content\/uploads\/sites\/46\/2022\/10\/belka-POWER_pl.jpg 1871w, https:\/\/pb.edu.pl\/pbdostepna\/wp-content\/uploads\/sites\/46\/2022\/10\/belka-POWER_pl-300x29.jpg 300w, https:\/\/pb.edu.pl\/pbdostepna\/wp-content\/uploads\/sites\/46\/2022\/10\/belka-POWER_pl-1024x100.jpg 1024w, https:\/\/pb.edu.pl\/pbdostepna\/wp-content\/uploads\/sites\/46\/2022\/10\/belka-POWER_pl-768x75.jpg 768w, https:\/\/pb.edu.pl\/pbdostepna\/wp-content\/uploads\/sites\/46\/2022\/10\/belka-POWER_pl-1536x150.jpg 1536w\" sizes=\"auto, (max-width: 1871px) 100vw, 1871px\" \/><\/p>\n<div class=\"panel-group\" id=\"custom-collapse-0\">\n<div class=\"panel panel-default\">\n\t\t\t\t<div class=\"panel-heading\">\n\t\t\t\t\t<div class=\"panel-title\">\n\t\t\t\t\t\t<a class=\"collapsed h4\" data-toggle=\"collapse\" data-parent=\"#custom-collapse-0\" href=\"#custom-collapse-0-0\">Szkolenie pt. Prowadzenie zaj\u0119\u0107 akademickich z udzia\u0142em os\u00f3b ze spektrum autyzmu<\/a>\n\t\t\t\t\t<\/div>\n\t\t\t\t<\/div>\n\t\t\t\t<div id=\"custom-collapse-0-0\" class=\"panel-collapse collapse\">\n\t\t\t\t\t<div class=\"panel-body\">\nSzkolenie dedykowane pracownikom Uczelni b\u0119d\u0105cymi nauczycielami i jest organizowane w ramach projektu \u201ePB Dost\u0119pna\u201d realizowanego z Programu Operacyjnego Wiedza Edukacja Rozw\u00f3j.<br \/>\n<a title=\"Przejd\u017a do opisu szkolenia: Prowadzenie zaj\u0119\u0107 zdalnych i dostosowanie metod nauczania do os\u00f3b z niepe\u0142nosprawno\u015bciami\" href=\"https:\/\/pb.edu.pl\/pbdostepna\/pb-dostepna\/rekrutacja-na-szkolenia\/spektrum-autyzmu\/\">Poznaj szczeg\u00f3\u0142ow\u0105 ofert\u0119<\/a><br \/>\n<\/div>\n\t\t\t\t<\/div>\n\t\t\t<\/div>\n<\/div>\n","protected":false},"excerpt":{"rendered":"","protected":false},"author":2,"featured_media":0,"parent":11,"menu_order":7,"comment_status":"closed","ping_status":"closed","template":"","meta":{"_acf_changed":false,"ngg_post_thumbnail":0,"footnotes":""},"class_list":["post-22","page","type-page","status-publish","hentry"],"acf":[],"_links":{"self":[{"href":"https:\/\/pb.edu.pl\/pbdostepna\/wp-json\/wp\/v2\/pages\/22","targetHints":{"allow":["GET"]}}],"collection":[{"href":"https:\/\/pb.edu.pl\/pbdostepna\/wp-json\/wp\/v2\/pages"}],"about":[{"href":"https:\/\/pb.edu.pl\/pbdostepna\/wp-json\/wp\/v2\/types\/page"}],"author":[{"embeddable":true,"href":"https:\/\/pb.edu.pl\/pbdostepna\/wp-json\/wp\/v2\/users\/2"}],"replies":[{"embeddable":true,"href":"https:\/\/pb.edu.pl\/pbdostepna\/wp-json\/wp\/v2\/comments?post=22"}],"version-history":[{"count":0,"href":"https:\/\/pb.edu.pl\/pbdostepna\/wp-json\/wp\/v2\/pages\/22\/revisions"}],"up":[{"embeddable":true,"href":"https:\/\/pb.edu.pl\/pbdostepna\/wp-json\/wp\/v2\/pages\/11"}],"wp:attachment":[{"href":"https:\/\/pb.edu.pl\/pbdostepna\/wp-json\/wp\/v2\/media?parent=22"}],"curies":[{"name":"wp","href":"https:\/\/api.w.org\/{rel}","templated":true}]}}