{"id":120,"date":"2020-07-08T15:14:52","date_gmt":"2020-07-08T13:14:52","guid":{"rendered":"https:\/\/pb.edu.pl\/pbdostepna\/?page_id=120"},"modified":"2022-10-05T16:03:52","modified_gmt":"2022-10-05T14:03:52","slug":"abc","status":"publish","type":"page","link":"https:\/\/pb.edu.pl\/pbdostepna\/pb-dostepna\/wsparcie-w-ramach-projektu\/punkt-wsparcia-ozn\/abc\/","title":{"rendered":"Akademicka Biblioteka Cyfrowa"},"content":{"rendered":"<p><img loading=\"lazy\" decoding=\"async\" class=\"alignnone size-full wp-image-455\" src=\"https:\/\/pb.edu.pl\/pbdostepna\/wp-content\/uploads\/sites\/46\/2022\/10\/belka-POWER_pl.jpg\" alt=\"\" width=\"1871\" height=\"183\" srcset=\"https:\/\/pb.edu.pl\/pbdostepna\/wp-content\/uploads\/sites\/46\/2022\/10\/belka-POWER_pl.jpg 1871w, https:\/\/pb.edu.pl\/pbdostepna\/wp-content\/uploads\/sites\/46\/2022\/10\/belka-POWER_pl-300x29.jpg 300w, https:\/\/pb.edu.pl\/pbdostepna\/wp-content\/uploads\/sites\/46\/2022\/10\/belka-POWER_pl-1024x100.jpg 1024w, https:\/\/pb.edu.pl\/pbdostepna\/wp-content\/uploads\/sites\/46\/2022\/10\/belka-POWER_pl-768x75.jpg 768w, https:\/\/pb.edu.pl\/pbdostepna\/wp-content\/uploads\/sites\/46\/2022\/10\/belka-POWER_pl-1536x150.jpg 1536w\" sizes=\"auto, (max-width: 1871px) 100vw, 1871px\" \/><\/p>\n<p style=\"text-align: justify\">Akademicka Biblioteka Cyfrowa zosta\u0142a stworzona przez Biuro ds. Os\u00f3b Niepe\u0142nosprawnych Uniwersytetu Warszawskiego w celu wyr\u00f3wnywania szans edukacyjnych os\u00f3b z niepe\u0142nosprawno\u015bciami uniemo\u017cliwiaj\u0105cymi lub znacznie utrudniaj\u0105cymi dost\u0119p do materia\u0142\u00f3w w wersji tradycyjnej.<\/p>\n<h2 style=\"text-align: justify\"><strong>Czytelnikiem biblioteki ABC mo\u017ce zosta\u0107:<\/strong><\/h2>\n<ul style=\"text-align: justify\">\n<li>student,<\/li>\n<li>doktorant,<\/li>\n<li>pracownik,<\/li>\n<\/ul>\n<p style=\"text-align: justify\"><strong>Politechniki Bia\u0142ostockiej, posiadaj\u0105cy umiarkowany lub znaczny stopie\u0144 niepe\u0142nosprawno\u015bci z tytu\u0142u utraty wzroku albo innych niepe\u0142nosprawno\u015bci uniemo\u017cliwiaj\u0105cych korzystanie z tradycyjnych materia\u0142\u00f3w w zwyk\u0142ym druku.<\/strong><\/p>\n<p style=\"text-align: justify\">Zbiory biblioteczne podzielone zosta\u0142y na trzy kategorie \u201eKsi\u0105\u017cki\u201d, \u201eCzasopisma\u201d i \u201eInne dokumenty\u201d, kt\u00f3rymi mog\u0105 by\u0107 konspekty, prezentacje i r\u00f3\u017cne opracowania.<\/p>\n<p style=\"text-align: justify\">Obecnie biblioteka liczy kilkana\u015bcie tysi\u0119cy zbior\u00f3w i ich liczba systematycznie wzrasta.<\/p>\n<h3 style=\"text-align: justify\"><strong>Jak otrzyma\u0107 dost\u0119p:<\/strong><\/h3>\n<p style=\"text-align: justify\">Ka\u017cdy, kto chcia\u0142by mie\u0107 dost\u0119p do biblioteki i spe\u0142nia kryteria umo\u017cliwiaj\u0105ce korzystanie z niej, musi zarejestrowa\u0107 si\u0119 na stronie <a title=\"Strona otworzy si\u0119 w nowym oknie.\" href=\"http:\/\/www.abc.uw.edu.pl\/\" target=\"_blank\" rel=\"noopener noreferrer\">www.abc.uw.edu.pl<\/a><\/p>\n<p style=\"text-align: justify\">W pierwszym kroku nale\u017cy zapozna\u0107 si\u0119 z regulaminem i go zaakceptowa\u0107, a nast\u0119pnie wype\u0142ni\u0107 kr\u00f3tki formularz rejestracyjny, na li\u015bcie uczelni wybra\u0107 Politechnik\u0119 Bia\u0142ostock\u0105.<\/p>\n<p style=\"text-align: justify\">Po zarejestrowaniu si\u0119, dokumenty potwierdzaj\u0105ce posiadan\u0105 niepe\u0142nosprawno\u015b\u0107 nale\u017cy dostarczy\u0107 do <a title=\"Strona otworzy si\u0119 w nowym oknie.\" href=\"https:\/\/pb.edu.pl\/pbdostepna\/pb-dostepna\/wsparcie-w-ramach-projektu\/bon\/\" target=\"_blank\" rel=\"noopener\">Biura ds. Os\u00f3b z Niepe\u0142nosprawno\u015bciami PB<\/a>.<\/p>\n<p style=\"text-align: justify\">O konieczno\u015bci tej czytelnik jest informowany mailem, kt\u00f3ry ABC wysy\u0142a do niego po rejestracji.<\/p>\n<p style=\"text-align: justify\">Po dope\u0142nieniu wszystkich formalno\u015bci konto zostanie aktywowane o czym czytelnik zostaje poinformowany osobnym e-mailem, w kt\u00f3rym zawarty jest r\u00f3wnie\u017c link umo\u017cliwiaj\u0105cy ustawienie w\u0142asnego has\u0142a dost\u0119pu do biblioteki.<\/p>\n<p style=\"text-align: justify\">Podczas jego tworzenia nale\u017cy przeczyta\u0107 umieszczone na stronie definiowania has\u0142a, wskaz\u00f3wki dotycz\u0105ce jego tworzenia.<\/p>\n<p style=\"text-align: justify\">Szczeg\u00f3\u0142owe informacje na temat: <a title=\"Strona otworzy si\u0119 w nowym oknie.\" href=\"https:\/\/bon.uw.edu.pl\/wszystko-o-akademickiej-bibliotece-cyfrowej\/\" target=\"_blank\" rel=\"noopener\">Akademickiej Biblioteki Cyfrowej<\/a><\/p>\n","protected":false},"excerpt":{"rendered":"<p>Akademicka Biblioteka Cyfrowa zosta\u0142a stworzona przez Biuro ds. Os\u00f3b Niepe\u0142nosprawnych Uniwersytetu Warszawskiego w celu wyr\u00f3wnywania<\/p>\n","protected":false},"author":33,"featured_media":0,"parent":81,"menu_order":0,"comment_status":"closed","ping_status":"closed","template":"","meta":{"_acf_changed":false,"ngg_post_thumbnail":0,"footnotes":""},"class_list":["post-120","page","type-page","status-publish","hentry"],"acf":[],"_links":{"self":[{"href":"https:\/\/pb.edu.pl\/pbdostepna\/wp-json\/wp\/v2\/pages\/120","targetHints":{"allow":["GET"]}}],"collection":[{"href":"https:\/\/pb.edu.pl\/pbdostepna\/wp-json\/wp\/v2\/pages"}],"about":[{"href":"https:\/\/pb.edu.pl\/pbdostepna\/wp-json\/wp\/v2\/types\/page"}],"author":[{"embeddable":true,"href":"https:\/\/pb.edu.pl\/pbdostepna\/wp-json\/wp\/v2\/users\/33"}],"replies":[{"embeddable":true,"href":"https:\/\/pb.edu.pl\/pbdostepna\/wp-json\/wp\/v2\/comments?post=120"}],"version-history":[{"count":0,"href":"https:\/\/pb.edu.pl\/pbdostepna\/wp-json\/wp\/v2\/pages\/120\/revisions"}],"up":[{"embeddable":true,"href":"https:\/\/pb.edu.pl\/pbdostepna\/wp-json\/wp\/v2\/pages\/81"}],"wp:attachment":[{"href":"https:\/\/pb.edu.pl\/pbdostepna\/wp-json\/wp\/v2\/media?parent=120"}],"curies":[{"name":"wp","href":"https:\/\/api.w.org\/{rel}","templated":true}]}}