{"id":115,"date":"2020-07-08T15:11:21","date_gmt":"2020-07-08T13:11:21","guid":{"rendered":"https:\/\/pb.edu.pl\/pbdostepna\/?page_id=115"},"modified":"2022-10-05T16:03:22","modified_gmt":"2022-10-05T14:03:22","slug":"doradca-zawodowy-ozn","status":"publish","type":"page","link":"https:\/\/pb.edu.pl\/pbdostepna\/pb-dostepna\/wsparcie-w-ramach-projektu\/punkt-wsparcia-ozn\/doradca-zawodowy-ozn\/","title":{"rendered":"Doradca zawodowy OzN"},"content":{"rendered":"<p><img loading=\"lazy\" decoding=\"async\" class=\"alignnone size-full wp-image-455\" src=\"https:\/\/pb.edu.pl\/pbdostepna\/wp-content\/uploads\/sites\/46\/2022\/10\/belka-POWER_pl.jpg\" alt=\"\" width=\"1871\" height=\"183\" srcset=\"https:\/\/pb.edu.pl\/pbdostepna\/wp-content\/uploads\/sites\/46\/2022\/10\/belka-POWER_pl.jpg 1871w, https:\/\/pb.edu.pl\/pbdostepna\/wp-content\/uploads\/sites\/46\/2022\/10\/belka-POWER_pl-300x29.jpg 300w, https:\/\/pb.edu.pl\/pbdostepna\/wp-content\/uploads\/sites\/46\/2022\/10\/belka-POWER_pl-1024x100.jpg 1024w, https:\/\/pb.edu.pl\/pbdostepna\/wp-content\/uploads\/sites\/46\/2022\/10\/belka-POWER_pl-768x75.jpg 768w, https:\/\/pb.edu.pl\/pbdostepna\/wp-content\/uploads\/sites\/46\/2022\/10\/belka-POWER_pl-1536x150.jpg 1536w\" sizes=\"auto, (max-width: 1871px) 100vw, 1871px\" \/><\/p>\n<h2 style=\"text-align: left\">Biuro ds. Os\u00f3b z Niepe\u0142nosprawno\u015bciami Politechniki Bia\u0142ostockiej zaprasza na indywidualne konsultacje z doradc\u0105 zawodowym.<\/h2>\n<p>Konsultacje skierowane s\u0105 do student\u00f3w z niepe\u0142nosprawno\u015bciami.<\/p>\n<h3 style=\"text-align: left\"><strong>W ramach spotka\u0144 oferujemy:<\/strong><\/h3>\n<ul>\n<li style=\"text-align: left\">indywidualne poradnictwo zawodowe<\/li>\n<li style=\"text-align: left\">wsparcie w rozpoznaniu w\u0142asnego potencja\u0142u zawodowego<\/li>\n<li style=\"text-align: left\">wsparcie w planowaniu \u015bcie\u017cki \u017cycia zawodowego<\/li>\n<li style=\"text-align: left\">wsparcie w poszukiwaniu i podj\u0119ciu zatrudnienia, sta\u017cu, szkole\u0144 lub praktyk<\/li>\n<li style=\"text-align: left\">wsparcie w zak\u0142adaniu w\u0142asnej dzia\u0142alno\u015bci gospodarczej<\/li>\n<\/ul>\n<h3>Konsultacje odbywaj\u0105 si\u0119 w <strong>Biurze ds. Os\u00f3b z Niepe\u0142nosprawno\u015bciami<\/strong><\/h3>\n<p>w <strong>poniedzia\u0142ki i czwartki<\/strong><\/p>\n<p>w godzinach <strong>15:00 \u2013 17:00<\/strong><\/p>\n<p>lub w ustalonym indywidualnie terminie<\/p>\n<p>tel. kom. <strong>797 529&nbsp;843<\/strong>, mail: <strong>s.nykolyszak@pb.edu.pl<\/strong><\/p>\n<p style=\"text-align: left\"><a title=\"Strona otworzy si\u0119 w nowym oknie.\" href=\"https:\/\/pb.edu.pl\/studenci\/studenci-z-niepelnosprawnoscia\/\" target=\"_blank\" rel=\"noopener\"><strong>Biuro ds. Os\u00f3b z Niepe\u0142nosprawno\u015bciami Politechniki Bia\u0142ostockiej&nbsp;<\/strong><\/a><\/p>\n<p style=\"text-align: left\"><strong>Budynek Rektoratu<\/strong><\/p>\n<p style=\"text-align: left\"><strong>ul. Wiejska 45A, pok\u00f3j 39C.<br \/>\n<\/strong><\/p>\n<p style=\"text-align: left\">&nbsp;<\/p>\n","protected":false},"excerpt":{"rendered":"<p>Biuro ds. Os\u00f3b z Niepe\u0142nosprawno\u015bciami Politechniki Bia\u0142ostockiej zaprasza na indywidualne konsultacje z doradc\u0105 zawodowym. Konsultacje<\/p>\n","protected":false},"author":33,"featured_media":0,"parent":81,"menu_order":0,"comment_status":"closed","ping_status":"closed","template":"","meta":{"_acf_changed":false,"ngg_post_thumbnail":0,"footnotes":""},"class_list":["post-115","page","type-page","status-publish","hentry"],"acf":[],"_links":{"self":[{"href":"https:\/\/pb.edu.pl\/pbdostepna\/wp-json\/wp\/v2\/pages\/115","targetHints":{"allow":["GET"]}}],"collection":[{"href":"https:\/\/pb.edu.pl\/pbdostepna\/wp-json\/wp\/v2\/pages"}],"about":[{"href":"https:\/\/pb.edu.pl\/pbdostepna\/wp-json\/wp\/v2\/types\/page"}],"author":[{"embeddable":true,"href":"https:\/\/pb.edu.pl\/pbdostepna\/wp-json\/wp\/v2\/users\/33"}],"replies":[{"embeddable":true,"href":"https:\/\/pb.edu.pl\/pbdostepna\/wp-json\/wp\/v2\/comments?post=115"}],"version-history":[{"count":0,"href":"https:\/\/pb.edu.pl\/pbdostepna\/wp-json\/wp\/v2\/pages\/115\/revisions"}],"up":[{"embeddable":true,"href":"https:\/\/pb.edu.pl\/pbdostepna\/wp-json\/wp\/v2\/pages\/81"}],"wp:attachment":[{"href":"https:\/\/pb.edu.pl\/pbdostepna\/wp-json\/wp\/v2\/media?parent=115"}],"curies":[{"name":"wp","href":"https:\/\/api.w.org\/{rel}","templated":true}]}}