{"id":113,"date":"2020-07-08T15:09:35","date_gmt":"2020-07-08T13:09:35","guid":{"rendered":"https:\/\/pb.edu.pl\/pbdostepna\/?page_id=113"},"modified":"2024-10-29T17:03:18","modified_gmt":"2024-10-29T16:03:18","slug":"wsparcie-psychologiczne-ozn","status":"publish","type":"page","link":"https:\/\/pb.edu.pl\/pbdostepna\/pb-dostepna\/wsparcie-w-ramach-projektu\/punkt-wsparcia-ozn\/wsparcie-psychologiczne-ozn\/","title":{"rendered":"Wsparcie psychologiczne OzN"},"content":{"rendered":"<p><img loading=\"lazy\" decoding=\"async\" class=\"alignnone size-full wp-image-455\" src=\"https:\/\/pb.edu.pl\/pbdostepna\/wp-content\/uploads\/sites\/46\/2022\/10\/belka-POWER_pl.jpg\" alt=\"\" width=\"1871\" height=\"183\" srcset=\"https:\/\/pb.edu.pl\/pbdostepna\/wp-content\/uploads\/sites\/46\/2022\/10\/belka-POWER_pl.jpg 1871w, https:\/\/pb.edu.pl\/pbdostepna\/wp-content\/uploads\/sites\/46\/2022\/10\/belka-POWER_pl-300x29.jpg 300w, https:\/\/pb.edu.pl\/pbdostepna\/wp-content\/uploads\/sites\/46\/2022\/10\/belka-POWER_pl-1024x100.jpg 1024w, https:\/\/pb.edu.pl\/pbdostepna\/wp-content\/uploads\/sites\/46\/2022\/10\/belka-POWER_pl-768x75.jpg 768w, https:\/\/pb.edu.pl\/pbdostepna\/wp-content\/uploads\/sites\/46\/2022\/10\/belka-POWER_pl-1536x150.jpg 1536w\" sizes=\"auto, (max-width: 1871px) 100vw, 1871px\" \/><\/p>\n<h2>Punkt Konsultacji Procesu Studiowania udziela bezp\u0142atnego wsparcia w zakresie poradnictwa psychologicznego studentom i pracownikom Politechniki Bia\u0142ostockiej.<\/h2>\n<div class=\"h3\">Studencie Politechniki Bia\u0142ostockiej:<\/div>\n<ul>\n<li>nie wiesz jak odnale\u017a\u0107 si\u0119 w\u015br\u00f3d nowych, cz\u0119sto nieznanych Ci zasad funkcjonowania uczelni wy\u017cszej?<\/li>\n<li>nieskutecznie pr\u00f3bujesz poradzi\u0107 sobie z trudn\u0105 sytuacj\u0105 oraz towarzysz\u0105cym temu emocjom?<\/li>\n<li>potrzebujesz wsparcia do\u015bwiadczaj\u0105c trudno\u015bci zwi\u0105zanych z posiadan\u0105 niepe\u0142nosprawno\u015bci\u0105?<\/li>\n<li>chcesz skutecznie radzi\u0107 sobie w sytuacji stresu?<\/li>\n<li>chcesz skutecznie radzi\u0107 sobie z uczuciem l\u0119ku?<\/li>\n<li>potrzebujesz odnale\u017a\u0107 motywacj\u0119 do dzia\u0142ania w przestrzeni osobistej oraz procesie studiowania?<\/li>\n<li>uwa\u017casz, \u017ce czas przemyka, a Ty nadal nie potrafisz skutecznie nim zarz\u0105dza\u0107?<\/li>\n<li>ilo\u015b\u0107 obowi\u0105zk\u00f3w i materia\u0142u, kt\u00f3ry musisz opanowa\u0107 zaczyna Ci\u0119 przerasta\u0107?<\/li>\n<li>potrzebujesz wzmocni\u0107 swoje poczucie warto\u015bci i skuteczno\u015bci?<\/li>\n<li>chcesz czu\u0107 si\u0119 swobodnie i dobrze w gronie znajomych i swoim \u015brodowisku?<\/li>\n<li>nadszed\u0142 czas na zmiany, chcesz dobrze pokierowa\u0107 swoj\u0105 przysz\u0142o\u015bci\u0105, ale nie wiesz jak to zrobi\u0107?<\/li>\n<\/ul>\n<p><a class=\"h3\" href=\"https:\/\/pb.edu.pl\/pomoc-psychologiczna\/\">Dy\u017cury Psychologa &#8211; Konsultanta &#8211; przyjd\u017a, napisz lub zadzwo\u0144<\/a><br \/>\n&nbsp;<\/p>\n<div class=\"h3\">Pracowniku Politechniki Bia\u0142ostockiej:<\/div>\n<ul>\n<li>potrzebujesz pomocy w wypracowaniu skutecznych metod i form wsp\u00f3\u0142pracy mi\u0119dzy pracownikami Politechniki Bia\u0142ostockiej a Osobami z Niepe\u0142nosprawno\u015bciami?<\/li>\n<li>poszukujesz rozwi\u0105za\u0144 w do\u015bwiadczaniu trudnych sytuacji podczas zaj\u0119\u0107 dydaktycznych i poza sal\u0105 wyk\u0142adow\u0105?<\/li>\n<li>chcia\u0142by\u015b poprawi\u0107 komunikacj\u0119 i wzajemn\u0105 wsp\u00f3\u0142prac\u0119 mi\u0119dzy studentami i pracownikami Politechniki Bia\u0142ostockiej?<\/li>\n<\/ul>\n<p><a class=\"h3\" href=\"https:\/\/pb.edu.pl\/pomoc-psychologiczna\/\">Dy\u017cury Psychologa &#8211; Konsultanta &#8211; przyjd\u017a, napisz lub zadzwo\u0144<\/a><br \/>\n&nbsp;<\/p>\n<p>Zainteresowane osoby zapraszamy do skorzystania z bezp\u0142atnych konsultacji psychologicznych <strong>w ka\u017cdy wtorek i \u015brod\u0119 w godzinach 15:00 \u2013 19:00 <\/strong><strong>w budynku Rektoratu, ul. Wiejska 45A, pok\u00f3j 39C.<\/strong><\/p>\n<p>Wsparcie udzielane jest w formie indywidualnych spotka\u0144, kontaktu telefonicznego b\u0105d\u017a wiadomo\u015bci mailowej <strong>z zachowaniem pe\u0142nej dyskrecji.<\/strong><\/p>\n<div class=\"h2\">Potrzebujesz pilnego wsparcia?<\/div>\n<p>Antydepresyjny Telefon Zaufania Fundacji ITAKA &#8211; 22 484 88 01<\/p>\n<p>Wejd\u017a na: <a title=\"Strona otworzy si\u0119 w nowym oknie.\" href=\"https:\/\/liniawsparcia.pl\/wp-content\/uploads\/2020\/12\/telefony-fb-hr-1.png\" target=\"_blank\" rel=\"noopener\">linia wsparcia &#8211; numery telefon\u00f3w<\/a><\/p>\n<p>Wejd\u017a na: <a title=\"Strona otworzy si\u0119 w nowym oknie\" href=\"https:\/\/www.gov.pl\/web\/numer-alarmowy-112\/linia-wsparcia-dla-osob-w-stanie-kryzysu-psychicznego\" target=\"_blank\" rel=\"noopener noreferrer\">Strona linii wsparcia dla os\u00f3b w stanie kryzysu psychicznego<\/a><\/p>\n","protected":false},"excerpt":{"rendered":"<p>Punkt Konsultacji Procesu Studiowania udziela bezp\u0142atnego wsparcia w zakresie poradnictwa psychologicznego studentom i pracownikom Politechniki<\/p>\n","protected":false},"author":2,"featured_media":0,"parent":81,"menu_order":0,"comment_status":"closed","ping_status":"closed","template":"","meta":{"_acf_changed":false,"ngg_post_thumbnail":0,"footnotes":""},"class_list":["post-113","page","type-page","status-publish","hentry"],"acf":[],"_links":{"self":[{"href":"https:\/\/pb.edu.pl\/pbdostepna\/wp-json\/wp\/v2\/pages\/113","targetHints":{"allow":["GET"]}}],"collection":[{"href":"https:\/\/pb.edu.pl\/pbdostepna\/wp-json\/wp\/v2\/pages"}],"about":[{"href":"https:\/\/pb.edu.pl\/pbdostepna\/wp-json\/wp\/v2\/types\/page"}],"author":[{"embeddable":true,"href":"https:\/\/pb.edu.pl\/pbdostepna\/wp-json\/wp\/v2\/users\/2"}],"replies":[{"embeddable":true,"href":"https:\/\/pb.edu.pl\/pbdostepna\/wp-json\/wp\/v2\/comments?post=113"}],"version-history":[{"count":0,"href":"https:\/\/pb.edu.pl\/pbdostepna\/wp-json\/wp\/v2\/pages\/113\/revisions"}],"up":[{"embeddable":true,"href":"https:\/\/pb.edu.pl\/pbdostepna\/wp-json\/wp\/v2\/pages\/81"}],"wp:attachment":[{"href":"https:\/\/pb.edu.pl\/pbdostepna\/wp-json\/wp\/v2\/media?parent=113"}],"curies":[{"name":"wp","href":"https:\/\/api.w.org\/{rel}","templated":true}]}}