{"id":850,"date":"2022-01-05T23:38:03","date_gmt":"2022-01-05T22:38:03","guid":{"rendered":"https:\/\/pb.edu.pl\/pbbud\/?page_id=850"},"modified":"2022-01-05T23:39:07","modified_gmt":"2022-01-05T22:39:07","slug":"informacje-o-bialostockim-uniwersytecie-dzieciecym-w-tekscie-latwym-do-czytania-etr","status":"publish","type":"page","link":"https:\/\/pb.edu.pl\/pbbud\/o-pb-bud\/informacje-o-bialostockim-uniwersytecie-dzieciecym-w-tekscie-latwym-do-czytania-etr\/","title":{"rendered":"Informacje o Bia\u0142ostockim Uniwersytecie Dzieci\u0119cym w tek\u015bcie \u0142atwym do czytania &#8211; ETR"},"content":{"rendered":"<div style=\"font-size:1.8rem\">\n\u201ePolitechnika Bia\u0142ostocka \u2013 Bia\u0142ostocki Uniwersytet Dzieci\u0119cy\u201d to projekt.<\/p>\n<p>Projekt dzia\u0142a w Politechnice Bia\u0142ostockiej. <\/p>\n<p>Projekt jest cz\u0119\u015bci\u0105 \u201ePodlaskiego Uniwersytetu Dzieci\u0119cego\u201d.<\/p>\n<p>Celem projektu jest edukacja i rozw\u00f3j ciekawo\u015bci i kreatywno\u015bci dzieci\u0119cej. <\/p>\n<p>Przekonujemy, \u017ce nauka nie jest trudna i mo\u017ce by\u0107 wspania\u0142\u0105 przygod\u0105. <\/p>\n<p>Zaj\u0119cia skierowane s\u0105 do uczni\u00f3w klas IV-VI szk\u00f3\u0142 podstawowych.\n<\/p><\/div>\n","protected":false},"excerpt":{"rendered":"<p>\u201ePolitechnika Bia\u0142ostocka \u2013 Bia\u0142ostocki Uniwersytet Dzieci\u0119cy\u201d to projekt. Projekt dzia\u0142a w Politechnice Bia\u0142ostockiej. Projekt jest<\/p>\n","protected":false},"author":2,"featured_media":0,"parent":69,"menu_order":1,"comment_status":"closed","ping_status":"closed","template":"","meta":{"_acf_changed":false,"ngg_post_thumbnail":0,"footnotes":""},"class_list":["post-850","page","type-page","status-publish","hentry"],"acf":[],"_links":{"self":[{"href":"https:\/\/pb.edu.pl\/pbbud\/wp-json\/wp\/v2\/pages\/850","targetHints":{"allow":["GET"]}}],"collection":[{"href":"https:\/\/pb.edu.pl\/pbbud\/wp-json\/wp\/v2\/pages"}],"about":[{"href":"https:\/\/pb.edu.pl\/pbbud\/wp-json\/wp\/v2\/types\/page"}],"author":[{"embeddable":true,"href":"https:\/\/pb.edu.pl\/pbbud\/wp-json\/wp\/v2\/users\/2"}],"replies":[{"embeddable":true,"href":"https:\/\/pb.edu.pl\/pbbud\/wp-json\/wp\/v2\/comments?post=850"}],"version-history":[{"count":0,"href":"https:\/\/pb.edu.pl\/pbbud\/wp-json\/wp\/v2\/pages\/850\/revisions"}],"up":[{"embeddable":true,"href":"https:\/\/pb.edu.pl\/pbbud\/wp-json\/wp\/v2\/pages\/69"}],"wp:attachment":[{"href":"https:\/\/pb.edu.pl\/pbbud\/wp-json\/wp\/v2\/media?parent=850"}],"curies":[{"name":"wp","href":"https:\/\/api.w.org\/{rel}","templated":true}]}}