{"id":69,"date":"2018-12-11T18:31:00","date_gmt":"2018-12-11T17:31:00","guid":{"rendered":"https:\/\/pb.edu.pl\/pbbud\/?page_id=69"},"modified":"2022-01-05T23:38:46","modified_gmt":"2022-01-05T22:38:46","slug":"o-pb-bud","status":"publish","type":"page","link":"https:\/\/pb.edu.pl\/pbbud\/o-pb-bud\/","title":{"rendered":"O PB BUD"},"content":{"rendered":"<p><a class=\"h3 lead\" href=\"\/pbbud\/o-pb-bud\/informacje-o-bialostockim-uniwersytecie-dzieciecym-w-tekscie-latwym-do-czytania-etr\/\">Informacje o Bia\u0142ostockim Uniwersytecie Dzieci\u0119cym w tek\u015bcie \u0142atwym do czytania \u2013 ETR (EASY TO READ)<\/a><br \/>\n&nbsp;<\/p>\n<div class=\"h2\">Informacje og\u00f3lne<\/div>\n<p>Projekt &#8222;Politechnika Bia\u0142ostocka &#8211; Bia\u0142ostocki Uniwersytet Dzieci\u0119cy&#8221; (PB BUD) funkcjonuje w ramach inicjatywy &#8222;Podlaski Uniwersytet Dzieci\u0119cy&#8221; realizowanej w&nbsp;Politechnice Bia\u0142ostockiej.<br \/>\n&nbsp;<\/p>\n<div class=\"row\">\n<div class=\"col-sm-2\"><img decoding=\"async\" src=\"https:\/\/pb.edu.pl\/pbbud\/wp-content\/uploads\/sites\/27\/2018\/12\/PB_BUD-logo.jpg\" alt=\"logo PB BUD\"><\/div>\n<div class=\"col-sm-7\">PB BUD jest mark\u0105 w pe\u0142ni regionaln\u0105, kt\u00f3rego pomys\u0142 i realizacja wywodz\u0105 si\u0119 z&nbsp;Bia\u0142egostoku. O wadze przedsi\u0119wzi\u0119cia i jego powodzeniu \u015bwiadczy ogromne zainteresowanie udzia\u0142em w zaj\u0119ciach.<\/p>\n<p>Wyk\u0142adowcy i organizatorzy stawiaj\u0105 sobie za cel rozwijanie dzieci\u0119cej wra\u017cliwo\u015bci, intelektu i&nbsp;tw\u00f3rczego potencja\u0142u. Udowadniaj\u0105, \u017ce nauki \u015bcis\u0142e to nie tylko formu\u0142y i definicje, ale r\u00f3wnie\u017c fascynuj\u0105ce do\u015bwiadczenia i mn\u00f3stwo dobrej zabawy. Wszyscy pilni studenci PB BUD-u otrzymaj\u0105 indeksy, a na zako\u0144czenie roku akademickiego &#8211; dyplomy uko\u0144czenia.<\/p>\n<p>Oferta edukacyjna PB BUD skierowana jest do uczni\u00f3w klas IV-VI szk\u00f3\u0142 podstawowych.<\/p>\n<\/div>\n<div class=\"col-sm-3\"><img decoding=\"async\" src=\"https:\/\/pb.edu.pl\/pbbud\/wp-content\/uploads\/sites\/27\/2018\/12\/pbbud_dzieci-215x119.jpg\" alt=\"grafika dw\u00f3jka dzieci\"><\/div>\n<\/div>\n","protected":false},"excerpt":{"rendered":"<p>Informacje o Bia\u0142ostockim Uniwersytecie Dzieci\u0119cym w tek\u015bcie \u0142atwym do czytania \u2013 ETR (EASY TO READ)<\/p>\n","protected":false},"author":2,"featured_media":0,"parent":0,"menu_order":2,"comment_status":"closed","ping_status":"closed","template":"","meta":{"_acf_changed":false,"ngg_post_thumbnail":0,"footnotes":""},"class_list":["post-69","page","type-page","status-publish","hentry"],"acf":[],"_links":{"self":[{"href":"https:\/\/pb.edu.pl\/pbbud\/wp-json\/wp\/v2\/pages\/69","targetHints":{"allow":["GET"]}}],"collection":[{"href":"https:\/\/pb.edu.pl\/pbbud\/wp-json\/wp\/v2\/pages"}],"about":[{"href":"https:\/\/pb.edu.pl\/pbbud\/wp-json\/wp\/v2\/types\/page"}],"author":[{"embeddable":true,"href":"https:\/\/pb.edu.pl\/pbbud\/wp-json\/wp\/v2\/users\/2"}],"replies":[{"embeddable":true,"href":"https:\/\/pb.edu.pl\/pbbud\/wp-json\/wp\/v2\/comments?post=69"}],"version-history":[{"count":0,"href":"https:\/\/pb.edu.pl\/pbbud\/wp-json\/wp\/v2\/pages\/69\/revisions"}],"wp:attachment":[{"href":"https:\/\/pb.edu.pl\/pbbud\/wp-json\/wp\/v2\/media?parent=69"}],"curies":[{"name":"wp","href":"https:\/\/api.w.org\/{rel}","templated":true}]}}