{"id":187,"date":"2019-01-02T12:35:55","date_gmt":"2019-01-02T11:35:55","guid":{"rendered":"https:\/\/pb.edu.pl\/pbbud\/?page_id=187"},"modified":"2021-01-15T20:36:09","modified_gmt":"2021-01-15T19:36:09","slug":"redakcja-serwisu-www","status":"publish","type":"page","link":"https:\/\/pb.edu.pl\/pbbud\/redakcja-serwisu-www\/","title":{"rendered":"Redakcja serwisu www"},"content":{"rendered":"<p><img loading=\"lazy\" decoding=\"async\" src=\"https:\/\/pb.edu.pl\/pbbud\/wp-content\/uploads\/sites\/27\/2019\/01\/redakcja-www.jpg\" alt=\"serwerownia\" width=\"500\" height=\"281\" class=\"alignleft size-full wp-image-188\" srcset=\"https:\/\/pb.edu.pl\/pbbud\/wp-content\/uploads\/sites\/27\/2019\/01\/redakcja-www.jpg 500w, https:\/\/pb.edu.pl\/pbbud\/wp-content\/uploads\/sites\/27\/2019\/01\/redakcja-www-300x169.jpg 300w\" sizes=\"auto, (max-width: 500px) 100vw, 500px\" \/><br \/>\nUwagi dotycz\u0105ce <strong>funkcjonowania<\/strong> oraz <strong>zawarto\u015bci (opisy, fotografie itp.)<\/strong> poszczeg\u00f3lnych stron www serwisu internetowego Bia\u0142ostockiego Uniwersytetu Dzieci\u0119cego prosz\u0119 przysy\u0142a\u0107 na adres:<\/p>\n<p> <i class=\"fa fa-envelope-o\" aria-hidden=\"true\"><\/i> <a href=\"#\" rel=\"nofollow\"  onclick=\"this.href='mailto:' + 'pbbud' + '@' + 'pb.edu.pl'\">pbbud [at] pb.edu.pl<\/a>\n","protected":false},"excerpt":{"rendered":"<p>Uwagi dotycz\u0105ce funkcjonowania oraz zawarto\u015bci (opisy, fotografie itp.) poszczeg\u00f3lnych stron www serwisu internetowego Bia\u0142ostockiego Uniwersytetu<\/p>\n","protected":false},"author":2,"featured_media":0,"parent":0,"menu_order":10,"comment_status":"closed","ping_status":"closed","template":"","meta":{"_acf_changed":false,"ngg_post_thumbnail":0,"footnotes":""},"class_list":["post-187","page","type-page","status-publish","hentry"],"acf":[],"_links":{"self":[{"href":"https:\/\/pb.edu.pl\/pbbud\/wp-json\/wp\/v2\/pages\/187","targetHints":{"allow":["GET"]}}],"collection":[{"href":"https:\/\/pb.edu.pl\/pbbud\/wp-json\/wp\/v2\/pages"}],"about":[{"href":"https:\/\/pb.edu.pl\/pbbud\/wp-json\/wp\/v2\/types\/page"}],"author":[{"embeddable":true,"href":"https:\/\/pb.edu.pl\/pbbud\/wp-json\/wp\/v2\/users\/2"}],"replies":[{"embeddable":true,"href":"https:\/\/pb.edu.pl\/pbbud\/wp-json\/wp\/v2\/comments?post=187"}],"version-history":[{"count":0,"href":"https:\/\/pb.edu.pl\/pbbud\/wp-json\/wp\/v2\/pages\/187\/revisions"}],"wp:attachment":[{"href":"https:\/\/pb.edu.pl\/pbbud\/wp-json\/wp\/v2\/media?parent=187"}],"curies":[{"name":"wp","href":"https:\/\/api.w.org\/{rel}","templated":true}]}}