{"id":119,"date":"2018-12-11T19:20:14","date_gmt":"2018-12-11T18:20:14","guid":{"rendered":"https:\/\/pb.edu.pl\/pbbud\/?page_id=119"},"modified":"2025-10-30T12:49:39","modified_gmt":"2025-10-30T11:49:39","slug":"faq","status":"publish","type":"page","link":"https:\/\/pb.edu.pl\/pbbud\/faq\/","title":{"rendered":"FAQ"},"content":{"rendered":"<div class=\"panel-group\" id=\"custom-collapse-0\">\n<div class=\"panel panel-default\">\n\t\t\t\t<div class=\"panel-heading\">\n\t\t\t\t\t<div class=\"panel-title\">\n\t\t\t\t\t\t<a class=\"collapsed h4\" data-toggle=\"collapse\" data-parent=\"#custom-collapse-0\" href=\"#custom-collapse-0-0\">1 Jaki jest cel PB BUD?<\/a>\n\t\t\t\t\t<\/div>\n\t\t\t\t<\/div>\n\t\t\t\t<div id=\"custom-collapse-0-0\" class=\"panel-collapse collapse\">\n\t\t\t\t\t<div class=\"panel-body\">\nG\u0142\u00f3wnym celem jest pokazanie najm\u0142odszym, \u017ce nauka mo\u017ce by\u0107 przyjemna i bardzo interesuj\u0105ca.<br \/>\n<\/div>\n\t\t\t\t<\/div>\n\t\t\t<\/div>\n<div class=\"panel panel-default\">\n\t\t\t\t<div class=\"panel-heading\">\n\t\t\t\t\t<div class=\"panel-title\">\n\t\t\t\t\t\t<a class=\"collapsed h4\" data-toggle=\"collapse\" data-parent=\"#custom-collapse-0\" href=\"#custom-collapse-0-1\">2. Czy rekrutacja oraz udzia\u0142 w zaj\u0119ciach s\u0105 p\u0142atne?<\/a>\n\t\t\t\t\t<\/div>\n\t\t\t\t<\/div>\n\t\t\t\t<div id=\"custom-collapse-0-1\" class=\"panel-collapse collapse\">\n\t\t\t\t\t<div class=\"panel-body\">\nRekrutacja oraz uczestnictwo w zaj\u0119ciach PB BUD s\u0105 nieodp\u0142atne.<br \/>\n<\/div>\n\t\t\t\t<\/div>\n\t\t\t<\/div>\n<div class=\"panel panel-default\">\n\t\t\t\t<div class=\"panel-heading\">\n\t\t\t\t\t<div class=\"panel-title\">\n\t\t\t\t\t\t<a class=\"collapsed h4\" data-toggle=\"collapse\" data-parent=\"#custom-collapse-0\" href=\"#custom-collapse-0-2\">3. Kiedy b\u0119d\u0105 odbywa\u0107 si\u0119 zaj\u0119cia?<\/a>\n\t\t\t\t\t<\/div>\n\t\t\t\t<\/div>\n\t\t\t\t<div id=\"custom-collapse-0-2\" class=\"panel-collapse collapse\">\n\t\t\t\t\t<div class=\"panel-body\">\nZaj\u0119cia b\u0119d\u0105 odbywa\u0142y si\u0119 w soboty, zgodnie z <a href=\"\/pbbud\/harmonogram-zajec\/\">harmonogramem zaj\u0119\u0107<\/a>.<br \/>\n<\/div>\n\t\t\t\t<\/div>\n\t\t\t<\/div>\n<div class=\"panel panel-default\">\n\t\t\t\t<div class=\"panel-heading\">\n\t\t\t\t\t<div class=\"panel-title\">\n\t\t\t\t\t\t<a class=\"collapsed h4\" data-toggle=\"collapse\" data-parent=\"#custom-collapse-0\" href=\"#custom-collapse-0-3\">4. Gdzie i kiedy dziecko otrzyma indeks?<\/a>\n\t\t\t\t\t<\/div>\n\t\t\t\t<\/div>\n\t\t\t\t<div id=\"custom-collapse-0-3\" class=\"panel-collapse collapse\">\n\t\t\t\t\t<div class=\"panel-body\">\nIndeks wr\u0119czany b\u0119dzie na pierwszym spotkaniu, kt\u00f3re b\u0119dzie jednocze\u015bnie spotkaniem inauguracyjnym.<br \/>\n<\/div>\n\t\t\t\t<\/div>\n\t\t\t<\/div>\n<div class=\"panel panel-default\">\n\t\t\t\t<div class=\"panel-heading\">\n\t\t\t\t\t<div class=\"panel-title\">\n\t\t\t\t\t\t<a class=\"collapsed h4\" data-toggle=\"collapse\" data-parent=\"#custom-collapse-0\" href=\"#custom-collapse-0-4\">5. Czy podczas zaj\u0119\u0107 organizowane s\u0105 przerwy, np. na wyj\u015bcie do \u0142azienki?<\/a>\n\t\t\t\t\t<\/div>\n\t\t\t\t<\/div>\n\t\t\t\t<div id=\"custom-collapse-0-4\" class=\"panel-collapse collapse\">\n\t\t\t\t\t<div class=\"panel-body\">\nNie. Je\u017celi natomiast jakie\u015b dziecko b\u0119dzie mia\u0142o potrzeb\u0119 skorzystania z toalety, b\u0119dzie mog\u0142o wyj\u015b\u0107 w trakcie trwania zaj\u0119\u0107. Organizatorzy wska\u017c\u0105 dziecku drog\u0119 do toalety.<br \/>\n<\/div>\n\t\t\t\t<\/div>\n\t\t\t<\/div>\n<div class=\"panel panel-default\">\n\t\t\t\t<div class=\"panel-heading\">\n\t\t\t\t\t<div class=\"panel-title\">\n\t\t\t\t\t\t<a class=\"collapsed h4\" data-toggle=\"collapse\" data-parent=\"#custom-collapse-0\" href=\"#custom-collapse-0-5\">6. Czy Rodzice\/Opiekunowie prawni bior\u0105 udzia\u0142 w zaj\u0119ciach?<\/a>\n\t\t\t\t\t<\/div>\n\t\t\t\t<\/div>\n\t\t\t\t<div id=\"custom-collapse-0-5\" class=\"panel-collapse collapse\">\n\t\t\t\t\t<div class=\"panel-body\">\nRodzice\/opiekunowie prawni nie bior\u0105 udzia\u0142u w zaj\u0119ciach. Podczas trwania zaj\u0119\u0107 rodzice\/opiekunowie prawni Student\u00f3w PB BUD nie mog\u0105 opuszcza\u0107 terenu na kt\u00f3rym odbywaj\u0105 si\u0119 zaj\u0119cia.<br \/>\n<\/div>\n\t\t\t\t<\/div>\n\t\t\t<\/div>\n<div class=\"panel panel-default\">\n\t\t\t\t<div class=\"panel-heading\">\n\t\t\t\t\t<div class=\"panel-title\">\n\t\t\t\t\t\t<a class=\"collapsed h4\" data-toggle=\"collapse\" data-parent=\"#custom-collapse-0\" href=\"#custom-collapse-0-6\">7. Czy istnieje konieczno\u015b\u0107 zakupienia podr\u0119cznik\u00f3w i pomocy naukowych?<\/a>\n\t\t\t\t\t<\/div>\n\t\t\t\t<\/div>\n\t\t\t\t<div id=\"custom-collapse-0-6\" class=\"panel-collapse collapse\">\n\t\t\t\t\t<div class=\"panel-body\">\nUczestnictwo w PB BUD nie wi\u0105\u017ce si\u0119 z obowi\u0105zkiem zakupu podr\u0119cznik\u00f3w i pomocy naukowych.<br \/>\n<\/div>\n\t\t\t\t<\/div>\n\t\t\t<\/div>\n<div class=\"panel panel-default\">\n\t\t\t\t<div class=\"panel-heading\">\n\t\t\t\t\t<div class=\"panel-title\">\n\t\t\t\t\t\t<a class=\"collapsed h4\" data-toggle=\"collapse\" data-parent=\"#custom-collapse-0\" href=\"#custom-collapse-0-7\">8. Czy s\u0105 wytyczne dotycz\u0105ce obowi\u0105zuj\u0105cego stroju w trakcie zaj\u0119\u0107?<\/a>\n\t\t\t\t\t<\/div>\n\t\t\t\t<\/div>\n\t\t\t\t<div id=\"custom-collapse-0-7\" class=\"panel-collapse collapse\">\n\t\t\t\t\t<div class=\"panel-body\">\nNa zaj\u0119ciach nie ma wymogu stroju formalnego. Chcemy, by dzieci czu\u0142y si\u0119 swobodnie.<br \/>\n<\/div>\n\t\t\t\t<\/div>\n\t\t\t<\/div>\n<div class=\"panel panel-default\">\n\t\t\t\t<div class=\"panel-heading\">\n\t\t\t\t\t<div class=\"panel-title\">\n\t\t\t\t\t\t<a class=\"collapsed h4\" data-toggle=\"collapse\" data-parent=\"#custom-collapse-0\" href=\"#custom-collapse-0-8\">9. Kiedy rozpocznie si\u0119 rekrutacja na zaj\u0119cia PB BUD?<\/a>\n\t\t\t\t\t<\/div>\n\t\t\t\t<\/div>\n\t\t\t\t<div id=\"custom-collapse-0-8\" class=\"panel-collapse collapse\">\n\t\t\t\t\t<div class=\"panel-body\">\nInformacje dotycz\u0105ce rekrutacji do udzia\u0142u w zaj\u0119ciach PB BUD dost\u0119pne s\u0105 na stronie <a href=\"https:\/\/pb.edu.pl\/pbbud\/rekrutacja\/\">REKRUTACJA<\/a>.<br \/>\n<\/div>\n\t\t\t\t<\/div>\n\t\t\t<\/div>\n<\/div>\n","protected":false},"excerpt":{"rendered":"","protected":false},"author":2,"featured_media":0,"parent":0,"menu_order":8,"comment_status":"closed","ping_status":"closed","template":"","meta":{"_acf_changed":false,"ngg_post_thumbnail":0,"footnotes":""},"class_list":["post-119","page","type-page","status-publish","hentry"],"acf":[],"_links":{"self":[{"href":"https:\/\/pb.edu.pl\/pbbud\/wp-json\/wp\/v2\/pages\/119","targetHints":{"allow":["GET"]}}],"collection":[{"href":"https:\/\/pb.edu.pl\/pbbud\/wp-json\/wp\/v2\/pages"}],"about":[{"href":"https:\/\/pb.edu.pl\/pbbud\/wp-json\/wp\/v2\/types\/page"}],"author":[{"embeddable":true,"href":"https:\/\/pb.edu.pl\/pbbud\/wp-json\/wp\/v2\/users\/2"}],"replies":[{"embeddable":true,"href":"https:\/\/pb.edu.pl\/pbbud\/wp-json\/wp\/v2\/comments?post=119"}],"version-history":[{"count":0,"href":"https:\/\/pb.edu.pl\/pbbud\/wp-json\/wp\/v2\/pages\/119\/revisions"}],"wp:attachment":[{"href":"https:\/\/pb.edu.pl\/pbbud\/wp-json\/wp\/v2\/media?parent=119"}],"curies":[{"name":"wp","href":"https:\/\/api.w.org\/{rel}","templated":true}]}}