{"id":115,"date":"2018-12-11T19:18:17","date_gmt":"2018-12-11T18:18:17","guid":{"rendered":"https:\/\/pb.edu.pl\/pbbud\/?page_id=115"},"modified":"2021-01-15T20:41:32","modified_gmt":"2021-01-15T19:41:32","slug":"biblioteka-mlodego-naukowca","status":"publish","type":"page","link":"https:\/\/pb.edu.pl\/pbbud\/biblioteka-mlodego-naukowca\/","title":{"rendered":"Biblioteka M\u0142odego Naukowca"},"content":{"rendered":"<p><img loading=\"lazy\" decoding=\"async\" class=\"alignleft wp-image-158\" src=\"https:\/\/pb.edu.pl\/pbbud\/wp-content\/uploads\/sites\/27\/2018\/12\/literature-3327172_640.jpg\" alt=\"ksi\u0105\u017cki\" width=\"400\" height=\"266\" srcset=\"https:\/\/pb.edu.pl\/pbbud\/wp-content\/uploads\/sites\/27\/2018\/12\/literature-3327172_640.jpg 640w, https:\/\/pb.edu.pl\/pbbud\/wp-content\/uploads\/sites\/27\/2018\/12\/literature-3327172_640-300x200.jpg 300w, https:\/\/pb.edu.pl\/pbbud\/wp-content\/uploads\/sites\/27\/2018\/12\/literature-3327172_640-480x320.jpg 480w\" sizes=\"auto, (max-width: 400px) 100vw, 400px\" \/>Student PB BUD pod opiek\u0105 osoby doros\u0142ej mo\u017ce korzysta\u0107 ze specjalnie przygotowanego ksi\u0119gozbioru w Czytelni Ksi\u0105\u017cek <a href=\"http:\/\/biblioteka.pb.edu.pl\/pl\">Biblioteki Politechniki Bia\u0142ostockiej<\/a>.<\/p>\n<p>Szczeg\u00f3\u0142owe zasady korzystania z Biblioteki dost\u0119pne s\u0105 w <a href=\"\/pbbud\/regulamin\/\">REGULAMINIE PB BUD<\/a>.<\/p>\n","protected":false},"excerpt":{"rendered":"<p>Student PB BUD pod opiek\u0105 osoby doros\u0142ej mo\u017ce korzysta\u0107 ze specjalnie przygotowanego ksi\u0119gozbioru w Czytelni<\/p>\n","protected":false},"author":2,"featured_media":0,"parent":0,"menu_order":6,"comment_status":"closed","ping_status":"closed","template":"","meta":{"_acf_changed":false,"ngg_post_thumbnail":0,"footnotes":""},"class_list":["post-115","page","type-page","status-publish","hentry"],"acf":[],"_links":{"self":[{"href":"https:\/\/pb.edu.pl\/pbbud\/wp-json\/wp\/v2\/pages\/115","targetHints":{"allow":["GET"]}}],"collection":[{"href":"https:\/\/pb.edu.pl\/pbbud\/wp-json\/wp\/v2\/pages"}],"about":[{"href":"https:\/\/pb.edu.pl\/pbbud\/wp-json\/wp\/v2\/types\/page"}],"author":[{"embeddable":true,"href":"https:\/\/pb.edu.pl\/pbbud\/wp-json\/wp\/v2\/users\/2"}],"replies":[{"embeddable":true,"href":"https:\/\/pb.edu.pl\/pbbud\/wp-json\/wp\/v2\/comments?post=115"}],"version-history":[{"count":0,"href":"https:\/\/pb.edu.pl\/pbbud\/wp-json\/wp\/v2\/pages\/115\/revisions"}],"wp:attachment":[{"href":"https:\/\/pb.edu.pl\/pbbud\/wp-json\/wp\/v2\/media?parent=115"}],"curies":[{"name":"wp","href":"https:\/\/api.w.org\/{rel}","templated":true}]}}