{"id":11,"date":"2018-12-11T17:19:50","date_gmt":"2018-12-11T16:19:50","guid":{"rendered":"https:\/\/pb.edu.pl\/pbbud\/?page_id=11"},"modified":"2025-10-30T13:11:48","modified_gmt":"2025-10-30T12:11:48","slug":"11-2","status":"publish","type":"page","link":"https:\/\/pb.edu.pl\/pbbud\/","title":{"rendered":""},"content":{"rendered":"<p>&nbsp;<br \/>\n<div class=\"carousel slide\" id=\"custom-carousel-0\" data-ride=\"carousel\"><ol class=\"carousel-indicators\"><li class=\"active\" data-target=\"#custom-carousel-0\" data-slide-to=\"0\"><\/li><li class=\"\" data-target=\"#custom-carousel-0\" data-slide-to=\"1\"><\/li><li class=\"\" data-target=\"#custom-carousel-0\" data-slide-to=\"2\"><\/li><li class=\"\" data-target=\"#custom-carousel-0\" data-slide-to=\"3\"><\/li><li class=\"\" data-target=\"#custom-carousel-0\" data-slide-to=\"4\"><\/li><li class=\"\" data-target=\"#custom-carousel-0\" data-slide-to=\"5\"><\/li><li class=\"\" data-target=\"#custom-carousel-0\" data-slide-to=\"6\"><\/li><li class=\"\" data-target=\"#custom-carousel-0\" data-slide-to=\"7\"><\/li><li class=\"\" data-target=\"#custom-carousel-0\" data-slide-to=\"8\"><\/li><li class=\"\" data-target=\"#custom-carousel-0\" data-slide-to=\"9\"><\/li><\/ol><div class=\"carousel-inner\">\n<div class=\"item active\">\n<img loading=\"lazy\" decoding=\"async\" class=\" wp-image-1123 size-full\" src=\"https:\/\/pb.edu.pl\/pbbud\/wp-content\/uploads\/sites\/27\/2025\/10\/slider2025.2026-scaled.png\" alt=\"Rok akademicki 2025\/2026, partnerzy: Wojew\u00f3dztwo Podlaskie, Miasto August\u00f3w, Miasto Bia\u0142ystok, Miasto Bielsk Podlaski, Miasto Hajn\u00f3wka, Miasto Siemiatycze\" width=\"2560\" height=\"792\"><br \/>\n<\/div>\n<div class=\"item\">\n<img loading=\"lazy\" decoding=\"async\" class=\" wp-image-1123 size-full\" src=\"https:\/\/pb.edu.pl\/pbbud\/wp-content\/uploads\/sites\/27\/2024\/11\/slider2024.2025-scaled.jpg\" alt=\"Rok akademicki 2024\/2025, partnerzy: Wojew\u00f3dztwo Podlaskie, Miasto August\u00f3w, Miasto Bia\u0142ystok, Miasto Bielsk Podlaski, Miasto Hajn\u00f3wka, Miasto Siemiatycze\" width=\"2560\" height=\"792\"><br \/>\n<\/div>\n<div class=\"item\">\n<img loading=\"lazy\" decoding=\"async\" class=\" wp-image-1123 size-full\" src=\"https:\/\/pb.edu.pl\/pbbud\/wp-content\/uploads\/sites\/27\/2023\/10\/slider2023.2024-1-scaled.jpg\" alt=\"Rok akademicki 2023\/2024, partnerzy: Wojew\u00f3dztwo Podlaskie, Miasto August\u00f3w, Miasto Bia\u0142ystok, Miasto Bielsk Podlaski, Miasto Siemiatycze\" width=\"2560\" height=\"792\"><br \/>\n<\/div>\n<div class=\"item\">\n<img decoding=\"async\" src=\"https:\/\/pb.edu.pl\/pbbud\/wp-content\/uploads\/sites\/27\/2022\/11\/slider2022.2023nw.png\" alt=\"Rok akademicki 2022\/2023, partnerzy: Wojew\u00f3dztwo Podlaskie, Miasto August\u00f3w, Miasto Bia\u0142ystok, Miasto Grajewo, Miasto Siemiatycze\"><br \/>\n<\/div>\n<div class=\"item\">\n<img decoding=\"async\" src=\"https:\/\/pb.edu.pl\/pbbud\/wp-content\/uploads\/sites\/27\/2021\/10\/PBBUD_2021_2022_s.jpg\" alt=\"Rok akademicki 2021\/2022, partnerzy wojew\u00f3dztwo podlaskie, miasto August\u00f3w, miasto Bia\u0142ystok, miasto Siemiatycze\"><br \/>\n<\/div>\n<div class=\"item\">\n<img decoding=\"async\" src=\"https:\/\/pb.edu.pl\/pbbud\/wp-content\/uploads\/sites\/27\/2021\/03\/pbbud-baner_2020_2021.jpg\" alt=\"Rok akademicki 2020\/2021, partnerzy wojew\u00f3dztwo podlaskie, miasto Bia\u0142ystok\"><br \/>\n<\/div>\n<div class=\"item\">\n<img decoding=\"async\" src=\"https:\/\/pb.edu.pl\/wp-content\/uploads\/2019\/10\/pbbud_2019_2020-\u2014-kopia.jpg\" alt=\"Rok akademicki 2019\/2020. Inicjatywa wsp\u00f3\u0142finansowana przez: miasto August\u00f3w, miasto Bia\u0142ystok, miasto Bielsk Podlaski, miasto Hajn\u00f3wka, miasto Siemiatycze, gmin\u0119 Sok\u00f3lka\"><br \/>\n<\/div>\n<div class=\"item\">\n<img decoding=\"async\" src=\"https:\/\/pb.edu.pl\/pbbud\/wp-content\/uploads\/sites\/27\/2018\/12\/pud_2018_2019.jpg\" alt=\"Rok akademicki 2018\/2019. Inicjatywa wsp\u00f3\u0142finansowana przez: miasto Bia\u0142ystok, miasto Bielsk Podlaski, miasto Hajn\u00f3wka, miasto Siemiatycze, gmin\u0119 Sok\u00f3lka\"><br \/>\n<\/div>\n<div class=\"item\">\n<img decoding=\"async\" src=\"https:\/\/pb.edu.pl\/pbbud\/wp-content\/uploads\/sites\/27\/2018\/12\/pud_2017_2018_2.jpg\" alt=\"Rok akademicki 2017\/2018. Inicjatywa wsp\u00f3\u0142finansowana przez: miasto Bia\u0142ystok, miasto Bielsk Podlaski, miasto Hajn\u00f3wka, miasto Siemiatycze, gmin\u0119 Sok\u00f3lka.\"><br \/>\n<\/div>\n<div class=\"item\">\n<img decoding=\"async\" src=\"https:\/\/pb.edu.pl\/pbbud\/wp-content\/uploads\/sites\/27\/2018\/12\/pud_2016_2017.jpg\" alt=\"Rok akademicki 2016\/2017. Finansowane w ramach programu Uniwersytet m\u0142odego odkrywcy.\"><br \/>\n<\/div>\n<\/div><a class=\"left carousel-control\"  href=\"#custom-carousel-0\" data-slide=\"prev\"><span class=\"glyphicon glyphicon-chevron-left\"><\/span><\/a><a class=\"right carousel-control\" href=\"#custom-carousel-0\" data-slide=\"next\"><span class=\"glyphicon glyphicon-chevron-right\"><\/span><\/a><\/div>\n&nbsp;<\/p>\n<div id=\"aktualnosci\" class=\"href\">&nbsp;<\/div>\n<p><a class=\"h1 color\" style=\"text-decoration: none\" href=\"\/pbbud\/aktualnosci\/\">Aktualno\u015bci <i class=\"fa fa-caret-right\" aria-hidden=\"true\"><\/i><\/a><br \/>\n\t\t<div class=\"box news-box \">\n\t\t<div class=\"row\">\n\t\t\t\n\t\t\t\n\t\t\t\t\n\t\t\t\t\t\t\t\t\t\t<div class=\"col-sm-3\">\n\t\t\t\t\t\t\t\n<article class=\"format-standard\">\n    <span class=\"date text-right\"><i class=\"fal fa-calendar-alt\"><\/i> 13-04-2026<\/span>\n    <a href=\"https:\/\/pb.edu.pl\/pbbud\/2026\/04\/13\/18-kwietnia-2026-roku-kolejne-zajecia\/\">\n      <div class=\"article-image\">\n        <img loading=\"lazy\" decoding=\"async\" width=\"480\" height=\"300\" src=\"https:\/\/pb.edu.pl\/pbbud\/wp-content\/uploads\/sites\/27\/2026\/04\/zajecia-nowa-grafika-2025-480x300.jpg\" class=\"attachment-medium-image-16x10 size-medium-image-16x10 wp-post-image\" alt=\"\" \/>      <\/div>\n      <h3>18 kwietnia 2026 roku \u2013 kolejne zaj\u0119cia<\/h3>\n      Szanowni Pa\u0144stwo, Informujemy, \u017ce najbli\u017csze spotkanie w ramach PB BUD odb\u0119dzie    <\/a>\n<\/article>\t\t\t\t\t\t<\/div>\n\t\t\t\t\t\t\t\t\t\t\t<div class=\"col-sm-3\">\n\t\t\t\t\t\t\t\n<article class=\"format-standard\">\n    <span class=\"date text-right\"><i class=\"fal fa-calendar-alt\"><\/i> 16-03-2026<\/span>\n    <a href=\"https:\/\/pb.edu.pl\/pbbud\/2026\/03\/16\/21-marca-2026-roku-kolejne-zajecia-2\/\">\n      <div class=\"article-image\">\n        <img loading=\"lazy\" decoding=\"async\" width=\"480\" height=\"300\" src=\"https:\/\/pb.edu.pl\/pbbud\/wp-content\/uploads\/sites\/27\/2026\/03\/grafika-informujaca-o-kolejnych-zajeciach-480x300.jpg\" class=\"attachment-medium-image-16x10 size-medium-image-16x10 wp-post-image\" alt=\"\" \/>      <\/div>\n      <h3>21\u00a0marca 2025 roku \u2013 kolejne zaj\u0119cia<\/h3>\n      Szanowni Pa\u0144stwo, Informujemy, \u017ce najbli\u017csze spotkanie w ramach PB BUD odb\u0119dzie    <\/a>\n<\/article>\t\t\t\t\t\t<\/div>\n\t\t\t\t\t\t\t\t\t\t\t<div class=\"col-sm-3\">\n\t\t\t\t\t\t\t\n<article class=\"format-standard\">\n    <span class=\"date text-right\"><i class=\"fal fa-calendar-alt\"><\/i> 25-02-2026<\/span>\n    <a href=\"https:\/\/pb.edu.pl\/pbbud\/2026\/02\/25\/28-lutego-2026-roku-kolejne-zajecia\/\">\n      <div class=\"article-image\">\n        <img loading=\"lazy\" decoding=\"async\" width=\"480\" height=\"300\" src=\"https:\/\/pb.edu.pl\/pbbud\/wp-content\/uploads\/sites\/27\/2026\/02\/zajecia-nowa-grafika-2026-480x300.jpg\" class=\"attachment-medium-image-16x10 size-medium-image-16x10 wp-post-image\" alt=\"\" \/>      <\/div>\n      <h3>28 lutego 2026 roku \u2013 kolejne zaj\u0119cia<\/h3>\n      Szanowni Pa\u0144stwo, Informujemy, \u017ce najbli\u017csze spotkanie w ramach PB BUD odb\u0119dzie    <\/a>\n<\/article>\t\t\t\t\t\t<\/div>\n\t\t\t\t\t\t\t\t\t\t\t<div class=\"col-sm-3\">\n\t\t\t\t\t\t\t\n<article class=\"format-standard\">\n    <span class=\"date text-right\"><i class=\"fal fa-calendar-alt\"><\/i> 29-01-2026<\/span>\n    <a href=\"https:\/\/pb.edu.pl\/pbbud\/2026\/01\/29\/7-lutego-2026-roku-kolejne-zajecia\/\">\n      <div class=\"article-image\">\n        <img loading=\"lazy\" decoding=\"async\" width=\"480\" height=\"300\" src=\"https:\/\/pb.edu.pl\/pbbud\/wp-content\/uploads\/sites\/27\/2026\/01\/zajecia-nowa-grafika-2025aa-480x300.jpg\" class=\"attachment-medium-image-16x10 size-medium-image-16x10 wp-post-image\" alt=\"\" \/>      <\/div>\n      <h3>7 lutego 2026 roku \u2013 kolejne zaj\u0119cia<\/h3>\n      Szanowni Pa\u0144stwo, Informujemy, \u017ce najbli\u017csze spotkanie w ramach PB BUD odb\u0119dzie    <\/a>\n<\/article>\t\t\t\t\t\t<\/div>\n\t\t\t\t\t\n\t\t\t\t\n\t\t\t\t\t<\/div>\n\t\t\t\t\t<\/div>\n\n<hr>\n<p style=\"text-align: center\">Partner Strategiczny Przedsi\u0119wzi\u0119cia <a href=\"https:\/\/podlaskie.eu\/\">Wojew\u00f3dztwo Podlaskie<\/a><br \/>\n<a href=\"https:\/\/www.facebook.com\/wojpodlaskie\" target=\"_blank\" rel=\"noopener\"><img loading=\"lazy\" decoding=\"async\" class=\"aligncenter wp-image-13553 size-small\" src=\"https:\/\/pb.edu.pl\/pbbud\/wp-content\/uploads\/sites\/27\/2022\/11\/logo-1-300x189.jpg\" alt=\"Logo Wojew\u00f3dztwo Podlaskie\" width=\"256\" height=\"160\"><\/a><\/p>\n<p style=\"text-align: center\">Patronat Wojewody Podlaskiego<br \/>\n<a target=\"_blank\" rel=\"noopener\"><img loading=\"lazy\" decoding=\"async\" class=\"aligncenter wp-image-13553 \" src=\"https:\/\/pb.edu.pl\/pud\/wp-content\/uploads\/sites\/26\/2025\/10\/Wojewoda_Podlaski_logo_do_patronatow.jpg\" alt=\"Logo Wojewoda Podlaski\" width=\"142\" height=\"142\"><\/a><\/p>\n","protected":false},"excerpt":{"rendered":"<p>&nbsp; &nbsp; &nbsp; Aktualno\u015bci Partner Strategiczny Przedsi\u0119wzi\u0119cia Wojew\u00f3dztwo Podlaskie Patronat Wojewody Podlaskiego<\/p>\n","protected":false},"author":2,"featured_media":0,"parent":0,"menu_order":0,"comment_status":"closed","ping_status":"closed","template":"","meta":{"_acf_changed":false,"ngg_post_thumbnail":0,"footnotes":""},"class_list":["post-11","page","type-page","status-publish","hentry"],"acf":[],"_links":{"self":[{"href":"https:\/\/pb.edu.pl\/pbbud\/wp-json\/wp\/v2\/pages\/11","targetHints":{"allow":["GET"]}}],"collection":[{"href":"https:\/\/pb.edu.pl\/pbbud\/wp-json\/wp\/v2\/pages"}],"about":[{"href":"https:\/\/pb.edu.pl\/pbbud\/wp-json\/wp\/v2\/types\/page"}],"author":[{"embeddable":true,"href":"https:\/\/pb.edu.pl\/pbbud\/wp-json\/wp\/v2\/users\/2"}],"replies":[{"embeddable":true,"href":"https:\/\/pb.edu.pl\/pbbud\/wp-json\/wp\/v2\/comments?post=11"}],"version-history":[{"count":0,"href":"https:\/\/pb.edu.pl\/pbbud\/wp-json\/wp\/v2\/pages\/11\/revisions"}],"wp:attachment":[{"href":"https:\/\/pb.edu.pl\/pbbud\/wp-json\/wp\/v2\/media?parent=11"}],"curies":[{"name":"wp","href":"https:\/\/api.w.org\/{rel}","templated":true}]}}