{"id":108,"date":"2018-12-11T19:15:33","date_gmt":"2018-12-11T18:15:33","guid":{"rendered":"https:\/\/pb.edu.pl\/pbbud\/?page_id=108"},"modified":"2025-11-03T08:18:08","modified_gmt":"2025-11-03T07:18:08","slug":"rekrutacja","status":"publish","type":"page","link":"https:\/\/pb.edu.pl\/pbbud\/rekrutacja\/","title":{"rendered":"Rekrutacja"},"content":{"rendered":"<div class=\"h3\">ZASADY REKRUTACJI W RAMACH PROJEKTU<br \/>\n\u201ePOLITECHNIKA BIA\u0141OSTOCKA \u2013 BIA\u0141OSTOCKI UNIWERSYTET DZIECI\u0118CY\u201d NA ROK AKADEMICKI 2025\/2026<\/div>\n<div class=\"table-responsive\">\n<table class=\"table table-bordered table-striped table borderless\" style=\"width: auto\">\n<tbody>\n<tr>\n<td style=\"text-align: center\">&nbsp;<br \/>\n&nbsp;<br \/>\n<strong>05.11.2025 (\u015broda)<br \/>\ngodz.: 11:00 \u2013 11:30<\/strong><\/td>\n<td>\n<p style=\"text-align: left\"><strong>REKRUTACJA<\/strong><\/p>\n<p style=\"text-align: left\">Przesy\u0142anie uzupe\u0142nionych formularzy na adres: <i class=\"fa fa-envelope-o\" aria-hidden=\"true\"><\/i> <a href=\"#\" rel=\"nofollow\"  onclick=\"this.href='mailto:' + 'pbbud' + '@' + 'pb.edu.pl'\">pbbud [at] pb.edu.pl<\/a>.<\/p>\n<p style=\"text-align: left\">Zg\u0142oszenia, kt\u00f3re wp\u0142yn\u0105 przed godz. 11:00 oraz po godz. 11:30<br \/>\n<strong>nie b\u0119d\u0105 brane pod uwag\u0119<\/strong>.<\/p>\n<\/td>\n<\/tr>\n<tr>\n<td style=\"text-align: center\"><strong>17.11.2025 (poniedzia\u0142ek)<br \/>\n<\/strong><\/td>\n<td style=\"vertical-align: middle\">\n<p style=\"text-align: left\"><strong>WYNIKI REKRUTACJI<\/strong><\/p>\n<\/td>\n<\/tr>\n<\/tbody>\n<\/table>\n<\/div>\n<div class=\"h2\">Rekrutacja krok po kroku<\/div>\n<ol>\n<li>\u015aci\u0105gniecie ze strony PB BUD <a href=\"#tu-skacz\">formularza rekrutacyjnego<\/a>.<\/li>\n<li>Uzupe\u0142nienie formularza rekrutacyjnego.<\/li>\n<li>Przes\u0142anie uzupe\u0142nionego formularza rekrutacyjnego na adres <i class=\"fa fa-envelope-o\" aria-hidden=\"true\"><\/i> <a href=\"#\" rel=\"nofollow\"  onclick=\"this.href='mailto:' + 'pbbud' + '@' + 'pb.edu.pl'\">pbbud [at] pb.edu.pl<\/a> w okre\u015blonym w harmonogramie terminie (w formie za\u0142\u0105cznika do wiadomo\u015bci e-mail).<\/li>\n<li>Otrzymanie drog\u0105 elektroniczn\u0105 wynik\u00f3w rekrutacji.<\/li>\n<\/ol>\n<p><strong>POPRAWNE ZG\u0141OSZENIE DO UDZIA\u0141U W ZAJ\u0118CIACH PB BUD:<\/strong><\/p>\n<ul>\n<li>terminowe wp\u0142yni\u0119cie wiadomo\u015bci,<\/li>\n<li>jedna wiadomo\u015b\u0107 = jeden za\u0142\u0105cznik tj. jeden formularz rekrutacyjny (z wy\u0142\u0105czeniem rodze\u0144stwa),<\/li>\n<li>w\u0142a\u015bciwy temat wiadomo\u015bci (taki sam jak nazwa za\u0142\u0105cznika),<br \/>\n<strong style=\"color: red\">Temat wiadomo\u015bci: nazwisko_imi\u0119_rok urodzenia<\/strong><br \/>\nnp.:<br \/>\n<em>kowalski_jan_2011<\/em> (w przypadku, gdy dziecko ma jedno imi\u0119)<br \/>\n<em>nowak_piotr_mateusz_2011<\/em> (w przypadku, gdy dziecko ma dwa imiona)<br \/>\n<em>nowak_piotr_mateusz_2011,nowak_kamil_2010<\/em> (w przypadku rodze\u0144stwa)<\/li>\n<li>w\u0142a\u015bciwa nazwa za\u0142\u0105cznika (taka sama jak temat wiadomo\u015bci),<br \/>\n<strong style=\"color: red\">Nazwa pliku w za\u0142\u0105czniku: nazwisko_imi\u0119_rok urodzenia<\/strong><br \/>\nnp.:<br \/>\n<em>kowalski_jan_2011<\/em> (w przypadku, gdy dziecko ma jedno imi\u0119)<br \/>\n<em>nowak_piotr_mateusz_2011<\/em> (w przypadku, gdy dziecko ma dwa imiona)<\/li>\n<li>uzupe\u0142nienie wszystkich p\u00f3l formularza rekrutacyjnego,<\/li>\n<li>w\u0142a\u015bciwy adres e-mail w formularzu rekrutacyjnym (taki sam jak adres, z kt\u00f3rego wysy\u0142ane jest zg\u0142oszenie).<\/li>\n<\/ul>\n<div class=\"h3\">UWAGA!!! WA\u017bNE!!!<\/div>\n<ul>\n<li>Jedna wiadomo\u015b\u0107 e-mail mo\u017ce zawiera\u0107 tylko jeden za\u0142\u0105cznik (zg\u0142oszenie do uczestnictwa w zaj\u0119ciach tylko jednego dziecka).<br \/>\nWyj\u0105tek stanowi zg\u0142oszenie do uczestnictwa w zaj\u0119ciach rodze\u0144stwa.<\/li>\n<li>W przypadku zg\u0142aszania do udzia\u0142u rodze\u0144stwa, dla ka\u017cdego dziecka nale\u017cy wype\u0142ni\u0107 oddzielny formularz rekrutacyjny.<\/li>\n<li>Zg\u0142oszenie przes\u0142ane bez za\u0142\u0105cznika nie b\u0119dzie brane pod uwag\u0119.<\/li>\n<li>Wszystkie pola w formularzu rekrutacyjnym musz\u0105 by\u0107 uzupe\u0142nione.<\/li>\n<li>Zg\u0142oszenia przes\u0142ane poza wyznaczonym terminem nie b\u0119d\u0105 brane pod uwag\u0119 w rekrutacji.<\/li>\n<li>Adres e-mail, z kt\u00f3rego wysy\u0142ane jest zg\u0142oszenie musi by\u0107 taki sam, jak adres podany w formularzu rekrutacyjnym.<\/li>\n<li>Zg\u0142oszenie, kt\u00f3re nie b\u0119dzie spe\u0142nia\u0142o wymog\u00f3w formalnych, nie b\u0119dzie brane pod uwag\u0119 w rekrutacji.<\/li>\n<\/ul>\n<p>O przyj\u0119ciu w poczet student\u00f3w Bia\u0142ostockiego Uniwersytetu Dzieci\u0119cego decyduje kolejno\u015b\u0107 wp\u0142yni\u0119cia <strong>poprawnego<\/strong> zg\u0142oszenia na skrzynk\u0119 pocztow\u0105 PB BUD (<strong><i class=\"fa fa-envelope-o\" aria-hidden=\"true\"><\/i> <a href=\"#\" rel=\"nofollow\"  onclick=\"this.href='mailto:' + 'pbbud' + '@' + 'pb.edu.pl'\">pbbud [at] pb.edu.pl<\/a><\/strong>) w ramach limitu miejsc.<\/p>\n<p><strong>Limit miejsc<\/strong> wynosi <strong>50.<\/strong><\/p>\n<p><strong>Przypominamy, \u017ce Studentem PB BUD mo\u017ce zosta\u0107 ucze\u0144 klasy IV-VI szko\u0142y podstawowej.<\/strong><\/p>\n<p>Ze wzgl\u0119du na du\u017ce zainteresowanie uczestnictwem w zaj\u0119ciach PB BUD, Organizator zastrzega sobie prawo do kontaktowania si\u0119 tylko i wy\u0142\u0105cznie z osobami, kt\u00f3re w pe\u0142ni zastosuj\u0105 si\u0119 do zasad rekrutacji i spe\u0142niaj\u0105 warunki okre\u015blone <a href=\"https:\/\/pb.edu.pl\/pbbud\/regulamin\/\">Regulaminem PB BUD<\/a>.<br \/>\n<a name=\"tu-skacz\"><\/a><\/p>\n<p>&nbsp;<\/p>\n<div class=\"h2\">PONI\u017bEJ ZNAJDUJE SI\u0118 FORMULARZ REKRUTACYJNY DO POBRANIA<\/div>\n<p><span style=\"color: #ff0000\"><strong>Przypominamy, \u017ce rekrutacja ma okre\u015blony czas: 05.11.2025 (\u015broda) w godz.: 11:00 \u2013 11:30.<\/strong><\/span><\/p>\n<input name=\"download-agree[]\" type=\"checkbox\"> O\u015bwiadczam, i\u017c zapozna\u0142am\/zapozna\u0142em si\u0119 z Regulaminem PB BUD dost\u0119pnym na stronie internetowej <a title=\"Otworzy sie w nowej karcie\" href=\"https:\/\/pb.edu.pl\/pbbud\/regulamin\/\" target=\"_blank\" rel=\"noopener noreferrer\">pb.edu.pl\/pbbud\/<\/a> i akceptuj\u0119 jego postanowienia. *<\/p>\n<input name=\"download-agree[]\" type=\"checkbox\"> Wyra\u017cam zgod\u0119 na przetwarzanie danych osobowych zawartych w formularzu rekrutacyjnym w celu rekrutacji do projektu \u201ePolitechnika Bia\u0142ostocka \u2013 Bia\u0142ostocki Uniwersytet Dzieci\u0119cy\u201d oraz o\u015bwiadczam, \u017ce zapozna\u0142am\/zapozna\u0142em si\u0119 z obowi\u0105zkiem informacyjnym Administratora dotycz\u0105cym przetwarzania danych osobowych na podstawie udzielonej zgody. *<\/p>\n<p><em>* &#8211; zaakceptuj aby pobra\u0107 formularz rekrutacyjny<\/em><\/p>\n<p><a class=\"docx download-agree\" href=\"https:\/\/pb.edu.pl\/pbbud\/wp-content\/uploads\/sites\/27\/2025\/11\/Formularz_zgloszeniowy-3.docx\">Pobierz formularz rekrutacyjny<\/a><\/p>\n","protected":false},"excerpt":{"rendered":"<p>ZASADY REKRUTACJI W RAMACH PROJEKTU \u201ePOLITECHNIKA BIA\u0141OSTOCKA \u2013 BIA\u0141OSTOCKI UNIWERSYTET DZIECI\u0118CY\u201d NA ROK AKADEMICKI 2025\/2026<\/p>\n","protected":false},"author":2,"featured_media":0,"parent":0,"menu_order":4,"comment_status":"closed","ping_status":"closed","template":"","meta":{"_acf_changed":false,"ngg_post_thumbnail":0,"footnotes":""},"class_list":["post-108","page","type-page","status-publish","hentry"],"acf":[],"_links":{"self":[{"href":"https:\/\/pb.edu.pl\/pbbud\/wp-json\/wp\/v2\/pages\/108","targetHints":{"allow":["GET"]}}],"collection":[{"href":"https:\/\/pb.edu.pl\/pbbud\/wp-json\/wp\/v2\/pages"}],"about":[{"href":"https:\/\/pb.edu.pl\/pbbud\/wp-json\/wp\/v2\/types\/page"}],"author":[{"embeddable":true,"href":"https:\/\/pb.edu.pl\/pbbud\/wp-json\/wp\/v2\/users\/2"}],"replies":[{"embeddable":true,"href":"https:\/\/pb.edu.pl\/pbbud\/wp-json\/wp\/v2\/comments?post=108"}],"version-history":[{"count":0,"href":"https:\/\/pb.edu.pl\/pbbud\/wp-json\/wp\/v2\/pages\/108\/revisions"}],"wp:attachment":[{"href":"https:\/\/pb.edu.pl\/pbbud\/wp-json\/wp\/v2\/media?parent=108"}],"curies":[{"name":"wp","href":"https:\/\/api.w.org\/{rel}","templated":true}]}}