{"id":58,"date":"2019-09-25T14:04:18","date_gmt":"2019-09-25T12:04:18","guid":{"rendered":"https:\/\/pb.edu.pl\/pb50\/?page_id=58"},"modified":"2025-05-12T15:31:54","modified_gmt":"2025-05-12T13:31:54","slug":"regulamin-projektu","status":"publish","type":"page","link":"https:\/\/pb.edu.pl\/pb5\/dokumenty\/regulamin-projektu\/","title":{"rendered":"Regulamin projektu"},"content":{"rendered":"<p><img loading=\"lazy\" decoding=\"async\" src=\"https:\/\/pb.edu.pl\/pb5\/wp-content\/uploads\/sites\/131\/2024\/07\/image007.png\" alt=\"loga zwi\u0105zane z projektem\" width=\"1440\" height=\"186\" class=\"aligncenter size-full wp-image-898\" srcset=\"https:\/\/pb.edu.pl\/pb5\/wp-content\/uploads\/sites\/131\/2024\/07\/image007.png 1440w, https:\/\/pb.edu.pl\/pb5\/wp-content\/uploads\/sites\/131\/2024\/07\/image007-300x39.png 300w, https:\/\/pb.edu.pl\/pb5\/wp-content\/uploads\/sites\/131\/2024\/07\/image007-1024x132.png 1024w, https:\/\/pb.edu.pl\/pb5\/wp-content\/uploads\/sites\/131\/2024\/07\/image007-768x99.png 768w\" sizes=\"auto, (max-width: 1440px) 100vw, 1440px\" \/><\/p>\n<p><a  class=\"pdf\" href=\"https:\/\/pb.edu.pl\/pb5\/wp-content\/uploads\/sites\/131\/2025\/05\/REGULAMIN-PROJEKTU-PB-5.pdf\" target=\"_blank\" data-id=\"960\" >Regulamin projektu \u201ePB 5.0 &#8211; dostosowanie oferty dydaktycznej Politechniki Bia\u0142ostockiej do potrzeb nowoczesnej gospodarki oraz zielonej i cyfrowej transformacji\u201d <span>(PDF, 200 KB, otworzy si\u0119 w nowej karcie)<\/span><\/a><br \/>\n&nbsp;<\/p>\n<p><a  class=\"pdf\" href=\"https:\/\/pb.edu.pl\/pb5\/wp-content\/uploads\/sites\/131\/2025\/05\/PB-5-Zalacznik-1-A-FORMULARZ-REKRUTACYJNY-STUDENCI.pdf\" target=\"_blank\" data-id=\"963\" >PB 5.0 Za\u0142\u0105cznik 1A FORMULARZ REKRUTACYJNY STUDENCI <span>(PDF, 265 KB, otworzy si\u0119 w nowej karcie)<\/span><\/a><\/p>\n<p><a  class=\"pdf\" href=\"https:\/\/pb.edu.pl\/pb5\/wp-content\/uploads\/sites\/131\/2025\/05\/PB-5-Zalacznik-1-B-FORMULARZ-REKRUTACYJNY-TEACHSKILLS.pdf\" target=\"_blank\" data-id=\"965\" >PB 5.0 Za\u0142\u0105cznik 1B FORMULARZ REKRUTACYJNY TEACHSKILLS <span>(PDF, 247 KB, otworzy si\u0119 w nowej karcie)<\/span><\/a><\/p>\n","protected":false},"excerpt":{"rendered":"<p>Regulamin projektu \u201ePB 5.0 &#8211; dostosowanie oferty dydaktycznej Politechniki Bia\u0142ostockiej do potrzeb nowoczesnej gospodarki oraz<\/p>\n","protected":false},"author":2,"featured_media":0,"parent":21,"menu_order":0,"comment_status":"closed","ping_status":"closed","template":"","meta":{"_acf_changed":false,"ngg_post_thumbnail":0,"footnotes":""},"class_list":["post-58","page","type-page","status-publish","hentry"],"acf":[],"_links":{"self":[{"href":"https:\/\/pb.edu.pl\/pb5\/wp-json\/wp\/v2\/pages\/58","targetHints":{"allow":["GET"]}}],"collection":[{"href":"https:\/\/pb.edu.pl\/pb5\/wp-json\/wp\/v2\/pages"}],"about":[{"href":"https:\/\/pb.edu.pl\/pb5\/wp-json\/wp\/v2\/types\/page"}],"author":[{"embeddable":true,"href":"https:\/\/pb.edu.pl\/pb5\/wp-json\/wp\/v2\/users\/2"}],"replies":[{"embeddable":true,"href":"https:\/\/pb.edu.pl\/pb5\/wp-json\/wp\/v2\/comments?post=58"}],"version-history":[{"count":0,"href":"https:\/\/pb.edu.pl\/pb5\/wp-json\/wp\/v2\/pages\/58\/revisions"}],"up":[{"embeddable":true,"href":"https:\/\/pb.edu.pl\/pb5\/wp-json\/wp\/v2\/pages\/21"}],"wp:attachment":[{"href":"https:\/\/pb.edu.pl\/pb5\/wp-json\/wp\/v2\/media?parent=58"}],"curies":[{"name":"wp","href":"https:\/\/api.w.org\/{rel}","templated":true}]}}