{"id":19,"date":"2019-09-25T00:04:10","date_gmt":"2019-09-24T22:04:10","guid":{"rendered":"https:\/\/pb.edu.pl\/pb50\/?page_id=19"},"modified":"2025-02-21T15:37:02","modified_gmt":"2025-02-21T14:37:02","slug":"zadania","status":"publish","type":"page","link":"https:\/\/pb.edu.pl\/pb5\/zadania\/","title":{"rendered":"Zadania"},"content":{"rendered":"<p><img loading=\"lazy\" decoding=\"async\" src=\"https:\/\/pb.edu.pl\/pb5\/wp-content\/uploads\/sites\/131\/2024\/07\/image007.png\" alt=\"loga zwi\u0105zane z projektem\" width=\"1440\" height=\"186\" class=\"aligncenter size-full wp-image-898\" srcset=\"https:\/\/pb.edu.pl\/pb5\/wp-content\/uploads\/sites\/131\/2024\/07\/image007.png 1440w, https:\/\/pb.edu.pl\/pb5\/wp-content\/uploads\/sites\/131\/2024\/07\/image007-300x39.png 300w, https:\/\/pb.edu.pl\/pb5\/wp-content\/uploads\/sites\/131\/2024\/07\/image007-1024x132.png 1024w, https:\/\/pb.edu.pl\/pb5\/wp-content\/uploads\/sites\/131\/2024\/07\/image007-768x99.png 768w\" sizes=\"auto, (max-width: 1440px) 100vw, 1440px\" \/><\/p>\n<p><strong>Zadanie 1.<\/strong> Utworzenie nowego kierunku kszta\u0142cenia ELEKTROMOBILNO\u015a\u0106 (pierwszego stopnia) na Wydziale Elektrycznym<\/p>\n<p><strong>Zadanie 2.<\/strong> Modernizacja program\u00f3w studi\u00f3w kierunku EKOENERGETYKA (pierwszego stopnia) na Wydziale Elektrycznym<\/p>\n<p><strong>Zadanie 3.<\/strong> Modernizacja program\u00f3w studi\u00f3w kierunku ELEKTROTECHNIKA (pierwszego stopnia) studia dualne na Wydziale Elektrycznym.<\/p>\n<p><strong>Zadanie 4.<\/strong> Utworzenie nowego kierunku kszta\u0142cenia AGROEKOBIZNES studia (pierwszego stopnia i drugiego stopnia) na Wydziale Budownictwa i Nauk o \u015arodowisku.<\/p>\n<p><strong>Zadanie 5.<\/strong> Utworzenie nowego mi\u0119dzywydzia\u0142owego kierunku kszta\u0142cenia TRANSPORT (pierwszego stopnia) przez Wydzia\u0142 Mechaniczny; Wydzia\u0142 In\u017cynierii Zarz\u0105dzania; Wydzia\u0142 Budownictwa i Nauk o \u015arodowisku.<\/p>\n<p><strong>Zadanie 6.<\/strong> Modernizacja programu studi\u00f3w kierunku MECHATRONIKA (pierwszego stopnia) na Wydziale Mechanicznym.<\/p>\n<p><strong>Zadanie 7.<\/strong> Modernizacja programu studi\u00f3w kierunku INFORMATYKA (pierwszego stopnia) na Wydziale Informatyki.<\/p>\n<p><strong>Zadanie 8.<\/strong> Modernizacja programu studi\u00f3w kierunku INFORMATYKA (drugiego stopnia) na Wydziale Informatyki.<br \/>\n&nbsp;<\/p>\n<div class=\"row\">\n<div class=\"col-sm-6 text-center\"><a class=\"button text-center animated zoomIn lead\" style=\"width: 100%\" href=\"\/pb5\/zadania\/wsparcie-skierowane-do-kadry-dydaktycznej-pb\/\"><strong>Wsparcie skierowane do kadry dydaktycznej PB<\/strong><\/a><\/div>\n<div class=\"col-sm-6 text-center\"><a class=\"button text-center animated zoomIn lead\" style=\"width: 100%\" href=\"\/pb5\/zadania\/wsparcie-skierowane-do-studentow\/\"><strong>Wsparcie skierowane do student\u00f3w<\/strong><\/a><\/div>\n<\/div>\n","protected":false},"excerpt":{"rendered":"<p>Zadanie 1. Utworzenie nowego kierunku kszta\u0142cenia ELEKTROMOBILNO\u015a\u0106 (pierwszego stopnia) na Wydziale Elektrycznym Zadanie 2. Modernizacja<\/p>\n","protected":false},"author":2,"featured_media":0,"parent":0,"menu_order":4,"comment_status":"closed","ping_status":"closed","template":"","meta":{"_acf_changed":false,"ngg_post_thumbnail":0,"footnotes":""},"class_list":["post-19","page","type-page","status-publish","hentry"],"acf":[],"_links":{"self":[{"href":"https:\/\/pb.edu.pl\/pb5\/wp-json\/wp\/v2\/pages\/19","targetHints":{"allow":["GET"]}}],"collection":[{"href":"https:\/\/pb.edu.pl\/pb5\/wp-json\/wp\/v2\/pages"}],"about":[{"href":"https:\/\/pb.edu.pl\/pb5\/wp-json\/wp\/v2\/types\/page"}],"author":[{"embeddable":true,"href":"https:\/\/pb.edu.pl\/pb5\/wp-json\/wp\/v2\/users\/2"}],"replies":[{"embeddable":true,"href":"https:\/\/pb.edu.pl\/pb5\/wp-json\/wp\/v2\/comments?post=19"}],"version-history":[{"count":0,"href":"https:\/\/pb.edu.pl\/pb5\/wp-json\/wp\/v2\/pages\/19\/revisions"}],"wp:attachment":[{"href":"https:\/\/pb.edu.pl\/pb5\/wp-json\/wp\/v2\/media?parent=19"}],"curies":[{"name":"wp","href":"https:\/\/api.w.org\/{rel}","templated":true}]}}