{"id":960,"date":"2020-10-16T15:01:01","date_gmt":"2020-10-16T13:01:01","guid":{"rendered":"https:\/\/pb.edu.pl\/pb2020\/?page_id=960"},"modified":"2025-06-24T12:13:29","modified_gmt":"2025-06-24T10:13:29","slug":"warsztaty-sila-glosu-nauczyciela","status":"publish","type":"page","link":"https:\/\/pb.edu.pl\/pb2020\/szkolenia\/szkolenia-dla-pracownikow\/add-2021\/warsztaty-sila-glosu-nauczyciela\/","title":{"rendered":"Warsztaty Si\u0142a g\u0142osu nauczyciela"},"content":{"rendered":"<p><img loading=\"lazy\" decoding=\"async\" class=\"alignnone wp-image-112 size-full\" src=\"https:\/\/pb.edu.pl\/pb2020\/wp-content\/uploads\/sites\/21\/2018\/10\/FE_POWER_poziom_pl-1_rgb.jpg\" alt=\"Z lewej strony logotyp Programu Operacyjnego Wiedza Edukacja Rozw\u00f3j zawieraj\u0105cy jedn\u0105 gwiazdk\u0119 bia\u0142\u0105, jedn\u0105 \u017c\u00f3\u0142t\u0105 oraz jedn\u0105 czerwon\u0105 na niebieskim tle, z prawej strony logo Unii Europejskiej, \u017c\u00f3\u0142te gwiazdki u\u0142o\u017cone w k\u00f3\u0142ko na niebieskim tle oraz napis Unia Europejska Europejski Funduszu Spo\u0142eczny. Na \u015brodku bia\u0142o-czerwona flaga Polski z napisem Rzeczypospolita Polska\" width=\"5883\" height=\"756\" srcset=\"https:\/\/pb.edu.pl\/pb2020\/wp-content\/uploads\/sites\/21\/2018\/10\/FE_POWER_poziom_pl-1_rgb.jpg 5883w, https:\/\/pb.edu.pl\/pb2020\/wp-content\/uploads\/sites\/21\/2018\/10\/FE_POWER_poziom_pl-1_rgb-300x39.jpg 300w, https:\/\/pb.edu.pl\/pb2020\/wp-content\/uploads\/sites\/21\/2018\/10\/FE_POWER_poziom_pl-1_rgb-768x99.jpg 768w, https:\/\/pb.edu.pl\/pb2020\/wp-content\/uploads\/sites\/21\/2018\/10\/FE_POWER_poziom_pl-1_rgb-1024x132.jpg 1024w\" sizes=\"auto, (max-width: 5883px) 100vw, 5883px\" \/><\/p>\n<p>Grupa docelowa: <strong>kadra dydaktyczna<\/strong><\/p>\n<p>Termin:<\/p>\n<p><strong>grupa I:<\/strong> <b>05.02.2021 r., w godzinach 10:00-11:30<\/b><\/p>\n<p><strong>grupa II: <b>05.02.2021 r., w godzinach 12:00-13:30<\/b><\/strong><\/p>\n<p>Liczba godzin kursu: <strong>2 godz. (1 godz. = 45 min.)<\/strong><\/p>\n<p>Liczba os\u00f3b: <strong>max. 10 os.\/grup\u0119<\/strong><\/p>\n<p>Miejsce szkolenia: <strong>Politechnika Bia\u0142ostocka, stacjonarna forma warsztat\u00f3w<\/strong><\/p>\n<p>Prowadz\u0105cy:&nbsp;<strong>dr Mi\u0142os\u0142awa Malzahn<\/strong><\/p>\n<p>Certyfikat: <strong>TAK<\/strong><\/p>\n<hr>\n<div class=\"h3\">Zakres szkolenia obejmuje nast\u0119puj\u0105ce zagadnienia:<\/div>\n<ul>\n<li>Elementy relaksacji (sposoby na nerwowe sytuacje, radzenie sobie z dyskomfortem).<\/li>\n<li>\u0106wiczenia oddechowe &nbsp;i \u0107wiczenia g\u0142osowe.<\/li>\n<li>Nabycie umiej\u0119tno\u015bci odpowiedniego dla uczestnika sposobu oddychania oraz wydobywania dono\u015bnego g\u0142osu przy ma\u0142ym wysi\u0142ku, bez przesilania strun g\u0142osowych.<\/li>\n<li>Wypracowanie odpowiednich nawyk\u00f3w zwi\u0105zanych z u\u017cywaniem narz\u0105du g\u0142osu.<\/li>\n<li>Poznanie oraz utrwalenie \u0107wicze\u0144 artykulacyjnych i oddechowych.<\/li>\n<li>Nabycie umiej\u0119tno\u015bci uruchamiania rezonator\u00f3w g\u0142osowych i poznanie w\u0142a\u015bciwej higieny pracy g\u0142osem.<\/li>\n<\/ul>\n<hr>\n<div class=\"h2\">Rejestracja na szkolenie:<\/div>\n<p style=\"color: red;font-weight: bold\">Uwaga &#8211; szkolenie jest skierowane do kadry dydaktycznej.<\/p>\n<p style=\"color: red;font-weight: bold\">Liczba miejsc jest ograniczona do 20 os\u00f3b. Decyduje kolejno\u015b\u0107 zg\u0142osze\u0144.<\/p>\n<p>Rejestracja zako\u0144czona.<\/p>\n","protected":false},"excerpt":{"rendered":"<p>Grupa docelowa: kadra dydaktyczna Termin: grupa I: 05.02.2021 r., w godzinach 10:00-11:30 grupa II: 05.02.2021<\/p>\n","protected":false},"author":2,"featured_media":0,"parent":919,"menu_order":0,"comment_status":"closed","ping_status":"closed","template":"","meta":{"_acf_changed":false,"ngg_post_thumbnail":0,"footnotes":""},"class_list":["post-960","page","type-page","status-publish","hentry"],"acf":[],"_links":{"self":[{"href":"https:\/\/pb.edu.pl\/pb2020\/wp-json\/wp\/v2\/pages\/960","targetHints":{"allow":["GET"]}}],"collection":[{"href":"https:\/\/pb.edu.pl\/pb2020\/wp-json\/wp\/v2\/pages"}],"about":[{"href":"https:\/\/pb.edu.pl\/pb2020\/wp-json\/wp\/v2\/types\/page"}],"author":[{"embeddable":true,"href":"https:\/\/pb.edu.pl\/pb2020\/wp-json\/wp\/v2\/users\/2"}],"replies":[{"embeddable":true,"href":"https:\/\/pb.edu.pl\/pb2020\/wp-json\/wp\/v2\/comments?post=960"}],"version-history":[{"count":0,"href":"https:\/\/pb.edu.pl\/pb2020\/wp-json\/wp\/v2\/pages\/960\/revisions"}],"up":[{"embeddable":true,"href":"https:\/\/pb.edu.pl\/pb2020\/wp-json\/wp\/v2\/pages\/919"}],"wp:attachment":[{"href":"https:\/\/pb.edu.pl\/pb2020\/wp-json\/wp\/v2\/media?parent=960"}],"curies":[{"name":"wp","href":"https:\/\/api.w.org\/{rel}","templated":true}]}}