{"id":956,"date":"2020-10-16T14:58:25","date_gmt":"2020-10-16T12:58:25","guid":{"rendered":"https:\/\/pb.edu.pl\/pb2020\/?page_id=956"},"modified":"2025-06-24T12:15:19","modified_gmt":"2025-06-24T10:15:19","slug":"warsztaty-sztuka-prezentowania-w-naukach-technicznych","status":"publish","type":"page","link":"https:\/\/pb.edu.pl\/pb2020\/szkolenia\/szkolenia-dla-pracownikow\/add-2021\/warsztaty-sztuka-prezentowania-w-naukach-technicznych\/","title":{"rendered":"Warsztaty Sztuka prezentowania w naukach technicznych"},"content":{"rendered":"<p><img loading=\"lazy\" decoding=\"async\" class=\"alignnone wp-image-112 size-full\" src=\"https:\/\/pb.edu.pl\/pb2020\/wp-content\/uploads\/sites\/21\/2018\/10\/FE_POWER_poziom_pl-1_rgb.jpg\" alt=\"Z lewej strony logotyp Programu Operacyjnego Wiedza Edukacja Rozw\u00f3j zawieraj\u0105cy jedn\u0105 gwiazdk\u0119 bia\u0142\u0105, jedn\u0105 \u017c\u00f3\u0142t\u0105 oraz jedn\u0105 czerwon\u0105 na niebieskim tle, z prawej strony logo Unii Europejskiej, \u017c\u00f3\u0142te gwiazdki u\u0142o\u017cone w k\u00f3\u0142ko na niebieskim tle oraz napis Unia Europejska Europejski Funduszu Spo\u0142eczny. Na \u015brodku bia\u0142o-czerwona flaga Polski z napisem Rzeczypospolita Polska\" width=\"5883\" height=\"756\" srcset=\"https:\/\/pb.edu.pl\/pb2020\/wp-content\/uploads\/sites\/21\/2018\/10\/FE_POWER_poziom_pl-1_rgb.jpg 5883w, https:\/\/pb.edu.pl\/pb2020\/wp-content\/uploads\/sites\/21\/2018\/10\/FE_POWER_poziom_pl-1_rgb-300x39.jpg 300w, https:\/\/pb.edu.pl\/pb2020\/wp-content\/uploads\/sites\/21\/2018\/10\/FE_POWER_poziom_pl-1_rgb-768x99.jpg 768w, https:\/\/pb.edu.pl\/pb2020\/wp-content\/uploads\/sites\/21\/2018\/10\/FE_POWER_poziom_pl-1_rgb-1024x132.jpg 1024w\" sizes=\"auto, (max-width: 5883px) 100vw, 5883px\" \/><\/p>\n<p>Grupa docelowa: <strong>kadra dydaktyczna<\/strong><\/p>\n<p>Termin: <b>16.02.2021 r. w godzinach 10:30-13:30<\/b><\/p>\n<p>Liczba godzin kursu: <strong>4 godz. (1 godz. = 45 min.)<\/strong><\/p>\n<p>Liczba os\u00f3b: <strong>max. 10<\/strong><\/p>\n<p>Miejsce szkolenia: <strong>Politechnika Bia\u0142ostocka, stacjonarna forma warsztat\u00f3w<\/strong><\/p>\n<p>Prowadz\u0105cy:&nbsp;<strong>dr in\u017c. Jaros\u0142aw Makal, prof. PB<\/strong><\/p>\n<p>Certyfikat: <strong>TAK<\/strong><\/p>\n<hr>\n<p>Cel zaj\u0119\u0107: Nabycie umiej\u0119tno\u015bci oceny i samooceny prezentacji dowolnego tematu technicznego. Wykorzystywanie technik pozawerbalnych podczas prezentowania okre\u015blonego tematu technicznego. Metody podtrzymania uwagi s\u0142uchaczy. Wykorzystywanie rekwizyt\u00f3w oraz&nbsp; eksperyment\u00f3w podczas zaj\u0119\u0107 wyk\u0142adowych.<\/p>\n<p>&nbsp;<\/p>\n<p>Zakres merytoryczny warsztatu<\/p>\n<ol>\n<li><strong>Jak mo\u017cna zniech\u0119ci\u0107 student\u00f3w do ucz\u0119szczania na wyk\u0142ady z przedmiotu technicznego?<\/strong><\/li>\n<\/ol>\n<p>&#8211; pokaz slajd\u00f3w jako podstawowa metoda przekazywania wiedzy;<\/p>\n<p>&#8211; omawianie slajd\u00f3w;<\/p>\n<p>&#8211; prze\u0142adowanie slajd\u00f3w nadmiarem tre\u015bci (wzory, tekst, tabele, z\u0142o\u017cone rysunki, itp.);<\/p>\n<p>&#8211; niew\u0142a\u015bciwy wyb\u00f3r sposobu prezentacji (tabela zamiast wykresu, tekst zamiast grafiki, itp.);<\/p>\n<p>&#8211; brak zainteresowania reakcj\u0105 student\u00f3w (ja robi\u0119 swoje, a oni swoje);<\/p>\n<ol start=\"2\">\n<li><strong>Projektowanie cyklu wyk\u0142ad\u00f3w i \u0107wicze\u0144 rachunkowych<\/strong>.<\/li>\n<\/ol>\n<p>&#8211; \u015bcis\u0142a korelacja czasowa i merytoryczna;<\/p>\n<p>&#8211; projekt obliczeniowy \u201eubrany\u201d w cele praktyczne budz\u0105ce zainteresowanie;<\/p>\n<p>&#8211; jakie zadania na \u0107wiczeniach?<\/p>\n<ol start=\"3\">\n<li><strong>Przyk\u0142ady praktyczne i eksperymenty na zaj\u0119ciach wyk\u0142adowych<\/strong>.<\/li>\n<\/ol>\n<p>&#8211; przyk\u0142ady praktyczne: omawianie, pokazywanie zdj\u0119\u0107, film\u00f3w \u2026.<\/p>\n<p>&#8211; eksperymenty: proste, kr\u00f3tkie i nawi\u0105zuj\u0105ce do omawianego tematu;<\/p>\n<p>&#8211; prezentowanie symulacji z zasob\u00f3w Internetu.<\/p>\n<p>&nbsp;<\/p>\n<ol start=\"4\">\n<li><strong>Pozyskiwanie informacji przez nauczyciela i przez student\u00f3w<\/strong>.<\/li>\n<\/ol>\n<p>&#8211; przygotowanie nauczyciela do zaj\u0119\u0107 (scenariusz, rekwizyty, linki do \u017ar\u00f3de\u0142 internetowych \u2026)<\/p>\n<p>&#8211; propozycje dla student\u00f3w.<\/p>\n<ol start=\"5\">\n<li><strong>Motywacja do aktywnego uczestnictwa na zaj\u0119ciach<\/strong>.<\/li>\n<\/ol>\n<p>&#8211; o czym b\u0119d\u0105 dzisiejsze zaj\u0119cia;<\/p>\n<p>&#8211; co trzeba pami\u0119ta\u0107\/rozumie\u0107 z poprzednich zaj\u0119\u0107;<\/p>\n<p>&#8211; o czym b\u0119d\u0105 kolejne zaj\u0119cia (nawet w perspektywie kilku tygodni);<\/p>\n<p>&#8211; testy motywuj\u0105ce (on-line);<\/p>\n<ol start=\"6\">\n<li><strong>Wysy\u0142anie pozytywnych komunikat\u00f3w jako spos\u00f3b na zwi\u0119kszenie motywacji.<\/strong><\/li>\n<\/ol>\n<p>&#8211; pytania na zaj\u0119ciach do student\u00f3w;<\/p>\n<p>&#8211; inspirowanie do pyta\u0144 ze strony student\u00f3w;<\/p>\n<p>&#8211; nie ma \u201eg\u0142upich\u201d pyta\u0144;<\/p>\n<p>&#8211; specjalny czas na zadawanie pyta\u0144 (d\u0142u\u017csze problemy na konsultacjach);<\/p>\n<ol start=\"7\">\n<li><strong>Relacja nauczyciel \u2013 student jako istotny sk\u0142adnik sukcesu dydaktycznego.<\/strong><\/li>\n<\/ol>\n<p>&#8211; student\u00f3w trzeba lubi\u0107, bo oni to czuj\u0105 (u\u015bmiech, \u017cyczliwo\u015b\u0107; pozytywne emocje, itp.)<\/p>\n<p>&#8211; spotkania nieformalne (pizza, spacer, szko\u0142a letnia, ko\u0142o naukowe, itp.)<\/p>\n<ol start=\"8\">\n<li><strong>Spos\u00f3b oceniania<\/strong><\/li>\n<\/ol>\n<p>&#8211; sprawiedliwo\u015b\u0107<\/p>\n<p>&#8211; uwzgl\u0119dnianie aktualnej sytuacji studenta<\/p>\n<p><strong>Zadania dla uczestnik\u00f3w (przed warsztatem):<\/strong><\/p>\n<ol>\n<li style=\"list-style-type: none\">\n<ol>\n<li><em>Przygotowa\u0107 do kr\u00f3tkiego (3-5 minut) zaprezentowania proste zagadnienie\/problem z ulubionej dziedziny (bez rzutnika i bez komputera).<\/em><\/li>\n<li><em>Wybra\u0107 film np. z You Tube, kt\u00f3rym mo\u017cna urozmaici\u0107 zaj\u0119cia (maks. 2 minuty).<\/em><\/li>\n<li><em>Przygotowa\u0107 kr\u00f3tki (3-4 pytania) test w Kahoot (na dowolny temat).<\/em><\/li>\n<\/ol>\n<\/li>\n<\/ol>\n<hr>\n<div class=\"h2\">Rejestracja na szkolenie:<\/div>\n<p style=\"color: red;font-weight: bold\">Uwaga &#8211; szkolenie jest skierowane do kadry dydaktycznej.<\/p>\n<p style=\"color: red;font-weight: bold\">Liczba miejsc jest ograniczona do 10 os\u00f3b. Decyduje kolejno\u015b\u0107 zg\u0142osze\u0144.<\/p>\n<p>Rejestracja zako\u0144czona.<\/p>\n","protected":false},"excerpt":{"rendered":"<p>Grupa docelowa: kadra dydaktyczna Termin: 16.02.2021 r. w godzinach 10:30-13:30 Liczba godzin kursu: 4 godz.<\/p>\n","protected":false},"author":2,"featured_media":0,"parent":919,"menu_order":0,"comment_status":"closed","ping_status":"closed","template":"","meta":{"_acf_changed":false,"ngg_post_thumbnail":0,"footnotes":""},"class_list":["post-956","page","type-page","status-publish","hentry"],"acf":[],"_links":{"self":[{"href":"https:\/\/pb.edu.pl\/pb2020\/wp-json\/wp\/v2\/pages\/956","targetHints":{"allow":["GET"]}}],"collection":[{"href":"https:\/\/pb.edu.pl\/pb2020\/wp-json\/wp\/v2\/pages"}],"about":[{"href":"https:\/\/pb.edu.pl\/pb2020\/wp-json\/wp\/v2\/types\/page"}],"author":[{"embeddable":true,"href":"https:\/\/pb.edu.pl\/pb2020\/wp-json\/wp\/v2\/users\/2"}],"replies":[{"embeddable":true,"href":"https:\/\/pb.edu.pl\/pb2020\/wp-json\/wp\/v2\/comments?post=956"}],"version-history":[{"count":0,"href":"https:\/\/pb.edu.pl\/pb2020\/wp-json\/wp\/v2\/pages\/956\/revisions"}],"up":[{"embeddable":true,"href":"https:\/\/pb.edu.pl\/pb2020\/wp-json\/wp\/v2\/pages\/919"}],"wp:attachment":[{"href":"https:\/\/pb.edu.pl\/pb2020\/wp-json\/wp\/v2\/media?parent=956"}],"curies":[{"name":"wp","href":"https:\/\/api.w.org\/{rel}","templated":true}]}}