{"id":946,"date":"2020-10-16T14:35:47","date_gmt":"2020-10-16T12:35:47","guid":{"rendered":"https:\/\/pb.edu.pl\/pb2020\/?page_id=946"},"modified":"2025-06-24T12:04:47","modified_gmt":"2025-06-24T10:04:47","slug":"warsztaty-autoprezentacja-nauczyciela-akademickiego-czyli-jak-cie-widza-tak-cie-pisza","status":"publish","type":"page","link":"https:\/\/pb.edu.pl\/pb2020\/szkolenia\/szkolenia-dla-pracownikow\/add-2021\/warsztaty-autoprezentacja-nauczyciela-akademickiego-czyli-jak-cie-widza-tak-cie-pisza\/","title":{"rendered":"Warsztaty Autoprezentacja nauczyciela akademickiego, czyli jak ci\u0119 widz\u0105, tak ci\u0119 pisz\u0105"},"content":{"rendered":"<p><img loading=\"lazy\" decoding=\"async\" class=\"alignnone wp-image-112 size-full\" src=\"https:\/\/pb.edu.pl\/pb2020\/wp-content\/uploads\/sites\/21\/2018\/10\/FE_POWER_poziom_pl-1_rgb.jpg\" alt=\"Z lewej strony logotyp Programu Operacyjnego Wiedza Edukacja Rozw\u00f3j zawieraj\u0105cy jedn\u0105 gwiazdk\u0119 bia\u0142\u0105, jedn\u0105 \u017c\u00f3\u0142t\u0105 oraz jedn\u0105 czerwon\u0105 na niebieskim tle, z prawej strony logo Unii Europejskiej, \u017c\u00f3\u0142te gwiazdki u\u0142o\u017cone w k\u00f3\u0142ko na niebieskim tle oraz napis Unia Europejska Europejski Funduszu Spo\u0142eczny. Na \u015brodku bia\u0142o-czerwona flaga Polski z napisem Rzeczypospolita Polska\" width=\"5883\" height=\"756\" srcset=\"https:\/\/pb.edu.pl\/pb2020\/wp-content\/uploads\/sites\/21\/2018\/10\/FE_POWER_poziom_pl-1_rgb.jpg 5883w, https:\/\/pb.edu.pl\/pb2020\/wp-content\/uploads\/sites\/21\/2018\/10\/FE_POWER_poziom_pl-1_rgb-300x39.jpg 300w, https:\/\/pb.edu.pl\/pb2020\/wp-content\/uploads\/sites\/21\/2018\/10\/FE_POWER_poziom_pl-1_rgb-768x99.jpg 768w, https:\/\/pb.edu.pl\/pb2020\/wp-content\/uploads\/sites\/21\/2018\/10\/FE_POWER_poziom_pl-1_rgb-1024x132.jpg 1024w\" sizes=\"auto, (max-width: 5883px) 100vw, 5883px\" \/><\/p>\n<p>Grupa docelowa: <strong>kadra dydaktyczna<\/strong><\/p>\n<p>Termin: <b>10.02.2021 r. w <strong>godzinach 10:00-14:15<\/strong><\/b><\/p>\n<p>Liczba godzin kursu: <strong>5 godz. (1 godz. = 45 min.)<\/strong><\/p>\n<p>Liczba os\u00f3b: <strong>max. 10<\/strong><\/p>\n<p>Miejsce szkolenia: <strong>zdalna forma warsztat\u00f3w<\/strong><\/p>\n<p>Prowadz\u0105cy:&nbsp;<strong>dr Marcin Kolemba<\/strong><\/p>\n<p>Certyfikat: <strong>TAK<\/strong><\/p>\n<hr>\n<div class=\"h3\">Zakres szkolenia obejmuje nast\u0119puj\u0105ce zagadnienia:<\/div>\n<ul>\n<li>Kreowanie wizerunku nauczyciela akademickiego w oczach student\u00f3w i wsp\u00f3\u0142pracownik\u00f3w.<\/li>\n<li>Podanie technik budowania w\u0142asnego obrazu, wedle po\u017c\u0105danych i oczekiwanych spo\u0142ecznie wzorc\u00f3w.<\/li>\n<li>Poznanie i wykorzystywanie etykiety j\u0119zykowej w pracy dydaktycznej.&nbsp;<\/li>\n<li>Zapoznanie nauczycieli akademickich z technikami autoprezentacji, prowadz\u0105cymi do budowy autorytetu wyk\u0142adowcy oraz podniesienia jako\u015bci relacji ze studentami.<\/li>\n<\/ul>\n<hr>\n<div class=\"h2\">Rejestracja na szkolenie:<\/div>\n<p style=\"color: red;font-weight: bold\">Uwaga &#8211; szkolenie jest skierowane do kadry dydaktycznej.<\/p>\n<p style=\"color: red;font-weight: bold\">Liczba miejsc jest ograniczona do 10 os\u00f3b. Decyduje kolejno\u015b\u0107 zg\u0142osze\u0144.<\/p>\n<p>Wszystkie pola oznaczone * musz\u0105 by\u0107 wype\u0142nione aby formularz zosta\u0142 wys\u0142any.<\/p>\n<p>Rejestracja zako\u0144czona.<\/p>\n","protected":false},"excerpt":{"rendered":"<p>Grupa docelowa: kadra dydaktyczna Termin: 10.02.2021 r. w godzinach 10:00-14:15 Liczba godzin kursu: 5 godz.<\/p>\n","protected":false},"author":2,"featured_media":0,"parent":919,"menu_order":0,"comment_status":"closed","ping_status":"closed","template":"","meta":{"_acf_changed":false,"ngg_post_thumbnail":0,"footnotes":""},"class_list":["post-946","page","type-page","status-publish","hentry"],"acf":[],"_links":{"self":[{"href":"https:\/\/pb.edu.pl\/pb2020\/wp-json\/wp\/v2\/pages\/946","targetHints":{"allow":["GET"]}}],"collection":[{"href":"https:\/\/pb.edu.pl\/pb2020\/wp-json\/wp\/v2\/pages"}],"about":[{"href":"https:\/\/pb.edu.pl\/pb2020\/wp-json\/wp\/v2\/types\/page"}],"author":[{"embeddable":true,"href":"https:\/\/pb.edu.pl\/pb2020\/wp-json\/wp\/v2\/users\/2"}],"replies":[{"embeddable":true,"href":"https:\/\/pb.edu.pl\/pb2020\/wp-json\/wp\/v2\/comments?post=946"}],"version-history":[{"count":0,"href":"https:\/\/pb.edu.pl\/pb2020\/wp-json\/wp\/v2\/pages\/946\/revisions"}],"up":[{"embeddable":true,"href":"https:\/\/pb.edu.pl\/pb2020\/wp-json\/wp\/v2\/pages\/919"}],"wp:attachment":[{"href":"https:\/\/pb.edu.pl\/pb2020\/wp-json\/wp\/v2\/media?parent=946"}],"curies":[{"name":"wp","href":"https:\/\/api.w.org\/{rel}","templated":true}]}}