{"id":939,"date":"2020-10-16T14:24:28","date_gmt":"2020-10-16T12:24:28","guid":{"rendered":"https:\/\/pb.edu.pl\/pb2020\/?page_id=939"},"modified":"2025-06-24T12:14:48","modified_gmt":"2025-06-24T10:14:48","slug":"warsztaty-sztuka-dbania-o-wlasna-kreatywnosc-nauczyciel-i-sprawy-niemozliwe","status":"publish","type":"page","link":"https:\/\/pb.edu.pl\/pb2020\/szkolenia\/szkolenia-dla-pracownikow\/add-2021\/warsztaty-sztuka-dbania-o-wlasna-kreatywnosc-nauczyciel-i-sprawy-niemozliwe\/","title":{"rendered":"Warsztaty Sztuka dbania o w\u0142asn\u0105 kreatywno\u015b\u0107-nauczyciel i sprawy niemo\u017cliwe"},"content":{"rendered":"<p><img loading=\"lazy\" decoding=\"async\" class=\"alignnone wp-image-112 size-full\" src=\"https:\/\/pb.edu.pl\/pb2020\/wp-content\/uploads\/sites\/21\/2018\/10\/FE_POWER_poziom_pl-1_rgb.jpg\" alt=\"Z lewej strony logotyp Programu Operacyjnego Wiedza Edukacja Rozw\u00f3j zawieraj\u0105cy jedn\u0105 gwiazdk\u0119 bia\u0142\u0105, jedn\u0105 \u017c\u00f3\u0142t\u0105 oraz jedn\u0105 czerwon\u0105 na niebieskim tle, z prawej strony logo Unii Europejskiej, \u017c\u00f3\u0142te gwiazdki u\u0142o\u017cone w k\u00f3\u0142ko na niebieskim tle oraz napis Unia Europejska Europejski Funduszu Spo\u0142eczny. Na \u015brodku bia\u0142o-czerwona flaga Polski z napisem Rzeczypospolita Polska\" width=\"5883\" height=\"756\" srcset=\"https:\/\/pb.edu.pl\/pb2020\/wp-content\/uploads\/sites\/21\/2018\/10\/FE_POWER_poziom_pl-1_rgb.jpg 5883w, https:\/\/pb.edu.pl\/pb2020\/wp-content\/uploads\/sites\/21\/2018\/10\/FE_POWER_poziom_pl-1_rgb-300x39.jpg 300w, https:\/\/pb.edu.pl\/pb2020\/wp-content\/uploads\/sites\/21\/2018\/10\/FE_POWER_poziom_pl-1_rgb-768x99.jpg 768w, https:\/\/pb.edu.pl\/pb2020\/wp-content\/uploads\/sites\/21\/2018\/10\/FE_POWER_poziom_pl-1_rgb-1024x132.jpg 1024w\" sizes=\"auto, (max-width: 5883px) 100vw, 5883px\" \/><\/p>\n<p>Grupa docelowa: <strong>kadra dydaktyczna<\/strong><\/p>\n<p>Termin: <strong>04.02.2021 r. w godzinach 10:00-13:30<\/strong><\/p>\n<p>Liczba godzin kursu: <strong>4 godz. (1 godz. = 45 min.)<\/strong><\/p>\n<p>Liczba os\u00f3b: <strong>max. 10<\/strong><\/p>\n<p>Miejsce szkolenia: <strong>zdalna forma warsztat\u00f3w<\/strong><\/p>\n<p>Prowadz\u0105cy:&nbsp;<strong>dr Mi\u0142os\u0142awa Malzahn<\/strong><\/p>\n<p>Certyfikat: <strong>TAK<\/strong><\/p>\n<hr>\n<div class=\"h3\">Zakres szkolenia obejmuje nast\u0119puj\u0105ce zagadnienia:<\/div>\n<ul>\n<li>Poznanie zasad pobudzenia wyobra\u017ani.<\/li>\n<li>Wykszta\u0142cenie umiej\u0119tno\u015bci wykonywania \u0107wicze\u0144 na konstruowanie wewn\u0119trznych obraz\u00f3w.<\/li>\n<li>Poznanie i utrwalenie kilku zasad mnemotechniki (\u0142a\u0144cuszek skojarze\u0144, pa\u0142ac).<\/li>\n<\/ul>\n<hr>\n<div class=\"h2\">Rejestracja na szkolenie:<\/div>\n<p style=\"color: red;font-weight: bold\">Uwaga &#8211; szkolenie jest skierowane do kadry dydaktycznej.<\/p>\n<p style=\"color: red;font-weight: bold\">Liczba miejsc jest ograniczona do 10 os\u00f3b. Decyduje kolejno\u015b\u0107 zg\u0142osze\u0144.<\/p>\n<p>Rejestracja zako\u0144czona.<\/p>\n","protected":false},"excerpt":{"rendered":"<p>Grupa docelowa: kadra dydaktyczna Termin: 04.02.2021 r. w godzinach 10:00-13:30 Liczba godzin kursu: 4 godz.<\/p>\n","protected":false},"author":2,"featured_media":0,"parent":919,"menu_order":0,"comment_status":"closed","ping_status":"closed","template":"","meta":{"_acf_changed":false,"ngg_post_thumbnail":0,"footnotes":""},"class_list":["post-939","page","type-page","status-publish","hentry"],"acf":[],"_links":{"self":[{"href":"https:\/\/pb.edu.pl\/pb2020\/wp-json\/wp\/v2\/pages\/939","targetHints":{"allow":["GET"]}}],"collection":[{"href":"https:\/\/pb.edu.pl\/pb2020\/wp-json\/wp\/v2\/pages"}],"about":[{"href":"https:\/\/pb.edu.pl\/pb2020\/wp-json\/wp\/v2\/types\/page"}],"author":[{"embeddable":true,"href":"https:\/\/pb.edu.pl\/pb2020\/wp-json\/wp\/v2\/users\/2"}],"replies":[{"embeddable":true,"href":"https:\/\/pb.edu.pl\/pb2020\/wp-json\/wp\/v2\/comments?post=939"}],"version-history":[{"count":0,"href":"https:\/\/pb.edu.pl\/pb2020\/wp-json\/wp\/v2\/pages\/939\/revisions"}],"up":[{"embeddable":true,"href":"https:\/\/pb.edu.pl\/pb2020\/wp-json\/wp\/v2\/pages\/919"}],"wp:attachment":[{"href":"https:\/\/pb.edu.pl\/pb2020\/wp-json\/wp\/v2\/media?parent=939"}],"curies":[{"name":"wp","href":"https:\/\/api.w.org\/{rel}","templated":true}]}}