{"id":919,"date":"2020-10-16T13:25:54","date_gmt":"2020-10-16T11:25:54","guid":{"rendered":"https:\/\/pb.edu.pl\/pb2020\/?page_id=919"},"modified":"2022-10-05T10:43:17","modified_gmt":"2022-10-05T08:43:17","slug":"add-2021","status":"publish","type":"page","link":"https:\/\/pb.edu.pl\/pb2020\/szkolenia\/szkolenia-dla-pracownikow\/add-2021\/","title":{"rendered":"Akademickie Dni Dydaktyki Politechniki Bia\u0142ostockiej 2021"},"content":{"rendered":"<p><img loading=\"lazy\" decoding=\"async\" class=\"alignnone size-full wp-image-1700\" src=\"https:\/\/pb.edu.pl\/pb2020\/wp-content\/uploads\/sites\/21\/2022\/09\/belka-POWER_pl.jpg\" alt=\"\" width=\"1871\" height=\"183\" srcset=\"https:\/\/pb.edu.pl\/pb2020\/wp-content\/uploads\/sites\/21\/2022\/09\/belka-POWER_pl.jpg 1871w, https:\/\/pb.edu.pl\/pb2020\/wp-content\/uploads\/sites\/21\/2022\/09\/belka-POWER_pl-300x29.jpg 300w, https:\/\/pb.edu.pl\/pb2020\/wp-content\/uploads\/sites\/21\/2022\/09\/belka-POWER_pl-1024x100.jpg 1024w, https:\/\/pb.edu.pl\/pb2020\/wp-content\/uploads\/sites\/21\/2022\/09\/belka-POWER_pl-768x75.jpg 768w, https:\/\/pb.edu.pl\/pb2020\/wp-content\/uploads\/sites\/21\/2022\/09\/belka-POWER_pl-1536x150.jpg 1536w\" sizes=\"auto, (max-width: 1871px) 100vw, 1871px\" \/><br \/>\n<div class=\"panel-group\" id=\"custom-collapse-0\">\n<div class=\"panel panel-default\">\n\t\t\t\t<div class=\"panel-heading\">\n\t\t\t\t\t<div class=\"panel-title\">\n\t\t\t\t\t\t<a class=\"collapsed h4\" data-toggle=\"collapse\" data-parent=\"#custom-collapse-0\" href=\"#custom-collapse-0-0\">Warsztaty pedagogiczne<\/a>\n\t\t\t\t\t<\/div>\n\t\t\t\t<\/div>\n\t\t\t\t<div id=\"custom-collapse-0-0\" class=\"panel-collapse collapse\">\n\t\t\t\t\t<div class=\"panel-body\">\nSzkolenie dedykowane nauczycielom akademickim w ramach projektu &#8222;PB2020 &#8211; Zintegrowany Program Rozwoju Politechniki Bia\u0142ostockiej&#8221; realizowanego z Programu Operacyjnego Wiedza Edukacja Rozw\u00f3j.<br \/>\n<a title=\"Przejd\u017a do opisu szkolenia: Komunikacja interpersonalna w pracy zawodowej\" href=\"\/pb2020\/szkolenia\/szkolenia-pracwonikow\/add-2021\/warsztaty-pedagogiczne\">Poznaj szczeg\u00f3\u0142ow\u0105 ofert\u0119<\/a><\/p>\n<\/div>\n\t\t\t\t<\/div>\n\t\t\t<\/div>\n<div class=\"panel panel-default\">\n\t\t\t\t<div class=\"panel-heading\">\n\t\t\t\t\t<div class=\"panel-title\">\n\t\t\t\t\t\t<a class=\"collapsed h4\" data-toggle=\"collapse\" data-parent=\"#custom-collapse-0\" href=\"#custom-collapse-0-1\">Akademickie \u015brodowisko uczenia si\u0119-rzecz o dydaktyce zaanga\u017cowania<\/a>\n\t\t\t\t\t<\/div>\n\t\t\t\t<\/div>\n\t\t\t\t<div id=\"custom-collapse-0-1\" class=\"panel-collapse collapse\">\n\t\t\t\t\t<div class=\"panel-body\">\nSzkolenie dedykowane nauczycielom akademickim w ramach projektu &#8222;PB2020 &#8211; Zintegrowany Program Rozwoju Politechniki Bia\u0142ostockiej&#8221; realizowanego z Programu Operacyjnego Wiedza Edukacja Rozw\u00f3j.<br \/>\n<a title=\"Przejd\u017a do opisu szkolenia: Komunikacja interpersonalna w pracy zawodowej\" href=\"\/pb2020\/szkolenia\/szkolenia-pracwonikow\/add-2021\/akademickie-srodowisko-uczenia-sie-rzecz-o-dydaktyce-zaangazowania\">Poznaj szczeg\u00f3\u0142ow\u0105 ofert\u0119<\/a><\/p>\n<\/div>\n\t\t\t\t<\/div>\n\t\t\t<\/div>\n<div class=\"panel panel-default\">\n\t\t\t\t<div class=\"panel-heading\">\n\t\t\t\t\t<div class=\"panel-title\">\n\t\t\t\t\t\t<a class=\"collapsed h4\" data-toggle=\"collapse\" data-parent=\"#custom-collapse-0\" href=\"#custom-collapse-0-2\">Warsztaty Sceniczne techniki prowadzenia zaj\u0119\u0107<\/a>\n\t\t\t\t\t<\/div>\n\t\t\t\t<\/div>\n\t\t\t\t<div id=\"custom-collapse-0-2\" class=\"panel-collapse collapse\">\n\t\t\t\t\t<div class=\"panel-body\">\nSzkolenie dedykowane nauczycielom akademickim w ramach projektu &#8222;PB2020 &#8211; Zintegrowany Program Rozwoju Politechniki Bia\u0142ostockiej&#8221; realizowanego z Programu Operacyjnego Wiedza Edukacja Rozw\u00f3j.<br \/>\n<a title=\"Przejd\u017a do opisu szkolenia: Komunikacja interpersonalna w pracy zawodowej\" href=\"\/pb2020\/szkolenia\/szkolenia-pracwonikow\/add-2021\/Warsztaty-Sceniczne-techniki-prowadzenia-zajec\">Poznaj szczeg\u00f3\u0142ow\u0105 ofert\u0105<\/a><br \/>\n<\/div>\n\t\t\t\t<\/div>\n\t\t\t<\/div>\n<div class=\"panel panel-default\">\n\t\t\t\t<div class=\"panel-heading\">\n\t\t\t\t\t<div class=\"panel-title\">\n\t\t\t\t\t\t<a class=\"collapsed h4\" data-toggle=\"collapse\" data-parent=\"#custom-collapse-0\" href=\"#custom-collapse-0-3\">Warsztaty Sztuka dbania o w\u0142asn\u0105 kreatywno\u015b\u0107-nauczyciel i sprawy niemo\u017cliwe<\/a>\n\t\t\t\t\t<\/div>\n\t\t\t\t<\/div>\n\t\t\t\t<div id=\"custom-collapse-0-3\" class=\"panel-collapse collapse\">\n\t\t\t\t\t<div class=\"panel-body\">\nSzkolenie dedykowane nauczycielom akademickim w ramach projektu &#8222;PB2020 &#8211; Zintegrowany Program Rozwoju Politechniki Bia\u0142ostockiej&#8221; realizowanego z Programu Operacyjnego Wiedza Edukacja Rozw\u00f3j.<br \/>\n<a title=\"Przejd\u017a do opisu szkolenia: Komunikacja interpersonalna w pracy zawodowej\" href=\"\/pb2020\/szkolenia\/szkolenia-pracwonikow\/add-2021\/Warsztaty-Sztuka-dbania-o-wlasna-kreatywnosc-nauczyciel-i-sprawy-niemozliwe\">Poznaj szczeg\u00f3\u0142ow\u0105 ofert\u0105<\/a><br \/>\n<\/div>\n\t\t\t\t<\/div>\n\t\t\t<\/div>\n<div class=\"panel panel-default\">\n\t\t\t\t<div class=\"panel-heading\">\n\t\t\t\t\t<div class=\"panel-title\">\n\t\t\t\t\t\t<a class=\"collapsed h4\" data-toggle=\"collapse\" data-parent=\"#custom-collapse-0\" href=\"#custom-collapse-0-4\">Warsztaty Autoprezentacja nauczyciela akademickiego, czyli jak ci\u0119 widz\u0105, tak ci\u0119 pisz\u0105<\/a>\n\t\t\t\t\t<\/div>\n\t\t\t\t<\/div>\n\t\t\t\t<div id=\"custom-collapse-0-4\" class=\"panel-collapse collapse\">\n\t\t\t\t\t<div class=\"panel-body\">\nSzkolenie dedykowane nauczycielom akademickim w ramach projektu &#8222;PB2020 &#8211; Zintegrowany Program Rozwoju Politechniki Bia\u0142ostockiej&#8221; realizowanego z Programu Operacyjnego Wiedza Edukacja Rozw\u00f3j.<br \/>\n<a title=\"Przejd\u017a do opisu szkolenia: Komunikacja interpersonalna w pracy zawodowej\" href=\"\/pb2020\/szkolenia\/szkolenia-pracwonikow\/add-2021\/Warsztaty-Autoprezentacja-nauczyciela-akademickiego-czyli-jak-cie-widza-tak-cie-pisza\">Poznaj szczeg\u00f3\u0142ow\u0105 ofert\u0105<\/a><br \/>\n<\/div>\n\t\t\t\t<\/div>\n\t\t\t<\/div>\n<div class=\"panel panel-default\">\n\t\t\t\t<div class=\"panel-heading\">\n\t\t\t\t\t<div class=\"panel-title\">\n\t\t\t\t\t\t<a class=\"collapsed h4\" data-toggle=\"collapse\" data-parent=\"#custom-collapse-0\" href=\"#custom-collapse-0-5\">Warsztaty Narz\u0119dzia Kszta\u0142cenia na odleg\u0142o\u015b\u0107<\/a>\n\t\t\t\t\t<\/div>\n\t\t\t\t<\/div>\n\t\t\t\t<div id=\"custom-collapse-0-5\" class=\"panel-collapse collapse\">\n\t\t\t\t\t<div class=\"panel-body\">\nSzkolenie dedykowane nauczycielom akademickim w ramach projektu &#8222;PB2020 &#8211; Zintegrowany Program Rozwoju Politechniki Bia\u0142ostockiej&#8221; realizowanego z Programu Operacyjnego Wiedza Edukacja Rozw\u00f3j.<br \/>\n<a title=\"Przejd\u017a do opisu szkolenia: Komunikacja interpersonalna w pracy zawodowej\" href=\"\/pb2020\/szkolenia\/szkolenia-pracwonikow\/add-2021\/Warsztaty-Narzedzia-Ksztalcenia-na-odleglosc\">Poznaj szczeg\u00f3\u0142ow\u0105 ofert\u0105<\/a><br \/>\n<\/div>\n\t\t\t\t<\/div>\n\t\t\t<\/div>\n<div class=\"panel panel-default\">\n\t\t\t\t<div class=\"panel-heading\">\n\t\t\t\t\t<div class=\"panel-title\">\n\t\t\t\t\t\t<a class=\"collapsed h4\" data-toggle=\"collapse\" data-parent=\"#custom-collapse-0\" href=\"#custom-collapse-0-6\">Warsztaty Grywalizacja jako metoda aktywizacji<\/a>\n\t\t\t\t\t<\/div>\n\t\t\t\t<\/div>\n\t\t\t\t<div id=\"custom-collapse-0-6\" class=\"panel-collapse collapse\">\n\t\t\t\t\t<div class=\"panel-body\">\nSzkolenie dedykowane nauczycielom akademickim w ramach projektu &#8222;PB2020 &#8211; Zintegrowany Program Rozwoju Politechniki Bia\u0142ostockiej&#8221; realizowanego z Programu Operacyjnego Wiedza Edukacja Rozw\u00f3j.<br \/>\n<a title=\"Przejd\u017a do opisu szkolenia: Komunikacja interpersonalna w pracy zawodowej\" href=\"\/pb2020\/szkolenia\/szkolenia-pracwonikow\/add-2021\/warsztaty-grywalizacja-jako-metoda-aktywizacji\">Poznaj szczeg\u00f3\u0142ow\u0105 ofert\u0105<\/a><br \/>\n<\/div>\n\t\t\t\t<\/div>\n\t\t\t<\/div>\n<div class=\"panel panel-default\">\n\t\t\t\t<div class=\"panel-heading\">\n\t\t\t\t\t<div class=\"panel-title\">\n\t\t\t\t\t\t<a class=\"collapsed h4\" data-toggle=\"collapse\" data-parent=\"#custom-collapse-0\" href=\"#custom-collapse-0-7\">Warsztaty Sztuka prezentowania w naukach technicznych<\/a>\n\t\t\t\t\t<\/div>\n\t\t\t\t<\/div>\n\t\t\t\t<div id=\"custom-collapse-0-7\" class=\"panel-collapse collapse\">\n\t\t\t\t\t<div class=\"panel-body\">\nSzkolenie dedykowane nauczycielom akademickim w ramach projektu &#8222;PB2020 &#8211; Zintegrowany Program Rozwoju Politechniki Bia\u0142ostockiej&#8221; realizowanego z Programu Operacyjnego Wiedza Edukacja Rozw\u00f3j.<br \/>\n<a title=\"Przejd\u017a do opisu szkolenia: Komunikacja interpersonalna w pracy zawodowej\" href=\"\/pb2020\/szkolenia\/szkolenia-pracwonikow\/add-2021\/warsztaty-sztuka-prezentowania-w-naukach-technicznych\">Poznaj szczeg\u00f3\u0142ow\u0105 ofert\u0105<\/a><br \/>\n<\/div>\n\t\t\t\t<\/div>\n\t\t\t<\/div>\n<div class=\"panel panel-default\">\n\t\t\t\t<div class=\"panel-heading\">\n\t\t\t\t\t<div class=\"panel-title\">\n\t\t\t\t\t\t<a class=\"collapsed h4\" data-toggle=\"collapse\" data-parent=\"#custom-collapse-0\" href=\"#custom-collapse-0-8\">Warsztaty Si\u0142a g\u0142osu nauczyciela akademickiego<\/a>\n\t\t\t\t\t<\/div>\n\t\t\t\t<\/div>\n\t\t\t\t<div id=\"custom-collapse-0-8\" class=\"panel-collapse collapse\">\n\t\t\t\t\t<div class=\"panel-body\">\nSzkolenie dedykowane nauczycielom akademickim w ramach projektu &#8222;PB2020 &#8211; Zintegrowany Program Rozwoju Politechniki Bia\u0142ostockiej&#8221; realizowanego z Programu Operacyjnego Wiedza Edukacja Rozw\u00f3j.<br \/>\n<a title=\"Przejd\u017a do opisu szkolenia: Komunikacja interpersonalna w pracy zawodowej\" href=\"\/pb2020\/szkolenia\/szkolenia-pracwonikow\/add-2021\/warsztaty-sila-glosu-nauczyciela\">Poznaj szczeg\u00f3\u0142ow\u0105 ofert\u0105<\/a><br \/>\n<\/div>\n\t\t\t\t<\/div>\n\t\t\t<\/div>\n<div class=\"panel panel-default\">\n\t\t\t\t<div class=\"panel-heading\">\n\t\t\t\t\t<div class=\"panel-title\">\n\t\t\t\t\t\t<a class=\"collapsed h4\" data-toggle=\"collapse\" data-parent=\"#custom-collapse-0\" href=\"#custom-collapse-0-9\">Warsztaty Sztuka pisania test\u00f3w<\/a>\n\t\t\t\t\t<\/div>\n\t\t\t\t<\/div>\n\t\t\t\t<div id=\"custom-collapse-0-9\" class=\"panel-collapse collapse\">\n\t\t\t\t\t<div class=\"panel-body\">\nSzkolenie dedykowane nauczycielom akademickim w ramach projektu &#8222;PB2020 &#8211; Zintegrowany Program Rozwoju Politechniki Bia\u0142ostockiej&#8221; realizowanego z Programu Operacyjnego Wiedza Edukacja Rozw\u00f3j.<br \/>\n<a title=\"Przejd\u017a do opisu szkolenia: Komunikacja interpersonalna w pracy zawodowej\" href=\"\/pb2020\/szkolenia\/szkolenia-pracwonikow\/add-2021\/warsztaty-Sztuka-pisania-testow\">Poznaj szczeg\u00f3\u0142ow\u0105 ofert\u0105<\/a><br \/>\n<\/div>\n\t\t\t\t<\/div>\n\t\t\t<\/div>\n<\/div>\n","protected":false},"excerpt":{"rendered":"","protected":false},"author":33,"featured_media":0,"parent":910,"menu_order":0,"comment_status":"closed","ping_status":"closed","template":"","meta":{"_acf_changed":false,"ngg_post_thumbnail":0,"footnotes":""},"class_list":["post-919","page","type-page","status-publish","hentry"],"acf":[],"_links":{"self":[{"href":"https:\/\/pb.edu.pl\/pb2020\/wp-json\/wp\/v2\/pages\/919","targetHints":{"allow":["GET"]}}],"collection":[{"href":"https:\/\/pb.edu.pl\/pb2020\/wp-json\/wp\/v2\/pages"}],"about":[{"href":"https:\/\/pb.edu.pl\/pb2020\/wp-json\/wp\/v2\/types\/page"}],"author":[{"embeddable":true,"href":"https:\/\/pb.edu.pl\/pb2020\/wp-json\/wp\/v2\/users\/33"}],"replies":[{"embeddable":true,"href":"https:\/\/pb.edu.pl\/pb2020\/wp-json\/wp\/v2\/comments?post=919"}],"version-history":[{"count":0,"href":"https:\/\/pb.edu.pl\/pb2020\/wp-json\/wp\/v2\/pages\/919\/revisions"}],"up":[{"embeddable":true,"href":"https:\/\/pb.edu.pl\/pb2020\/wp-json\/wp\/v2\/pages\/910"}],"wp:attachment":[{"href":"https:\/\/pb.edu.pl\/pb2020\/wp-json\/wp\/v2\/media?parent=919"}],"curies":[{"name":"wp","href":"https:\/\/api.w.org\/{rel}","templated":true}]}}