{"id":87,"date":"2018-09-21T15:47:47","date_gmt":"2018-09-21T13:47:47","guid":{"rendered":"https:\/\/pb.edu.pl\/pb2020\/?page_id=87"},"modified":"2023-09-29T09:36:31","modified_gmt":"2023-09-29T07:36:31","slug":"regulamin-projektu","status":"publish","type":"page","link":"https:\/\/pb.edu.pl\/pb2020\/dokumenty\/regulamin-projektu\/","title":{"rendered":"Regulamin projektu"},"content":{"rendered":"<p><img loading=\"lazy\" decoding=\"async\" class=\"alignnone size-full wp-image-1700\" src=\"https:\/\/pb.edu.pl\/pb2020\/wp-content\/uploads\/sites\/21\/2022\/09\/belka-POWER_pl.jpg\" alt=\"\" width=\"1871\" height=\"183\" srcset=\"https:\/\/pb.edu.pl\/pb2020\/wp-content\/uploads\/sites\/21\/2022\/09\/belka-POWER_pl.jpg 1871w, https:\/\/pb.edu.pl\/pb2020\/wp-content\/uploads\/sites\/21\/2022\/09\/belka-POWER_pl-300x29.jpg 300w, https:\/\/pb.edu.pl\/pb2020\/wp-content\/uploads\/sites\/21\/2022\/09\/belka-POWER_pl-1024x100.jpg 1024w, https:\/\/pb.edu.pl\/pb2020\/wp-content\/uploads\/sites\/21\/2022\/09\/belka-POWER_pl-768x75.jpg 768w, https:\/\/pb.edu.pl\/pb2020\/wp-content\/uploads\/sites\/21\/2022\/09\/belka-POWER_pl-1536x150.jpg 1536w\" sizes=\"auto, (max-width: 1871px) 100vw, 1871px\" \/><\/p>\n<p><a class=\"pdf\" title=\"otworzy si\u0119 w nowej karcie\" href=\"https:\/\/pb.edu.pl\/pb2020\/wp-content\/uploads\/sites\/21\/2023\/05\/Regulamin-Projektu-PB2020-05.2023.pdf\" target=\"_blank\" rel=\"noopener\">Regulamin Projektu PB2020 (PDF, wersja dost\u0119pna cyfrowo, 484KB)<\/a><\/p>\n<p><a class=\"pdf\" title=\"otworzy si\u0119 w nowej karcie\" href=\"https:\/\/pb.edu.pl\/pb2020\/wp-content\/uploads\/sites\/21\/2019\/09\/Za\u0142\u0105cznik-nr-1-do-Regulaminu-Projektu-PB2020_2019.pdf\" target=\"_blank\" rel=\"noopener\">Za\u0142\u0105cznik nr 1 do Regulaminu Projektu PB2020_2019 (PDF, wersja dost\u0119pna cyfrowo, 697 KB)<\/a><\/p>\n<p><a class=\"pdf\" title=\"otworzy si\u0119 w nowej karcie\" href=\"https:\/\/pb.edu.pl\/pb2020\/wp-content\/uploads\/sites\/21\/2019\/09\/Za\u0142\u0105cznik-nr-2a-do-Regulaminu-Projektu-PB2020_2019.pdf\" target=\"_blank\" rel=\"noopener\">Za\u0142\u0105cznik nr 2a do Regulaminu Projektu PB2020_2019 (PDF, wersja dost\u0119pna cyfrowo, 342 KB)<\/a><\/p>\n<p><a class=\"pdf\" title=\"otworzy si\u0119 w nowej karcie\" href=\"https:\/\/pb.edu.pl\/pb2020\/wp-content\/uploads\/sites\/21\/2019\/09\/Za\u0142\u0105cznik-nr-2b-do-Regulaminu-Projektu-PB2020_2019.pdf\" target=\"_blank\" rel=\"noopener\">Za\u0142\u0105cznik nr 2b do Regulaminu Projektu PB2020_2019 (PDF, wersja dost\u0119pna cyfrowo, 551 KB)<\/a><\/p>\n<p><a class=\"pdf\" title=\"otworzy si\u0119 w nowej karcie\" href=\"https:\/\/pb.edu.pl\/pb2020\/wp-content\/uploads\/sites\/21\/2019\/05\/Za\u0142\u0105cznik-nr-3-do-Regulaminu-Projektu-PB2020.pdf\" target=\"_blank\" rel=\"noopener\">Za\u0142\u0105cznik nr 3 do Regulaminu Projektu PB2020 (PDF, wersja dost\u0119pna cyfrowo, 764 KB)<\/a><\/p>\n<p><a class=\"pdf\" title=\"otworzy si\u0119 w nowej karcie\" href=\"https:\/\/pb.edu.pl\/pb2020\/wp-content\/uploads\/sites\/21\/2023\/09\/Umowa-uczestnictwa-PB2020_05.2023.pdf\" target=\"_blank\" rel=\"noopener\">Za\u0142\u0105cznik nr 4 do Regulaminu Projektu PB2020 &#8211; umowa uczestnictwa (PDF, wersja dost\u0119pna cyfrowo, 546 KB)<\/a><\/p>\n","protected":false},"excerpt":{"rendered":"<p>Regulamin Projektu PB2020 (PDF, wersja dost\u0119pna cyfrowo, 484KB) Za\u0142\u0105cznik nr 1 do Regulaminu Projektu PB2020_2019<\/p>\n","protected":false},"author":33,"featured_media":0,"parent":22,"menu_order":0,"comment_status":"closed","ping_status":"closed","template":"","meta":{"_acf_changed":false,"ngg_post_thumbnail":0,"footnotes":""},"class_list":["post-87","page","type-page","status-publish","hentry"],"acf":[],"_links":{"self":[{"href":"https:\/\/pb.edu.pl\/pb2020\/wp-json\/wp\/v2\/pages\/87","targetHints":{"allow":["GET"]}}],"collection":[{"href":"https:\/\/pb.edu.pl\/pb2020\/wp-json\/wp\/v2\/pages"}],"about":[{"href":"https:\/\/pb.edu.pl\/pb2020\/wp-json\/wp\/v2\/types\/page"}],"author":[{"embeddable":true,"href":"https:\/\/pb.edu.pl\/pb2020\/wp-json\/wp\/v2\/users\/33"}],"replies":[{"embeddable":true,"href":"https:\/\/pb.edu.pl\/pb2020\/wp-json\/wp\/v2\/comments?post=87"}],"version-history":[{"count":0,"href":"https:\/\/pb.edu.pl\/pb2020\/wp-json\/wp\/v2\/pages\/87\/revisions"}],"up":[{"embeddable":true,"href":"https:\/\/pb.edu.pl\/pb2020\/wp-json\/wp\/v2\/pages\/22"}],"wp:attachment":[{"href":"https:\/\/pb.edu.pl\/pb2020\/wp-json\/wp\/v2\/media?parent=87"}],"curies":[{"name":"wp","href":"https:\/\/api.w.org\/{rel}","templated":true}]}}