{"id":729,"date":"2020-03-05T10:44:27","date_gmt":"2020-03-05T09:44:27","guid":{"rendered":"https:\/\/pb.edu.pl\/pb2020\/?page_id=729"},"modified":"2022-10-17T15:00:10","modified_gmt":"2022-10-17T13:00:10","slug":"harmonogramy-wsparcia-studia","status":"publish","type":"page","link":"https:\/\/pb.edu.pl\/pb2020\/harmonogramy\/harmonogramy-wsparcia\/harmonogram-wsparcia-studentow\/harmonogramy-wsparcia-studia\/","title":{"rendered":"Harmonogramy wsparcia studia"},"content":{"rendered":"<p><img loading=\"lazy\" decoding=\"async\" class=\"alignnone size-full wp-image-1700\" src=\"https:\/\/pb.edu.pl\/pb2020\/wp-content\/uploads\/sites\/21\/2022\/09\/belka-POWER_pl.jpg\" alt=\"\" width=\"1871\" height=\"183\" srcset=\"https:\/\/pb.edu.pl\/pb2020\/wp-content\/uploads\/sites\/21\/2022\/09\/belka-POWER_pl.jpg 1871w, https:\/\/pb.edu.pl\/pb2020\/wp-content\/uploads\/sites\/21\/2022\/09\/belka-POWER_pl-300x29.jpg 300w, https:\/\/pb.edu.pl\/pb2020\/wp-content\/uploads\/sites\/21\/2022\/09\/belka-POWER_pl-1024x100.jpg 1024w, https:\/\/pb.edu.pl\/pb2020\/wp-content\/uploads\/sites\/21\/2022\/09\/belka-POWER_pl-768x75.jpg 768w, https:\/\/pb.edu.pl\/pb2020\/wp-content\/uploads\/sites\/21\/2022\/09\/belka-POWER_pl-1536x150.jpg 1536w\" sizes=\"auto, (max-width: 1871px) 100vw, 1871px\" \/><\/p>\n<p style=\"text-align: justify\"><strong>Kierunki wsparte z Projektu PB 2020 &#8211; Zintegrowany Program Rozwoju PB<\/strong><\/p>\n<table style=\"width: 52.5885%;height: 119px\" width=\"0\">\n<tbody>\n<tr style=\"height: 32px\">\n<td style=\"width: 18.7404%;height: 32px\">\n<p style=\"text-align: left\">&nbsp;Nr zadania<\/p>\n<\/td>\n<td style=\"width: 90.5183%;height: 32px\"><strong>WBiNo\u015a <\/strong><\/td>\n<\/tr>\n<tr style=\"height: 43px\">\n<td style=\"width: 18.7404%;height: 43px\">1<\/td>\n<td style=\"width: 90.5183%;height: 43px\">Budownictwo &#8211; studia stacjonarne II stopnia, specjalno\u015b\u0107 In\u017cynieria Proces\u00f3w Budowlanych<\/td>\n<\/tr>\n<tr style=\"height: 22px\">\n<td style=\"width: 18.7404%;height: 22px\">2<\/td>\n<td style=\"width: 90.5183%;height: 22px\">In\u017cynieria Rolno-Spo\u017cywcza &#8211; studia stacjonarne I stopnia<\/td>\n<\/tr>\n<tr style=\"height: 22px\">\n<td style=\"width: 18.7404%;height: 22px\">15<\/td>\n<td style=\"width: 90.5183%;height: 22px\">Le\u015bnictwo &#8211; studia stacjonarne I stopnia &#8211; profil praktyczny<\/td>\n<\/tr>\n<\/tbody>\n<\/table>\n<p style=\"text-align: justify\"><strong>Linki do rozk\u0142ad\u00f3w zaj\u0119\u0107 kierunk\u00f3w realizowanych przez&nbsp; WBiNo\u015a<\/strong><\/p>\n<p style=\"text-align: justify\"><a title=\"https:\/\/wb.pb.edu.pl\/studenci\/organizacja-toku-studiow\/rozklady-zajec\/\" href=\"https:\/\/wb.pb.edu.pl\/studenci\/organizacja-toku-studiow\/rozklady-zajec\/\"><strong>https:\/\/wb.pb.edu.pl\/studenci\/organizacja-toku-studiow\/rozklady-zajec\/<\/strong><\/a><\/p>\n<table style=\"width: 52.4852%\" width=\"0\">\n<tbody>\n<tr>\n<td style=\"width: 15.7095%\" width=\"94\">&nbsp;Nr zadania&nbsp;<\/td>\n<td style=\"width: 93.5606%\" width=\"498\"><strong>WIZ<\/strong><\/td>\n<\/tr>\n<tr>\n<td style=\"width: 15.7095%\" width=\"94\">3<\/td>\n<td style=\"width: 93.5606%\" width=\"498\">Turystyka i Rekreacja&nbsp; &#8211; studia stacjonarne I stopnia<\/td>\n<\/tr>\n<tr>\n<td style=\"width: 15.7095%\" width=\"94\">12<\/td>\n<td style=\"width: 93.5606%\" width=\"498\">Zarz\u0105dzania i In\u017cynieria Produkcji&nbsp; &#8211; studia stacjonarne I stopnia<\/td>\n<\/tr>\n<tr>\n<td style=\"width: 15.7095%\" width=\"94\">13<\/td>\n<td style=\"width: 93.5606%\" width=\"498\">Zarz\u0105dzanie i In\u017cynieria Produkcji&nbsp; &#8211; studia stacjonarne II stopnia (In\u017cynier Procesu)<\/td>\n<\/tr>\n<tr>\n<td style=\"width: 15.7095%\" width=\"94\">14<\/td>\n<td style=\"width: 93.5606%\" width=\"498\">Logistyka&nbsp; &#8211; studia stacjonarne I stopnia<\/td>\n<\/tr>\n<\/tbody>\n<\/table>\n<p style=\"text-align: justify\"><strong>Linki do rozk\u0142ad\u00f3w zaj\u0119\u0107 kierunk\u00f3w realizowanych przez WIZ<\/strong><\/p>\n<p style=\"text-align: justify\"><a title=\"\" href=\"https:\/\/wiz.pb.edu.pl\/studenci\/organizacja-toku-studiow\/rozklady-zajec\/\"><strong>https:\/\/wiz.pb.edu.pl\/studenci\/organizacja-toku-studiow\/<\/strong><\/a><strong><a title=\"https:\/\/wb.pb.edu.pl\/studenci\/organizacja-toku-studiow\/rozklady-zajec\/\" href=\"https:\/\/wb.pb.edu.pl\/studenci\/organizacja-toku-studiow\/rozklady-zajec\/\">rozklady-zajec<\/a>\/<\/strong><\/p>\n<table style=\"width: 52.4339%\" width=\"0\">\n<tbody>\n<tr>\n<td style=\"width: 15.8784%\" width=\"94\">&nbsp;&nbsp;Nr zadania<\/td>\n<td style=\"width: 93.2859%\" width=\"495\"><strong>WM<\/strong><\/td>\n<\/tr>\n<tr>\n<td style=\"width: 15.8784%\" width=\"94\">4<\/td>\n<td style=\"width: 93.2859%\" width=\"495\">In\u017cynieria Materia\u0142owa i Wytwarzania&nbsp; &#8211; studia stacjonarne I stopnia<\/td>\n<\/tr>\n<tr>\n<td style=\"width: 15.8784%\" width=\"94\">5<\/td>\n<td style=\"width: 93.2859%\" width=\"495\">Mechatronika &#8211; studia stacjonarne II stopnia<\/td>\n<\/tr>\n<tr>\n<td style=\"width: 15.8784%\" width=\"94\">6<\/td>\n<td style=\"width: 93.2859%\" width=\"495\">Mechatronika&nbsp; &#8211; studia stacjonarne I stopnia<\/td>\n<\/tr>\n<tr>\n<td style=\"width: 15.8784%\" width=\"94\">7<\/td>\n<td style=\"width: 93.2859%\" width=\"495\">Mechanika i budowa maszyn&nbsp; &#8211; studia stacjonarne I stopnia<\/td>\n<\/tr>\n<tr>\n<td style=\"width: 15.8784%\" width=\"94\">7<\/td>\n<td style=\"width: 93.2859%\" width=\"495\">Mechanika i budowa maszyn &#8211; studia stacjonarne II stopnia<\/td>\n<\/tr>\n<tr>\n<td style=\"width: 15.8784%\" width=\"94\">8<\/td>\n<td style=\"width: 93.2859%\" width=\"495\">In\u017cynieria Biomedyczna&nbsp; &#8211; studia stacjonarne I stopnia<\/td>\n<\/tr>\n<tr>\n<td style=\"width: 15.8784%\" width=\"94\">8<\/td>\n<td style=\"width: 93.2859%\" width=\"495\">In\u017cynieria biomedyczna- studia stacjonarne II stopnia<\/td>\n<\/tr>\n<tr>\n<td style=\"width: 15.8784%\" width=\"94\">9<\/td>\n<td style=\"width: 93.2859%\" width=\"495\">Automatyka i Robotyka &#8211; studia stacjonarne I stopnia<\/td>\n<\/tr>\n<tr>\n<td style=\"width: 15.8784%\" width=\"94\">9<\/td>\n<td style=\"width: 93.2859%\" width=\"495\">Automatyka i robotyka &#8211; studia stacjonarne II stopnia<\/td>\n<\/tr>\n<\/tbody>\n<\/table>\n<p style=\"text-align: justify\"><strong>Linki do rozk\u0142ad\u00f3w zaj\u0119\u0107 kierunk\u00f3w realizowanych przez WM<\/strong><\/p>\n<p style=\"text-align: justify\"><a title=\"\" href=\"https:\/\/wm.pb.edu.pl\/studenci\/organizacja-toku-studiow\/rozklady-zajec\/\"><strong>https:\/\/wm.pb.edu.pl\/studenci\/organizacja-toku-studiow\/<\/strong><\/a><strong><a title=\"https:\/\/wb.pb.edu.pl\/studenci\/organizacja-toku-studiow\/rozklady-zajec\/\" href=\"https:\/\/wb.pb.edu.pl\/studenci\/organizacja-toku-studiow\/rozklady-zajec\/\">rozklady-zajec<\/a>\/<\/strong><\/p>\n<table style=\"width: 52.4855%\" width=\"0\">\n<tbody>\n<tr>\n<td style=\"width: 15.7095%\" width=\"94\">&nbsp;Nr zadania&nbsp;<\/td>\n<td style=\"width: 93.5159%\" width=\"498\"><strong>WE<\/strong><\/td>\n<\/tr>\n<tr>\n<td style=\"width: 15.7095%\" width=\"94\">10<\/td>\n<td style=\"width: 93.5159%\" width=\"498\">Elektrotechnika, studia I stopnia o profilu praktycznym<\/td>\n<\/tr>\n<tr>\n<td style=\"width: 15.7095%\" width=\"94\">11<\/td>\n<td style=\"width: 93.5159%\" width=\"498\">Ekoenergetyka, studia stacjonarne I stopnia, o profilu og\u00f3lnoakademickim<\/td>\n<\/tr>\n<\/tbody>\n<\/table>\n<p style=\"text-align: justify\"><strong>Linki do rozk\u0142ad\u00f3w zaj\u0119\u0107 kierunk\u00f3w realizowanych przez WE<\/strong><\/p>\n<p style=\"text-align: justify\"><a title=\"\" href=\"https:\/\/we.pb.edu.pl\/studenci\/organizacja-toku-studiow\/rozklady-zajec\/\"><strong>https:\/\/we.pb.edu.pl\/studenci\/organizacja-toku-studiow\/<\/strong><\/a><strong><a title=\"https:\/\/wb.pb.edu.pl\/studenci\/organizacja-toku-studiow\/rozklady-zajec\/\" href=\"https:\/\/wb.pb.edu.pl\/studenci\/organizacja-toku-studiow\/rozklady-zajec\/\">rozklady-zajec<\/a>\/<\/strong><\/p>\n","protected":false},"excerpt":{"rendered":"<p>Kierunki wsparte z Projektu PB 2020 &#8211; Zintegrowany Program Rozwoju PB &nbsp;Nr zadania WBiNo\u015a 1<\/p>\n","protected":false},"author":33,"featured_media":0,"parent":272,"menu_order":0,"comment_status":"closed","ping_status":"closed","template":"","meta":{"_acf_changed":false,"ngg_post_thumbnail":0,"footnotes":""},"class_list":["post-729","page","type-page","status-publish","hentry"],"acf":[],"_links":{"self":[{"href":"https:\/\/pb.edu.pl\/pb2020\/wp-json\/wp\/v2\/pages\/729","targetHints":{"allow":["GET"]}}],"collection":[{"href":"https:\/\/pb.edu.pl\/pb2020\/wp-json\/wp\/v2\/pages"}],"about":[{"href":"https:\/\/pb.edu.pl\/pb2020\/wp-json\/wp\/v2\/types\/page"}],"author":[{"embeddable":true,"href":"https:\/\/pb.edu.pl\/pb2020\/wp-json\/wp\/v2\/users\/33"}],"replies":[{"embeddable":true,"href":"https:\/\/pb.edu.pl\/pb2020\/wp-json\/wp\/v2\/comments?post=729"}],"version-history":[{"count":0,"href":"https:\/\/pb.edu.pl\/pb2020\/wp-json\/wp\/v2\/pages\/729\/revisions"}],"up":[{"embeddable":true,"href":"https:\/\/pb.edu.pl\/pb2020\/wp-json\/wp\/v2\/pages\/272"}],"wp:attachment":[{"href":"https:\/\/pb.edu.pl\/pb2020\/wp-json\/wp\/v2\/media?parent=729"}],"curies":[{"name":"wp","href":"https:\/\/api.w.org\/{rel}","templated":true}]}}