{"id":497,"date":"2019-10-23T07:57:47","date_gmt":"2019-10-23T05:57:47","guid":{"rendered":"https:\/\/pb.edu.pl\/pb2020\/?page_id=497"},"modified":"2022-02-07T14:57:52","modified_gmt":"2022-02-07T13:57:52","slug":"harmonogram-wsparcia-fdi-edycja-i","status":"publish","type":"page","link":"https:\/\/pb.edu.pl\/pb2020\/harmonogramy\/harmonogramy-wsparcia\/harmonogram-wsparcia-studentow\/harmonogramy-wsparcia-fdi\/harmonogram-wsparcia-fdi-edycja-i\/","title":{"rendered":"Harmonogram wsparcia FDI edycja I &#8211; wiosna 2019"},"content":{"rendered":"<p><img loading=\"lazy\" decoding=\"async\" class=\"alignnone wp-image-48 size-full\" src=\"https:\/\/pb.edu.pl\/pb2\/wp-content\/uploads\/sites\/34\/2019\/09\/FE_POWER_poziom_pl-1_rgb.jpg\" alt=\"Z lewej strony logotyp Programu Operacyjnego Wiedza Edukacja Rozw\u00f3j zawieraj\u0105cy jedn\u0105 gwiazdk\u0119 bia\u0142\u0105, jedn\u0105 \u017c\u00f3\u0142t\u0105 oraz jedn\u0105 czerwon\u0105 na niebieskim tle, z prawej strony logo Unii Europejskiej, \u017c\u00f3\u0142te gwiazdki u\u0142o\u017cone w k\u00f3\u0142ko na niebieskim tle oraz napis Unia Europejska Europejski Funduszu Spo\u0142eczny. Na \u015brodku bia\u0142o-czerwona flaga Polski z napisem Rzeczypospolita Polska\" width=\"5883\" height=\"756\"><br \/>\n<a class=\"pdf\" title=\"Strona otworzy si\u0119 w nowym oknie.\" href=\"https:\/\/pb.edu.pl\/pb2020\/wp-content\/uploads\/sites\/21\/2022\/02\/harmonogram-pazdziernik-2021-kwiecien-2022.pdf\">Harmonogram wsparcia FDI (PDF, wersja dost\u0119pna cyfrowo, 461 KB)<\/a><\/p>\n","protected":false},"excerpt":{"rendered":"<p>Harmonogram wsparcia FDI (PDF, wersja dost\u0119pna cyfrowo, 461 KB)<\/p>\n","protected":false},"author":33,"featured_media":0,"parent":478,"menu_order":0,"comment_status":"closed","ping_status":"closed","template":"","meta":{"_acf_changed":false,"ngg_post_thumbnail":0,"footnotes":""},"class_list":["post-497","page","type-page","status-publish","hentry"],"acf":[],"_links":{"self":[{"href":"https:\/\/pb.edu.pl\/pb2020\/wp-json\/wp\/v2\/pages\/497","targetHints":{"allow":["GET"]}}],"collection":[{"href":"https:\/\/pb.edu.pl\/pb2020\/wp-json\/wp\/v2\/pages"}],"about":[{"href":"https:\/\/pb.edu.pl\/pb2020\/wp-json\/wp\/v2\/types\/page"}],"author":[{"embeddable":true,"href":"https:\/\/pb.edu.pl\/pb2020\/wp-json\/wp\/v2\/users\/33"}],"replies":[{"embeddable":true,"href":"https:\/\/pb.edu.pl\/pb2020\/wp-json\/wp\/v2\/comments?post=497"}],"version-history":[{"count":0,"href":"https:\/\/pb.edu.pl\/pb2020\/wp-json\/wp\/v2\/pages\/497\/revisions"}],"up":[{"embeddable":true,"href":"https:\/\/pb.edu.pl\/pb2020\/wp-json\/wp\/v2\/pages\/478"}],"wp:attachment":[{"href":"https:\/\/pb.edu.pl\/pb2020\/wp-json\/wp\/v2\/media?parent=497"}],"curies":[{"name":"wp","href":"https:\/\/api.w.org\/{rel}","templated":true}]}}