{"id":270,"date":"2019-02-21T10:09:51","date_gmt":"2019-02-21T09:09:51","guid":{"rendered":"https:\/\/pb.edu.pl\/pb2020\/?page_id=270"},"modified":"2022-10-17T14:59:41","modified_gmt":"2022-10-17T12:59:41","slug":"harmonogram-wsparcia-kadra-dydaktyczna","status":"publish","type":"page","link":"https:\/\/pb.edu.pl\/pb2020\/harmonogramy\/harmonogramy-wsparcia\/harmonogram-wsparcia-kadra-dydaktyczna\/","title":{"rendered":"Harmonogram wsparcia kadra dydaktyczna"},"content":{"rendered":"<p><img loading=\"lazy\" decoding=\"async\" class=\"alignnone size-full wp-image-1700\" src=\"https:\/\/pb.edu.pl\/pb2020\/wp-content\/uploads\/sites\/21\/2022\/09\/belka-POWER_pl.jpg\" alt=\"\" width=\"1871\" height=\"183\" srcset=\"https:\/\/pb.edu.pl\/pb2020\/wp-content\/uploads\/sites\/21\/2022\/09\/belka-POWER_pl.jpg 1871w, https:\/\/pb.edu.pl\/pb2020\/wp-content\/uploads\/sites\/21\/2022\/09\/belka-POWER_pl-300x29.jpg 300w, https:\/\/pb.edu.pl\/pb2020\/wp-content\/uploads\/sites\/21\/2022\/09\/belka-POWER_pl-1024x100.jpg 1024w, https:\/\/pb.edu.pl\/pb2020\/wp-content\/uploads\/sites\/21\/2022\/09\/belka-POWER_pl-768x75.jpg 768w, https:\/\/pb.edu.pl\/pb2020\/wp-content\/uploads\/sites\/21\/2022\/09\/belka-POWER_pl-1536x150.jpg 1536w\" sizes=\"auto, (max-width: 1871px) 100vw, 1871px\" \/><\/p>\n<p><a href=\"https:\/\/pb.edu.pl\/pb2020\/wp-content\/uploads\/sites\/21\/2020\/09\/harmonogram-szkole\u0144-kadra-dydaktyczna_v09.2020.pdf\">harmonogram szkole\u0144 kadra dydaktyczna_v09.2020<\/a><\/p>\n<p><a href=\"https:\/\/pb.edu.pl\/pb2020\/wp-content\/uploads\/sites\/21\/2020\/06\/harmonogram-sta\u017cy-kadra-dydaktyczna_v04.06.2020.pdf\">harmonogram sta\u017cy kadra dydaktyczna_v04.06.2020<\/a><\/p>\n<p><a href=\"https:\/\/pb.edu.pl\/pb2020\/wp-content\/uploads\/sites\/21\/2020\/06\/Harmonogram-DDA-2019.pdf\">Harmonogram-DDA-2019<\/a><\/p>\n<p><a href=\"https:\/\/pb.edu.pl\/pb2020\/wp-content\/uploads\/sites\/21\/2020\/06\/harmonogram-kurs\u00f3w-j\u0119zykowych-kadra-dydaktyczna_v04.06.2020.pdf\">harmonogram kurs\u00f3w j\u0119zykowych kadra dydaktyczna_v04.06.2020<\/a><\/p>\n","protected":false},"excerpt":{"rendered":"<p>harmonogram szkole\u0144 kadra dydaktyczna_v09.2020 harmonogram sta\u017cy kadra dydaktyczna_v04.06.2020 Harmonogram-DDA-2019 harmonogram kurs\u00f3w j\u0119zykowych kadra dydaktyczna_v04.06.2020<\/p>\n","protected":false},"author":33,"featured_media":0,"parent":245,"menu_order":0,"comment_status":"closed","ping_status":"closed","template":"","meta":{"_acf_changed":false,"ngg_post_thumbnail":0,"footnotes":""},"class_list":["post-270","page","type-page","status-publish","hentry"],"acf":[],"_links":{"self":[{"href":"https:\/\/pb.edu.pl\/pb2020\/wp-json\/wp\/v2\/pages\/270","targetHints":{"allow":["GET"]}}],"collection":[{"href":"https:\/\/pb.edu.pl\/pb2020\/wp-json\/wp\/v2\/pages"}],"about":[{"href":"https:\/\/pb.edu.pl\/pb2020\/wp-json\/wp\/v2\/types\/page"}],"author":[{"embeddable":true,"href":"https:\/\/pb.edu.pl\/pb2020\/wp-json\/wp\/v2\/users\/33"}],"replies":[{"embeddable":true,"href":"https:\/\/pb.edu.pl\/pb2020\/wp-json\/wp\/v2\/comments?post=270"}],"version-history":[{"count":0,"href":"https:\/\/pb.edu.pl\/pb2020\/wp-json\/wp\/v2\/pages\/270\/revisions"}],"up":[{"embeddable":true,"href":"https:\/\/pb.edu.pl\/pb2020\/wp-json\/wp\/v2\/pages\/245"}],"wp:attachment":[{"href":"https:\/\/pb.edu.pl\/pb2020\/wp-json\/wp\/v2\/media?parent=270"}],"curies":[{"name":"wp","href":"https:\/\/api.w.org\/{rel}","templated":true}]}}