{"id":266,"date":"2019-02-21T10:04:20","date_gmt":"2019-02-21T09:04:20","guid":{"rendered":"https:\/\/pb.edu.pl\/pb2020\/?page_id=266"},"modified":"2022-10-17T14:59:15","modified_gmt":"2022-10-17T12:59:15","slug":"harmonogram-wsparcia-kadra-zarzadzajaca","status":"publish","type":"page","link":"https:\/\/pb.edu.pl\/pb2020\/harmonogramy\/harmonogramy-wsparcia\/harmonogram-wsparcia-kadra-zarzadzajaca\/","title":{"rendered":"Harmonogram wsparcia kadra zarz\u0105dzaj\u0105ca"},"content":{"rendered":"<p><img loading=\"lazy\" decoding=\"async\" class=\"alignnone size-full wp-image-1700\" src=\"https:\/\/pb.edu.pl\/pb2020\/wp-content\/uploads\/sites\/21\/2022\/09\/belka-POWER_pl.jpg\" alt=\"\" width=\"1871\" height=\"183\" srcset=\"https:\/\/pb.edu.pl\/pb2020\/wp-content\/uploads\/sites\/21\/2022\/09\/belka-POWER_pl.jpg 1871w, https:\/\/pb.edu.pl\/pb2020\/wp-content\/uploads\/sites\/21\/2022\/09\/belka-POWER_pl-300x29.jpg 300w, https:\/\/pb.edu.pl\/pb2020\/wp-content\/uploads\/sites\/21\/2022\/09\/belka-POWER_pl-1024x100.jpg 1024w, https:\/\/pb.edu.pl\/pb2020\/wp-content\/uploads\/sites\/21\/2022\/09\/belka-POWER_pl-768x75.jpg 768w, https:\/\/pb.edu.pl\/pb2020\/wp-content\/uploads\/sites\/21\/2022\/09\/belka-POWER_pl-1536x150.jpg 1536w\" sizes=\"auto, (max-width: 1871px) 100vw, 1871px\" \/><\/p>\n<p><a href=\"https:\/\/pb.edu.pl\/pb2020\/wp-content\/uploads\/sites\/21\/2020\/06\/harmonogram-studi\u00f3w-podyplomowych-kadra-zarz\u0105dzaj\u0105ca_v04.06.2020.pdf\">harmonogram studi\u00f3w podyplomowych kadra zarz\u0105dzaj\u0105ca_v04.06.2020<\/a><\/p>\n<p><a href=\"https:\/\/pb.edu.pl\/pb2020\/wp-content\/uploads\/sites\/21\/2020\/06\/harmonogram-szkole\u0144-kadra-zarz\u0105dzaj\u0105ca_v04.06.2020.pdf\">harmonogram szkole\u0144 kadra zarz\u0105dzaj\u0105ca_v04.06.2020<\/a><\/p>\n","protected":false},"excerpt":{"rendered":"<p>harmonogram studi\u00f3w podyplomowych kadra zarz\u0105dzaj\u0105ca_v04.06.2020 harmonogram szkole\u0144 kadra zarz\u0105dzaj\u0105ca_v04.06.2020<\/p>\n","protected":false},"author":33,"featured_media":0,"parent":245,"menu_order":0,"comment_status":"closed","ping_status":"closed","template":"","meta":{"_acf_changed":false,"ngg_post_thumbnail":0,"footnotes":""},"class_list":["post-266","page","type-page","status-publish","hentry"],"acf":[],"_links":{"self":[{"href":"https:\/\/pb.edu.pl\/pb2020\/wp-json\/wp\/v2\/pages\/266","targetHints":{"allow":["GET"]}}],"collection":[{"href":"https:\/\/pb.edu.pl\/pb2020\/wp-json\/wp\/v2\/pages"}],"about":[{"href":"https:\/\/pb.edu.pl\/pb2020\/wp-json\/wp\/v2\/types\/page"}],"author":[{"embeddable":true,"href":"https:\/\/pb.edu.pl\/pb2020\/wp-json\/wp\/v2\/users\/33"}],"replies":[{"embeddable":true,"href":"https:\/\/pb.edu.pl\/pb2020\/wp-json\/wp\/v2\/comments?post=266"}],"version-history":[{"count":0,"href":"https:\/\/pb.edu.pl\/pb2020\/wp-json\/wp\/v2\/pages\/266\/revisions"}],"up":[{"embeddable":true,"href":"https:\/\/pb.edu.pl\/pb2020\/wp-json\/wp\/v2\/pages\/245"}],"wp:attachment":[{"href":"https:\/\/pb.edu.pl\/pb2020\/wp-json\/wp\/v2\/media?parent=266"}],"curies":[{"name":"wp","href":"https:\/\/api.w.org\/{rel}","templated":true}]}}