{"id":242,"date":"2019-02-21T09:31:03","date_gmt":"2019-02-21T08:31:03","guid":{"rendered":"https:\/\/pb.edu.pl\/pb2020\/?page_id=242"},"modified":"2022-10-05T10:53:58","modified_gmt":"2022-10-05T08:53:58","slug":"harmonogram-rekrutacji","status":"publish","type":"page","link":"https:\/\/pb.edu.pl\/pb2020\/harmonogramy\/harmonogram-rekrutacji\/","title":{"rendered":"Harmonogram rekrutacji"},"content":{"rendered":"<p><img loading=\"lazy\" decoding=\"async\" class=\"alignnone size-full wp-image-1700\" src=\"https:\/\/pb.edu.pl\/pb2020\/wp-content\/uploads\/sites\/21\/2022\/09\/belka-POWER_pl.jpg\" alt=\"\" width=\"1871\" height=\"183\" srcset=\"https:\/\/pb.edu.pl\/pb2020\/wp-content\/uploads\/sites\/21\/2022\/09\/belka-POWER_pl.jpg 1871w, https:\/\/pb.edu.pl\/pb2020\/wp-content\/uploads\/sites\/21\/2022\/09\/belka-POWER_pl-300x29.jpg 300w, https:\/\/pb.edu.pl\/pb2020\/wp-content\/uploads\/sites\/21\/2022\/09\/belka-POWER_pl-1024x100.jpg 1024w, https:\/\/pb.edu.pl\/pb2020\/wp-content\/uploads\/sites\/21\/2022\/09\/belka-POWER_pl-768x75.jpg 768w, https:\/\/pb.edu.pl\/pb2020\/wp-content\/uploads\/sites\/21\/2022\/09\/belka-POWER_pl-1536x150.jpg 1536w\" sizes=\"auto, (max-width: 1871px) 100vw, 1871px\" \/><\/p>\n<h2>Rekrutacja 2022&nbsp;<\/h2>\n<p><strong>01.04.-21.04.2022<\/strong> &#8211; dodatkowa rekrutacja student\u00f3w do IV edycji Fabryki Dobrego In\u017cyniera<\/p>\n<p><strong>26.07-02.09.2022<\/strong> &#8211; rekrutacja pracownik\u00f3w do projektu dla kadry administracyjnej, IT i zarz\u0105dzaj\u0105cej<\/p>\n<h2>Rekrutacja 2021&nbsp;<\/h2>\n<p><strong>16.07.-01.08.2021<\/strong> &#8211; rekrutacja uzupe\u0142niaj\u0105ca student\u00f3w do IV edycji Fabryki Dobrego In\u017cyniera<\/p>\n<p><strong>9-22.03.2021<\/strong> &#8211; rekrutacja student\u00f3w do IV edycji Fabryki Dobrego In\u017cyniera<\/p>\n<h2>Rekrutacja 2020<\/h2>\n<p><strong>05.03.2020 &#8211; 20.03.2020<\/strong> &#8211; rekrutacja student\u00f3w do III edycji Fabryki Dobrego In\u017cyniera<\/p>\n<h2>Rekrutacja 2019<\/h2>\n<p><strong>30.05. &#8211; 14.06.2019 <\/strong>&#8211; rekrutacja student\u00f3w do II edycji Fabryki Dobrego In\u017cyniera<\/p>\n<p><strong>26.02 &#8211; 05.03.2019<\/strong> &#8211;&nbsp;rekrutacja uzupe\u0142niaj\u0105ca kadry administracyjnej<\/p>\n<h2>Rekrutacja 2018<\/h2>\n<p><strong>08-15.10.2018 r.<\/strong> &#8211; <a href=\"https:\/\/pb.edu.pl\/brpm\/2018\/10\/05\/rekrutacja-kadry-akademickiej-do-projektu-pb2020\/\">Rekrutacja kadry akademickiej<\/a><br \/>\n<strong>22.10-05.11.2018 r.<\/strong> &#8211; Rekrutacja kadry administracyjnej i kierowniczej<br \/>\n<strong>05-19.11.2018 r.<\/strong> &#8211; Rekrutacja student\u00f3w WA, WE, WI, WM<\/p>\n<p>Zapraszamy do zapoznania si\u0119 z <a href=\"https:\/\/pb.edu.pl\/pb2020\/wp-content\/uploads\/sites\/21\/2018\/10\/Harmonogram-DDA.pdf\">harmonogramem Dni Dydaktyki Akademickiej<\/a><\/p>\n","protected":false},"excerpt":{"rendered":"<p>Rekrutacja 2022&nbsp; 01.04.-21.04.2022 &#8211; dodatkowa rekrutacja student\u00f3w do IV edycji Fabryki Dobrego In\u017cyniera 26.07-02.09.2022 &#8211;<\/p>\n","protected":false},"author":33,"featured_media":0,"parent":15,"menu_order":0,"comment_status":"closed","ping_status":"closed","template":"","meta":{"_acf_changed":false,"ngg_post_thumbnail":0,"footnotes":""},"class_list":["post-242","page","type-page","status-publish","hentry"],"acf":[],"_links":{"self":[{"href":"https:\/\/pb.edu.pl\/pb2020\/wp-json\/wp\/v2\/pages\/242","targetHints":{"allow":["GET"]}}],"collection":[{"href":"https:\/\/pb.edu.pl\/pb2020\/wp-json\/wp\/v2\/pages"}],"about":[{"href":"https:\/\/pb.edu.pl\/pb2020\/wp-json\/wp\/v2\/types\/page"}],"author":[{"embeddable":true,"href":"https:\/\/pb.edu.pl\/pb2020\/wp-json\/wp\/v2\/users\/33"}],"replies":[{"embeddable":true,"href":"https:\/\/pb.edu.pl\/pb2020\/wp-json\/wp\/v2\/comments?post=242"}],"version-history":[{"count":0,"href":"https:\/\/pb.edu.pl\/pb2020\/wp-json\/wp\/v2\/pages\/242\/revisions"}],"up":[{"embeddable":true,"href":"https:\/\/pb.edu.pl\/pb2020\/wp-json\/wp\/v2\/pages\/15"}],"wp:attachment":[{"href":"https:\/\/pb.edu.pl\/pb2020\/wp-json\/wp\/v2\/media?parent=242"}],"curies":[{"name":"wp","href":"https:\/\/api.w.org\/{rel}","templated":true}]}}