{"id":1621,"date":"2022-03-18T13:02:08","date_gmt":"2022-03-18T12:02:08","guid":{"rendered":"https:\/\/pb.edu.pl\/pb2020\/?page_id=1621"},"modified":"2025-06-24T11:28:06","modified_gmt":"2025-06-24T09:28:06","slug":"ankieta-adobephotoshop","status":"publish","type":"page","link":"https:\/\/pb.edu.pl\/pb2020\/ankiety-ewaluacyjne\/ankiety-ewaluacyjne-kursow-certyfikowanych-w-ramach-fdi\/ankieta-adobephotoshop\/","title":{"rendered":"Ankieta AdobePhotoshop"},"content":{"rendered":"<p><img loading=\"lazy\" decoding=\"async\" class=\"aligncenter size-full wp-image-112\" src=\"https:\/\/pb.edu.pl\/pb2020\/wp-content\/uploads\/sites\/21\/2018\/10\/FE_POWER_poziom_pl-1_rgb.jpg\" alt=\"Z lewej strony logotyp Programu Operacyjnego Wiedza Edukacja Rozw\u00f3j zawieraj\u0105cy jedn\u0105 gwiazdk\u0119 bia\u0142\u0105, jedn\u0105 \u017c\u00f3\u0142t\u0105 oraz jedn\u0105 czerwon\u0105 na niebieskim tle, z prawej strony logo Unii Europejskiej, \u017c\u00f3\u0142te gwiazdki u\u0142o\u017cone w k\u00f3\u0142ko na niebieskim tle oraz napis Unia Europejska Europejski Funduszu Spo\u0142eczny. Na \u015brodku bia\u0142o-czerwona flaga Polski z napisem Rzeczypospolita Polska\" width=\"5883\" height=\"756\" srcset=\"https:\/\/pb.edu.pl\/pb2020\/wp-content\/uploads\/sites\/21\/2018\/10\/FE_POWER_poziom_pl-1_rgb.jpg 5883w, https:\/\/pb.edu.pl\/pb2020\/wp-content\/uploads\/sites\/21\/2018\/10\/FE_POWER_poziom_pl-1_rgb-300x39.jpg 300w, https:\/\/pb.edu.pl\/pb2020\/wp-content\/uploads\/sites\/21\/2018\/10\/FE_POWER_poziom_pl-1_rgb-768x99.jpg 768w, https:\/\/pb.edu.pl\/pb2020\/wp-content\/uploads\/sites\/21\/2018\/10\/FE_POWER_poziom_pl-1_rgb-1024x132.jpg 1024w\" sizes=\"auto, (max-width: 5883px) 100vw, 5883px\" \/><\/p>\n<p>Badanie zako\u0144czone.<\/p>\n","protected":false},"excerpt":{"rendered":"<p>Badanie zako\u0144czone.<\/p>\n","protected":false},"author":2,"featured_media":0,"parent":1605,"menu_order":0,"comment_status":"closed","ping_status":"closed","template":"","meta":{"_acf_changed":false,"ngg_post_thumbnail":0,"footnotes":""},"class_list":["post-1621","page","type-page","status-publish","hentry"],"acf":[],"_links":{"self":[{"href":"https:\/\/pb.edu.pl\/pb2020\/wp-json\/wp\/v2\/pages\/1621","targetHints":{"allow":["GET"]}}],"collection":[{"href":"https:\/\/pb.edu.pl\/pb2020\/wp-json\/wp\/v2\/pages"}],"about":[{"href":"https:\/\/pb.edu.pl\/pb2020\/wp-json\/wp\/v2\/types\/page"}],"author":[{"embeddable":true,"href":"https:\/\/pb.edu.pl\/pb2020\/wp-json\/wp\/v2\/users\/2"}],"replies":[{"embeddable":true,"href":"https:\/\/pb.edu.pl\/pb2020\/wp-json\/wp\/v2\/comments?post=1621"}],"version-history":[{"count":0,"href":"https:\/\/pb.edu.pl\/pb2020\/wp-json\/wp\/v2\/pages\/1621\/revisions"}],"up":[{"embeddable":true,"href":"https:\/\/pb.edu.pl\/pb2020\/wp-json\/wp\/v2\/pages\/1605"}],"wp:attachment":[{"href":"https:\/\/pb.edu.pl\/pb2020\/wp-json\/wp\/v2\/media?parent=1621"}],"curies":[{"name":"wp","href":"https:\/\/api.w.org\/{rel}","templated":true}]}}