{"id":1543,"date":"2021-11-10T15:02:01","date_gmt":"2021-11-10T14:02:01","guid":{"rendered":"https:\/\/pb.edu.pl\/pb2020\/?page_id=1543"},"modified":"2025-06-24T12:03:47","modified_gmt":"2025-06-24T10:03:47","slug":"uruchamianie-wlasnej-dzialalnosci-grupa-3","status":"publish","type":"page","link":"https:\/\/pb.edu.pl\/pb2020\/szkolenia\/szkolenia-komunikacyjne-fdi\/uruchamianie-wlasnej-dzialalnosci-grupa-3\/","title":{"rendered":"Uruchamianie w\u0142asnej dzia\u0142alno\u015bci grupa 3"},"content":{"rendered":"<p><img loading=\"lazy\" decoding=\"async\" class=\"aligncenter size-full wp-image-112\" src=\"https:\/\/pb.edu.pl\/pb2020\/wp-content\/uploads\/sites\/21\/2018\/10\/FE_POWER_poziom_pl-1_rgb.jpg\" alt=\"Z lewej strony logotyp Programu Operacyjnego Wiedza Edukacja Rozw\u00f3j zawieraj\u0105cy jedn\u0105 gwiazdk\u0119 bia\u0142\u0105, jedn\u0105 \u017c\u00f3\u0142t\u0105 oraz jedn\u0105 czerwon\u0105 na niebieskim tle, z prawej strony logo Unii Europejskiej, \u017c\u00f3\u0142te gwiazdki u\u0142o\u017cone w k\u00f3\u0142ko na niebieskim tle oraz napis Unia Europejska Europejski Funduszu Spo\u0142eczny. Na \u015brodku bia\u0142o-czerwona flaga Polski z napisem Rzeczypospolita Polska\" width=\"5883\" height=\"756\" srcset=\"https:\/\/pb.edu.pl\/pb2020\/wp-content\/uploads\/sites\/21\/2018\/10\/FE_POWER_poziom_pl-1_rgb.jpg 5883w, https:\/\/pb.edu.pl\/pb2020\/wp-content\/uploads\/sites\/21\/2018\/10\/FE_POWER_poziom_pl-1_rgb-300x39.jpg 300w, https:\/\/pb.edu.pl\/pb2020\/wp-content\/uploads\/sites\/21\/2018\/10\/FE_POWER_poziom_pl-1_rgb-768x99.jpg 768w, https:\/\/pb.edu.pl\/pb2020\/wp-content\/uploads\/sites\/21\/2018\/10\/FE_POWER_poziom_pl-1_rgb-1024x132.jpg 1024w\" sizes=\"auto, (max-width: 5883px) 100vw, 5883px\" \/><\/p>\n<p><strong>Termin kursu:<\/strong> 28.11. i 05.12.2021 w godzinach 8:30 \u2013 15:00<br \/>\n<strong>Liczba godzin kursu:<\/strong>&nbsp;16 godz. (1 godz. = 45 min)<br \/>\n<strong>Liczba os\u00f3b:<\/strong>&nbsp;min. 10 \u2013 max. 15<br \/>\n<strong>Miejsce szkolenia:<\/strong> Wydzia\u0142 Mechaniczny,&nbsp; sala 314<\/p>\n<p><strong>Cel szkolenia<\/strong><br \/>\nSzkolenie ma na celu wyposa\u017cenie studenta w wiedz\u0119 na temat procedur prawnych dotycz\u0105cych prowadzenia dzia\u0142alno\u015bci gospodarczej, a tak\u017ce planowania biznesowego. Zaj\u0119cia przygotowuj\u0105 student\u00f3w do sprawnego poruszania si\u0119 w obszarze otwierania i prowadzenia dzia\u0142alno\u015bci gospodarczej, zapoznaj\u0105c z uwarunkowaniami jej rozwoju i rodzajami przedsi\u0119biorczo\u015bci. Identyfikuje potrzeb\u0119 rozwijania przedsi\u0119biorczo\u015bci indywidualnej w procesie tworzenia przedsi\u0119biorstwa. Zaj\u0119cia maj\u0105 na celu wykszta\u0142cenie umiej\u0119tno\u015bci planowania dzia\u0142a\u0144 przedsi\u0119biorczych (poszukiwanie pomys\u0142\u00f3w), nauczenie praktycznego wykorzystania wiedzy o procesie zak\u0142adania w\u0142asnej firmy, przygotowanie planu biznesowego przedsi\u0119biorstwa.<\/p>\n<p><strong>Tre\u015bci programowe<\/strong><br \/>\nW\u0142asny biznes jako opcja kariery zawodowej po studiach. Cechy i umiej\u0119tno\u015bci lider\u00f3w nowych przedsi\u0119wzi\u0119\u0107. Od pomys\u0142u do uruchomienia biznesu. Jak zidentyfikowa\u0107 dobry pomys\u0142 na biznes. \u0179r\u00f3d\u0142a inspiracji. Fazy realizacji przedsi\u0119wzi\u0119cia biznesowego. Biznes plan &nbsp;\u2013&nbsp; podstawowe&nbsp; elementy. Technika opracowania biznes planu. Elementy modelu BMC. Biznes Plan a BMC. \u0179r\u00f3d\u0142a finansowania przedsi\u0119wzi\u0119\u0107 innowacyjnych. Finansowanie nowego biznesu \u2013 generalne tendencje. Kredyt bankowy. Banki a nowy biznes. Fundusze po\u017cyczkowe i fundusze por\u0119cze\u0144 kredytowych. \u015arodki na rozw\u00f3j innowacyjnej firmy z funduszy strukturalnych UE. Venture capital. Anio\u0142owie biznesu. Forma prawna dla nowego przedsi\u0119wzi\u0119cia biznesowego. System finansowo-ksi\u0119gowy. Zesp\u00f3\u0142 za\u0142o\u017cycielski, kadry, kultura organizacyjna firmy. Dzia\u0142ania zwi\u0105zane z wej\u015bciem nowej firmy na rynek.&nbsp; Podstawy prawne zwi\u0105zane z zak\u0142adaniem w\u0142asnej dzia\u0142alno\u015bci gospodarczej (Centralna Ewidencja i Informacja o Dzia\u0142alno\u015bci Gospodarczej, Krajowy Rejestr S\u0105dowy, ePUAP&nbsp; Elektroniczna Platforma Us\u0142ug Administracji Publicznej).<\/p>\n<p><strong>Rejestracja na szkolenie&nbsp;<\/strong><\/p>\n<p>Warunkiem uruchomienia szkolenia jest zapisanie si\u0119 minimum 10 os\u00f3b.<\/p>\n<p>Liczba miejsc jest ograniczona do 15 os\u00f3b. Decyduje kolejno\u015b\u0107 zg\u0142osze\u0144.<\/p>\n<p>Rejestracja zako\u0144czona.<\/p>\n","protected":false},"excerpt":{"rendered":"<p>Termin kursu: 28.11. i 05.12.2021 w godzinach 8:30 \u2013 15:00 Liczba godzin kursu:&nbsp;16 godz. (1<\/p>\n","protected":false},"author":2,"featured_media":0,"parent":839,"menu_order":0,"comment_status":"closed","ping_status":"closed","template":"","meta":{"_acf_changed":false,"ngg_post_thumbnail":0,"footnotes":""},"class_list":["post-1543","page","type-page","status-publish","hentry"],"acf":[],"_links":{"self":[{"href":"https:\/\/pb.edu.pl\/pb2020\/wp-json\/wp\/v2\/pages\/1543","targetHints":{"allow":["GET"]}}],"collection":[{"href":"https:\/\/pb.edu.pl\/pb2020\/wp-json\/wp\/v2\/pages"}],"about":[{"href":"https:\/\/pb.edu.pl\/pb2020\/wp-json\/wp\/v2\/types\/page"}],"author":[{"embeddable":true,"href":"https:\/\/pb.edu.pl\/pb2020\/wp-json\/wp\/v2\/users\/2"}],"replies":[{"embeddable":true,"href":"https:\/\/pb.edu.pl\/pb2020\/wp-json\/wp\/v2\/comments?post=1543"}],"version-history":[{"count":0,"href":"https:\/\/pb.edu.pl\/pb2020\/wp-json\/wp\/v2\/pages\/1543\/revisions"}],"up":[{"embeddable":true,"href":"https:\/\/pb.edu.pl\/pb2020\/wp-json\/wp\/v2\/pages\/839"}],"wp:attachment":[{"href":"https:\/\/pb.edu.pl\/pb2020\/wp-json\/wp\/v2\/media?parent=1543"}],"curies":[{"name":"wp","href":"https:\/\/api.w.org\/{rel}","templated":true}]}}