{"id":1328,"date":"2021-04-08T21:09:05","date_gmt":"2021-04-08T19:09:05","guid":{"rendered":"https:\/\/pb.edu.pl\/pb2020\/?page_id=1328"},"modified":"2025-06-24T11:34:38","modified_gmt":"2025-06-24T09:34:38","slug":"ankieta-ewaluacyjna-modul-v","status":"publish","type":"page","link":"https:\/\/pb.edu.pl\/pb2020\/ankiety-ewaluacyjne\/ankieta-ewaluacyjna-modul-v\/","title":{"rendered":"Ankieta ewaluacyjna Modu\u0142 V"},"content":{"rendered":"<div class=\"h3\">Interdyscyplinarne Studia Doktoranckie na Wydziale In\u017cynierii Zarz\u0105dzania Politechniki Bia\u0142ostockiej (ISD)<\/div>\n<p>Pola oznaczone (*) musz\u0105 by\u0107 wype\u0142nione obowi\u0105zkowo.<\/p>\n<div class=\"h3 text-center\">Dzi\u0119kujemy za udzia\u0142 w badaniu ankietowym!<\/div>\n","protected":false},"excerpt":{"rendered":"<p>Interdyscyplinarne Studia Doktoranckie na Wydziale In\u017cynierii Zarz\u0105dzania Politechniki Bia\u0142ostockiej (ISD) Pola oznaczone (*) musz\u0105 by\u0107<\/p>\n","protected":false},"author":2,"featured_media":0,"parent":1315,"menu_order":2,"comment_status":"closed","ping_status":"closed","template":"","meta":{"_acf_changed":false,"ngg_post_thumbnail":0,"footnotes":""},"class_list":["post-1328","page","type-page","status-publish","hentry"],"acf":[],"_links":{"self":[{"href":"https:\/\/pb.edu.pl\/pb2020\/wp-json\/wp\/v2\/pages\/1328","targetHints":{"allow":["GET"]}}],"collection":[{"href":"https:\/\/pb.edu.pl\/pb2020\/wp-json\/wp\/v2\/pages"}],"about":[{"href":"https:\/\/pb.edu.pl\/pb2020\/wp-json\/wp\/v2\/types\/page"}],"author":[{"embeddable":true,"href":"https:\/\/pb.edu.pl\/pb2020\/wp-json\/wp\/v2\/users\/2"}],"replies":[{"embeddable":true,"href":"https:\/\/pb.edu.pl\/pb2020\/wp-json\/wp\/v2\/comments?post=1328"}],"version-history":[{"count":0,"href":"https:\/\/pb.edu.pl\/pb2020\/wp-json\/wp\/v2\/pages\/1328\/revisions"}],"up":[{"embeddable":true,"href":"https:\/\/pb.edu.pl\/pb2020\/wp-json\/wp\/v2\/pages\/1315"}],"wp:attachment":[{"href":"https:\/\/pb.edu.pl\/pb2020\/wp-json\/wp\/v2\/media?parent=1328"}],"curies":[{"name":"wp","href":"https:\/\/api.w.org\/{rel}","templated":true}]}}