{"id":1317,"date":"2021-04-07T22:47:07","date_gmt":"2021-04-07T20:47:07","guid":{"rendered":"https:\/\/pb.edu.pl\/pb2020\/?page_id=1317"},"modified":"2025-06-24T11:33:37","modified_gmt":"2025-06-24T09:33:37","slug":"ankieta-ewaluacyjna-modul-i","status":"publish","type":"page","link":"https:\/\/pb.edu.pl\/pb2020\/ankiety-ewaluacyjne\/ankieta-ewaluacyjna-modul-i\/","title":{"rendered":"Ankieta ewaluacyjna Modu\u0142 I"},"content":{"rendered":"<p>Pola oznaczone (*) musz\u0105 by\u0107 wype\u0142nione obowi\u0105zkowo.<\/p>\n<p>Badanie zako\u0144czone.<\/p>\n","protected":false},"excerpt":{"rendered":"<p>Pola oznaczone (*) musz\u0105 by\u0107 wype\u0142nione obowi\u0105zkowo. Badanie zako\u0144czone.<\/p>\n","protected":false},"author":2,"featured_media":0,"parent":1315,"menu_order":1,"comment_status":"closed","ping_status":"closed","template":"","meta":{"_acf_changed":false,"ngg_post_thumbnail":0,"footnotes":""},"class_list":["post-1317","page","type-page","status-publish","hentry"],"acf":[],"_links":{"self":[{"href":"https:\/\/pb.edu.pl\/pb2020\/wp-json\/wp\/v2\/pages\/1317","targetHints":{"allow":["GET"]}}],"collection":[{"href":"https:\/\/pb.edu.pl\/pb2020\/wp-json\/wp\/v2\/pages"}],"about":[{"href":"https:\/\/pb.edu.pl\/pb2020\/wp-json\/wp\/v2\/types\/page"}],"author":[{"embeddable":true,"href":"https:\/\/pb.edu.pl\/pb2020\/wp-json\/wp\/v2\/users\/2"}],"replies":[{"embeddable":true,"href":"https:\/\/pb.edu.pl\/pb2020\/wp-json\/wp\/v2\/comments?post=1317"}],"version-history":[{"count":0,"href":"https:\/\/pb.edu.pl\/pb2020\/wp-json\/wp\/v2\/pages\/1317\/revisions"}],"up":[{"embeddable":true,"href":"https:\/\/pb.edu.pl\/pb2020\/wp-json\/wp\/v2\/pages\/1315"}],"wp:attachment":[{"href":"https:\/\/pb.edu.pl\/pb2020\/wp-json\/wp\/v2\/media?parent=1317"}],"curies":[{"name":"wp","href":"https:\/\/api.w.org\/{rel}","templated":true}]}}