{"id":1315,"date":"2021-04-07T22:46:21","date_gmt":"2021-04-07T20:46:21","guid":{"rendered":"https:\/\/pb.edu.pl\/pb2020\/?page_id=1315"},"modified":"2022-10-03T14:30:05","modified_gmt":"2022-10-03T12:30:05","slug":"ankiety-ewaluacyjne","status":"publish","type":"page","link":"https:\/\/pb.edu.pl\/pb2020\/ankiety-ewaluacyjne\/","title":{"rendered":"Ankiety ewaluacyjne"},"content":{"rendered":"<p><img loading=\"lazy\" decoding=\"async\" class=\"alignnone size-full wp-image-1700\" src=\"https:\/\/pb.edu.pl\/pb2020\/wp-content\/uploads\/sites\/21\/2022\/09\/belka-POWER_pl.jpg\" alt=\"\" width=\"1871\" height=\"183\" srcset=\"https:\/\/pb.edu.pl\/pb2020\/wp-content\/uploads\/sites\/21\/2022\/09\/belka-POWER_pl.jpg 1871w, https:\/\/pb.edu.pl\/pb2020\/wp-content\/uploads\/sites\/21\/2022\/09\/belka-POWER_pl-300x29.jpg 300w, https:\/\/pb.edu.pl\/pb2020\/wp-content\/uploads\/sites\/21\/2022\/09\/belka-POWER_pl-1024x100.jpg 1024w, https:\/\/pb.edu.pl\/pb2020\/wp-content\/uploads\/sites\/21\/2022\/09\/belka-POWER_pl-768x75.jpg 768w, https:\/\/pb.edu.pl\/pb2020\/wp-content\/uploads\/sites\/21\/2022\/09\/belka-POWER_pl-1536x150.jpg 1536w\" sizes=\"auto, (max-width: 1871px) 100vw, 1871px\" \/><\/p>\n<p><a title=\"Strona otworzy si\u0119 w nowym oknie.\" href=\"https:\/\/pb.edu.pl\/pb2020\/ankiety-ewaluacyjne\/ankiety-ewaluacyjne-kursow-certyfikowanych-w-ramach-fdi\/\" target=\"_blank\" rel=\"noopener\">Ankiety szkole\u0144<\/a><\/p>\n<p>&nbsp;<\/p>\n<p><a href=\"\/pb2020\/ankiety-ewaluacyjne\/ankieta-ewaluacyjna-modul-i\/\">Ankieta ewaluacyjna Modu\u0142 I<\/a><\/p>\n<p><a href=\"pb2020\/ankiety-ewaluacyjne\/ankieta-ewaluacyjna-modul-ii\/\">Ankieta ewaluacyjna Modu\u0142 II &#8211; Fabryka Dobrego\/M\u0142odego In\u017cyniera<\/a><\/p>\n<p><a href=\"pb2020\/ankiety-ewaluacyjne\/ankieta-ewaluacyjna-pilotazowego-programu-tutorskiego-uczestnicy\/\">Ankieta ewaluacyjna Modu\u0142 II &#8211; Pilota\u017cowy Program Tutorski &#8211; uczestnicy<\/a><\/p>\n<p><a href=\"pb2020\/ankiety-ewaluacyjne\/ankieta-ewaluacyjna-pilotazowego-programu-tutorskiego-tutorzy\/\">Ankieta ewaluacyjna Modu\u0142 II &#8211; Pilota\u017cowy Program Tutorski &#8211; tutorzy<\/a><\/p>\n<p><a href=\"\/pb2020\/ankiety-ewaluacyjne\/ankieta-ewaluacyjna-modul-v\/\">Ankieta ewaluacyjna Modu\u0142 V &#8211; Interdyscyplinarne Studia Doktoranckie na Wydziale In\u017cynierii Zarz\u0105dzania Politechniki Bia\u0142ostockiej (ISD)<\/a><\/p>\n<p><a href=\"\/pb2020\/ankiety-ewaluacyjne\/ankieta-ewaluacyjna-modul-vi\/\">Ankieta ewaluacyjna Modu\u0142 VI<\/a><\/p>\n","protected":false},"excerpt":{"rendered":"<p>Ankiety szkole\u0144 &nbsp; Ankieta ewaluacyjna Modu\u0142 I Ankieta ewaluacyjna Modu\u0142 II &#8211; Fabryka Dobrego\/M\u0142odego In\u017cyniera<\/p>\n","protected":false},"author":2,"featured_media":0,"parent":0,"menu_order":10,"comment_status":"closed","ping_status":"closed","template":"","meta":{"_acf_changed":false,"ngg_post_thumbnail":0,"footnotes":""},"class_list":["post-1315","page","type-page","status-publish","hentry"],"acf":[],"_links":{"self":[{"href":"https:\/\/pb.edu.pl\/pb2020\/wp-json\/wp\/v2\/pages\/1315","targetHints":{"allow":["GET"]}}],"collection":[{"href":"https:\/\/pb.edu.pl\/pb2020\/wp-json\/wp\/v2\/pages"}],"about":[{"href":"https:\/\/pb.edu.pl\/pb2020\/wp-json\/wp\/v2\/types\/page"}],"author":[{"embeddable":true,"href":"https:\/\/pb.edu.pl\/pb2020\/wp-json\/wp\/v2\/users\/2"}],"replies":[{"embeddable":true,"href":"https:\/\/pb.edu.pl\/pb2020\/wp-json\/wp\/v2\/comments?post=1315"}],"version-history":[{"count":0,"href":"https:\/\/pb.edu.pl\/pb2020\/wp-json\/wp\/v2\/pages\/1315\/revisions"}],"wp:attachment":[{"href":"https:\/\/pb.edu.pl\/pb2020\/wp-json\/wp\/v2\/media?parent=1315"}],"curies":[{"name":"wp","href":"https:\/\/api.w.org\/{rel}","templated":true}]}}