{"id":129,"date":"2018-10-19T12:46:30","date_gmt":"2018-10-19T10:46:30","guid":{"rendered":"https:\/\/pb.edu.pl\/pb2020\/?page_id=129"},"modified":"2022-10-05T10:54:59","modified_gmt":"2022-10-05T08:54:59","slug":"aktualnosci","status":"publish","type":"page","link":"https:\/\/pb.edu.pl\/pb2020\/aktualnosci\/","title":{"rendered":"Aktualno\u015bci"},"content":{"rendered":"<p><img loading=\"lazy\" decoding=\"async\" class=\"alignnone size-full wp-image-1700\" src=\"https:\/\/pb.edu.pl\/pb2020\/wp-content\/uploads\/sites\/21\/2022\/09\/belka-POWER_pl.jpg\" alt=\"\" width=\"1871\" height=\"183\" srcset=\"https:\/\/pb.edu.pl\/pb2020\/wp-content\/uploads\/sites\/21\/2022\/09\/belka-POWER_pl.jpg 1871w, https:\/\/pb.edu.pl\/pb2020\/wp-content\/uploads\/sites\/21\/2022\/09\/belka-POWER_pl-300x29.jpg 300w, https:\/\/pb.edu.pl\/pb2020\/wp-content\/uploads\/sites\/21\/2022\/09\/belka-POWER_pl-1024x100.jpg 1024w, https:\/\/pb.edu.pl\/pb2020\/wp-content\/uploads\/sites\/21\/2022\/09\/belka-POWER_pl-768x75.jpg 768w, https:\/\/pb.edu.pl\/pb2020\/wp-content\/uploads\/sites\/21\/2022\/09\/belka-POWER_pl-1536x150.jpg 1536w\" sizes=\"auto, (max-width: 1871px) 100vw, 1871px\" \/><\/p>\n\t\t<div class=\"box news-box \">\n\t\t<div class=\"row\">\n\t\t\t\n\t\t\t\n\t\t\t\t\n\t\t\t\t\t\t\t\t\t\t<div class=\"col-sm-3\">\n\t\t\t\t\t\t\t\n<article class=\"format-standard\">\n    <span class=\"date text-right\"><i class=\"fal fa-calendar-alt\"><\/i> 15-09-2023<\/span>\n    <a href=\"https:\/\/pb.edu.pl\/pb2020\/2023\/09\/15\/1793\/\">\n      <div class=\"article-image\">\n        <img loading=\"lazy\" decoding=\"async\" width=\"480\" height=\"290\" src=\"https:\/\/pb.edu.pl\/pb2020\/wp-content\/uploads\/sites\/21\/2019\/02\/PB2020_aktualnosci.png\" class=\"attachment-medium-image-16x10 size-medium-image-16x10 wp-post-image\" alt=\"\" srcset=\"https:\/\/pb.edu.pl\/pb2020\/wp-content\/uploads\/sites\/21\/2019\/02\/PB2020_aktualnosci.png 600w, https:\/\/pb.edu.pl\/pb2020\/wp-content\/uploads\/sites\/21\/2019\/02\/PB2020_aktualnosci-300x182.png 300w\" sizes=\"auto, (max-width: 480px) 100vw, 480px\" \/>      <\/div>\n      <h3>Rekrutacja do Fabryki Dobrego In\u017cyniera PB2020 - ostatnia szansa<\/h3>\n      W dniu 21.09.2023 r. rusza rekrutacja na ostatni\u0105 edycj\u0119 Fabryki Dobrego    <\/a>\n<\/article>\t\t\t\t\t\t<\/div>\n\t\t\t\t\t\t\t\t\t\t\t<div class=\"col-sm-3\">\n\t\t\t\t\t\t\t\n<article class=\"format-standard\">\n    <span class=\"date text-right\"><i class=\"fal fa-calendar-alt\"><\/i> 27-07-2023<\/span>\n    <a href=\"https:\/\/pb.edu.pl\/pb2020\/2023\/07\/27\/szacowanie-zamowienia-przygotowanie-kursow-z-3-obszarow\/\">\n      <div class=\"article-image\">\n        <img loading=\"lazy\" decoding=\"async\" width=\"480\" height=\"290\" src=\"https:\/\/pb.edu.pl\/pb2020\/wp-content\/uploads\/sites\/21\/2019\/02\/PB2020_aktualnosci.png\" class=\"attachment-medium-image-16x10 size-medium-image-16x10 wp-post-image\" alt=\"\" srcset=\"https:\/\/pb.edu.pl\/pb2020\/wp-content\/uploads\/sites\/21\/2019\/02\/PB2020_aktualnosci.png 600w, https:\/\/pb.edu.pl\/pb2020\/wp-content\/uploads\/sites\/21\/2019\/02\/PB2020_aktualnosci-300x182.png 300w\" sizes=\"auto, (max-width: 480px) 100vw, 480px\" \/>      <\/div>\n      <h3>Szacowanie zam\u00f3wienia &#8211; przygotowanie kurs\u00f3w z 3 obszar\u00f3w<\/h3>\n      Politechnika Bia\u0142ostocka w ramach realizowanych projekt\u00f3w zintegrowanych (PB2.0, ZIREG, PB2020) planuje    <\/a>\n<\/article>\t\t\t\t\t\t<\/div>\n\t\t\t\t\t\t\t\t\t\t\t<div class=\"col-sm-3\">\n\t\t\t\t\t\t\t\n<article class=\"format-standard\">\n    <span class=\"date text-right\"><i class=\"fal fa-calendar-alt\"><\/i> 29-05-2023<\/span>\n    <a href=\"https:\/\/pb.edu.pl\/pb2020\/2023\/05\/29\/wycena-szkolenia-design-thinking\/\">\n      <div class=\"article-image\">\n              <\/div>\n      <h3>Wycena szkolenia Design Thinking<\/h3>\n      &nbsp; Zwracamy si\u0119 z pro\u015bb\u0105 o przes\u0142anie wyceny oczekiwanego wynagrodzenia brutto    <\/a>\n<\/article>\t\t\t\t\t\t<\/div>\n\t\t\t\t\t\t\t\t\t\t\t<div class=\"col-sm-3\">\n\t\t\t\t\t\t\t\n<article class=\"format-standard\">\n    <span class=\"date text-right\"><i class=\"fal fa-calendar-alt\"><\/i> 26-07-2022<\/span>\n    <a href=\"https:\/\/pb.edu.pl\/pb2020\/2022\/07\/26\/rekrutacja-uzupelniajaca\/\">\n      <div class=\"article-image\">\n        <img loading=\"lazy\" decoding=\"async\" width=\"480\" height=\"290\" src=\"https:\/\/pb.edu.pl\/pb2020\/wp-content\/uploads\/sites\/21\/2019\/02\/PB2020_aktualnosci.png\" class=\"attachment-medium-image-16x10 size-medium-image-16x10 wp-post-image\" alt=\"\" srcset=\"https:\/\/pb.edu.pl\/pb2020\/wp-content\/uploads\/sites\/21\/2019\/02\/PB2020_aktualnosci.png 600w, https:\/\/pb.edu.pl\/pb2020\/wp-content\/uploads\/sites\/21\/2019\/02\/PB2020_aktualnosci-300x182.png 300w\" sizes=\"auto, (max-width: 480px) 100vw, 480px\" \/>      <\/div>\n      <h3>Rekrutacja uzupe\u0142niaj\u0105ca<\/h3>\n      26.07.2022 rozpoczynamy UZUPE\u0141NIAJ\u0104C\u0104&nbsp;rekrutacj\u0119 &nbsp;do projektu \u201ePB2020 \u2013 Zintegrowany Program Rozwoju Politechniki    <\/a>\n<\/article>\t\t\t\t\t\t<\/div>\n\t\t\t\t\t\t\t\t\t\t\t<div class=\"col-sm-3\">\n\t\t\t\t\t\t\t\n<article class=\"format-standard\">\n    <span class=\"date text-right\"><i class=\"fal fa-calendar-alt\"><\/i> 25-04-2022<\/span>\n    <a href=\"https:\/\/pb.edu.pl\/pb2020\/2022\/04\/25\/fdi-wyniki-rekrutacji-studentow-2022\/\">\n      <div class=\"article-image\">\n        <img loading=\"lazy\" decoding=\"async\" width=\"478\" height=\"300\" src=\"https:\/\/pb.edu.pl\/pb2020\/wp-content\/uploads\/sites\/21\/2018\/12\/FDI-classified-information.jpg\" class=\"attachment-medium-image-16x10 size-medium-image-16x10 wp-post-image\" alt=\"\" srcset=\"https:\/\/pb.edu.pl\/pb2020\/wp-content\/uploads\/sites\/21\/2018\/12\/FDI-classified-information.jpg 8000w, https:\/\/pb.edu.pl\/pb2020\/wp-content\/uploads\/sites\/21\/2018\/12\/FDI-classified-information-300x188.jpg 300w, https:\/\/pb.edu.pl\/pb2020\/wp-content\/uploads\/sites\/21\/2018\/12\/FDI-classified-information-768x482.jpg 768w, https:\/\/pb.edu.pl\/pb2020\/wp-content\/uploads\/sites\/21\/2018\/12\/FDI-classified-information-1024x642.jpg 1024w\" sizes=\"auto, (max-width: 478px) 100vw, 478px\" \/>      <\/div>\n      <h3>FDI \u2013 wyniki rekrutacji student\u00f3w 2022<\/h3>\n      Zapraszam do zapoznania si\u0119 z wynikami specjalnej edycji rekrutacji Fabryki Dobrego    <\/a>\n<\/article>\t\t\t\t\t\t<\/div>\n\t\t\t\t\t\t\t\t\t\t\t<div class=\"col-sm-3\">\n\t\t\t\t\t\t\t\n<article class=\"format-standard\">\n    <span class=\"date text-right\"><i class=\"fal fa-calendar-alt\"><\/i> 01-04-2022<\/span>\n    <a href=\"https:\/\/pb.edu.pl\/pb2020\/2022\/04\/01\/specjalna-ostatnia-edycja-fabryki-dobrego-inzyniera-rekrutacja\/\">\n      <div class=\"article-image\">\n        <img loading=\"lazy\" decoding=\"async\" width=\"480\" height=\"300\" src=\"https:\/\/pb.edu.pl\/pb2020\/wp-content\/uploads\/sites\/21\/2022\/04\/FDI-2022.jpg\" class=\"attachment-medium-image-16x10 size-medium-image-16x10 wp-post-image\" alt=\"\" srcset=\"https:\/\/pb.edu.pl\/pb2020\/wp-content\/uploads\/sites\/21\/2022\/04\/FDI-2022.jpg 1640w, https:\/\/pb.edu.pl\/pb2020\/wp-content\/uploads\/sites\/21\/2022\/04\/FDI-2022-300x188.jpg 300w, https:\/\/pb.edu.pl\/pb2020\/wp-content\/uploads\/sites\/21\/2022\/04\/FDI-2022-1024x642.jpg 1024w, https:\/\/pb.edu.pl\/pb2020\/wp-content\/uploads\/sites\/21\/2022\/04\/FDI-2022-768x481.jpg 768w, https:\/\/pb.edu.pl\/pb2020\/wp-content\/uploads\/sites\/21\/2022\/04\/FDI-2022-1536x963.jpg 1536w\" sizes=\"auto, (max-width: 480px) 100vw, 480px\" \/>      <\/div>\n      <h3>Specjalna ostatnia edycja Fabryki Dobrego In\u017cyniera &#8211; przed\u0142u\u017cona rekrutacja do 21.04.2022<\/h3>\n      W dniu&nbsp;01.04.2022 r. rusza dodatkowa specjalna edycja rekrutacji do Fabryki Dobrego    <\/a>\n<\/article>\t\t\t\t\t\t<\/div>\n\t\t\t\t\t\t\t\t\t\t\t<div class=\"col-sm-3\">\n\t\t\t\t\t\t\t\n<article class=\"format-standard\">\n    <span class=\"date text-right\"><i class=\"fal fa-calendar-alt\"><\/i> 15-03-2022<\/span>\n    <a href=\"https:\/\/pb.edu.pl\/pb2020\/2022\/03\/15\/zgoda-ncbr-na-wydluzenie-projektu\/\">\n      <div class=\"article-image\">\n        <img loading=\"lazy\" decoding=\"async\" width=\"480\" height=\"290\" src=\"https:\/\/pb.edu.pl\/pb2020\/wp-content\/uploads\/sites\/21\/2019\/02\/PB2020_regulamin.png\" class=\"attachment-medium-image-16x10 size-medium-image-16x10 wp-post-image\" alt=\"\" srcset=\"https:\/\/pb.edu.pl\/pb2020\/wp-content\/uploads\/sites\/21\/2019\/02\/PB2020_regulamin.png 600w, https:\/\/pb.edu.pl\/pb2020\/wp-content\/uploads\/sites\/21\/2019\/02\/PB2020_regulamin-300x182.png 300w\" sizes=\"auto, (max-width: 480px) 100vw, 480px\" \/>      <\/div>\n      <h3>Zgoda NCBR na wyd\u0142u\u017cenie projektu<\/h3>\n      Informujemy, i\u017c Politechnika Bia\u0142ostocka otrzyma\u0142a zgod\u0119 od Narodowego Centrum Bada\u0144 i    <\/a>\n<\/article>\t\t\t\t\t\t<\/div>\n\t\t\t\t\t\t\t\t\t\t\t<div class=\"col-sm-3\">\n\t\t\t\t\t\t\t\n<article class=\"format-standard\">\n    <span class=\"date text-right\"><i class=\"fal fa-calendar-alt\"><\/i> 30-11-2021<\/span>\n    <a href=\"https:\/\/pb.edu.pl\/pb2020\/2021\/11\/30\/wyniki-rekrutacji-uzupelniajacej-do-pilotazowego-programu-tutorskiego-w-ramach-fdi\/\">\n      <div class=\"article-image\">\n        <img loading=\"lazy\" decoding=\"async\" width=\"480\" height=\"210\" src=\"https:\/\/pb.edu.pl\/pb2020\/wp-content\/uploads\/sites\/21\/2018\/10\/lista.jpg\" class=\"attachment-medium-image-16x10 size-medium-image-16x10 wp-post-image\" alt=\"\" srcset=\"https:\/\/pb.edu.pl\/pb2020\/wp-content\/uploads\/sites\/21\/2018\/10\/lista.jpg 523w, https:\/\/pb.edu.pl\/pb2020\/wp-content\/uploads\/sites\/21\/2018\/10\/lista-300x131.jpg 300w\" sizes=\"auto, (max-width: 480px) 100vw, 480px\" \/>      <\/div>\n      <h3>Wyniki rekrutacji uzupe\u0142niaj\u0105cej do Pilota\u017cowego Programu Tutorskiego w ramach FDI<\/h3>\n      Zapraszamy do zapoznania si\u0119 z wynikami rekrutacji uzupe\u0142niaj\u0105cej do Pilota\u017cowego Programu    <\/a>\n<\/article>\t\t\t\t\t\t<\/div>\n\t\t\t\t\t\t\t\t\t\t\t<div class=\"col-sm-3\">\n\t\t\t\t\t\t\t\n<article class=\"format-standard\">\n    <span class=\"date text-right\"><i class=\"fal fa-calendar-alt\"><\/i> 19-11-2021<\/span>\n    <a href=\"https:\/\/pb.edu.pl\/pb2020\/2021\/11\/19\/rekrutacja-uzupelniajaca-studentow-na-pilotazowy-program-tutorski-w-ramach-fabryki-dobrego-inzyniera\/\">\n      <div class=\"article-image\">\n              <\/div>\n      <h3>Rekrutacja Uzupe\u0142niaj\u0105ca Student\u00f3w na Pilota\u017cowy Program Tutorski w ramach Fabryki Dobrego In\u017cyniera<\/h3>\n      W dniu 19.11.2021 r. rusza rekrutacja uzupe\u0142niaj\u0105ca do Pilota\u017cowego Programu Tutorskiego    <\/a>\n<\/article>\t\t\t\t\t\t<\/div>\n\t\t\t\t\t\t\t\t\t\t\t<div class=\"col-sm-3\">\n\t\t\t\t\t\t\t\n<article class=\"format-standard\">\n    <span class=\"date text-right\"><i class=\"fal fa-calendar-alt\"><\/i> 05-11-2021<\/span>\n    <a href=\"https:\/\/pb.edu.pl\/pb2020\/2021\/11\/05\/wyniki-rekrutacji-do-pilotazowego-programu-tutorskiego-w-ramach-fdi\/\">\n      <div class=\"article-image\">\n        <img loading=\"lazy\" decoding=\"async\" width=\"480\" height=\"210\" src=\"https:\/\/pb.edu.pl\/pb2020\/wp-content\/uploads\/sites\/21\/2018\/10\/lista.jpg\" class=\"attachment-medium-image-16x10 size-medium-image-16x10 wp-post-image\" alt=\"\" srcset=\"https:\/\/pb.edu.pl\/pb2020\/wp-content\/uploads\/sites\/21\/2018\/10\/lista.jpg 523w, https:\/\/pb.edu.pl\/pb2020\/wp-content\/uploads\/sites\/21\/2018\/10\/lista-300x131.jpg 300w\" sizes=\"auto, (max-width: 480px) 100vw, 480px\" \/>      <\/div>\n      <h3>Wyniki rekrutacji do Pilota\u017cowego Programu Tutorskiego w ramach FDI<\/h3>\n      Zapraszamy do zapoznania si\u0119 z wynikami rekrutacji do Pilota\u017cowego Programu Tutorskiego    <\/a>\n<\/article>\t\t\t\t\t\t<\/div>\n\t\t\t\t\t\t\t\t\t\t\t<div class=\"col-sm-3\">\n\t\t\t\t\t\t\t\n<article class=\"format-standard\">\n    <span class=\"date text-right\"><i class=\"fal fa-calendar-alt\"><\/i> 02-11-2021<\/span>\n    <a href=\"https:\/\/pb.edu.pl\/pb2020\/2021\/11\/02\/szacowanie-dot-wyceny-za-1-h-zajec-z-przedmiotu-wyklad-specjalistyczny-5\/\">\n      <div class=\"article-image\">\n              <\/div>\n      <h3>Szacowanie dot. wyceny za 1 h zaj\u0119\u0107 z przedmiotu Wyk\u0142ad specjalistyczny<\/h3>\n      Zwracamy si\u0119 z pro\u015bb\u0105 o przes\u0142anie wyceny oczekiwanego wynagrodzenia brutto za    <\/a>\n<\/article>\t\t\t\t\t\t<\/div>\n\t\t\t\t\t\t\t\t\t\t\t<div class=\"col-sm-3\">\n\t\t\t\t\t\t\t\n<article class=\"format-standard\">\n    <span class=\"date text-right\"><i class=\"fal fa-calendar-alt\"><\/i> 27-10-2021<\/span>\n    <a href=\"https:\/\/pb.edu.pl\/pb2020\/2021\/10\/27\/szacowanie-dot-wyceny-za-1-h-prowadzenia-tutoringu-w-ramach-pilotazowego-programu-tutorskiego\/\">\n      <div class=\"article-image\">\n        <img loading=\"lazy\" decoding=\"async\" width=\"480\" height=\"290\" src=\"https:\/\/pb.edu.pl\/pb2020\/wp-content\/uploads\/sites\/21\/2019\/02\/PB2020_aktualnosci.png\" class=\"attachment-medium-image-16x10 size-medium-image-16x10 wp-post-image\" alt=\"\" srcset=\"https:\/\/pb.edu.pl\/pb2020\/wp-content\/uploads\/sites\/21\/2019\/02\/PB2020_aktualnosci.png 600w, https:\/\/pb.edu.pl\/pb2020\/wp-content\/uploads\/sites\/21\/2019\/02\/PB2020_aktualnosci-300x182.png 300w\" sizes=\"auto, (max-width: 480px) 100vw, 480px\" \/>      <\/div>\n      <h3>Szacowanie dot. wyceny za 1 h prowadzenia tutoringu w ramach Pilota\u017cowego Programu Tutorskiego<\/h3>\n      Zwracamy si\u0119 z pro\u015bb\u0105 o przes\u0142anie wyceny oczekiwanego wynagrodzenia brutto za    <\/a>\n<\/article>\t\t\t\t\t\t<\/div>\n\t\t\t\t\t\n\t\t\t\t\n\t\t\t\t\t<\/div>\n\t\t\n\t<nav class=\"navigation pagination\" aria-label=\"Stronicowanie wpis\u00f3w\">\n\t\t<h2 class=\"screen-reader-text\">Stronicowanie wpis\u00f3w<\/h2>\n\t\t<div class=\"nav-links\"><span aria-current=\"page\" class=\"page-numbers current\">1<\/span>\n<a class=\"page-numbers\" href=\"https:\/\/pb.edu.pl\/pb2020\/wp-json\/wp\/v2\/pages\/129\/page\/2\/\">2<\/a>\n<a class=\"page-numbers\" href=\"https:\/\/pb.edu.pl\/pb2020\/wp-json\/wp\/v2\/pages\/129\/page\/3\/\">3<\/a>\n<span class=\"page-numbers dots\">&hellip;<\/span>\n<a class=\"page-numbers\" href=\"https:\/\/pb.edu.pl\/pb2020\/wp-json\/wp\/v2\/pages\/129\/page\/13\/\">13<\/a>\n<a class=\"next page-numbers\" href=\"https:\/\/pb.edu.pl\/pb2020\/wp-json\/wp\/v2\/pages\/129\/page\/2\/\">Nast\u0119pne<\/a><\/div>\n\t<\/nav>\t\t\t<\/div>\n\n","protected":false},"excerpt":{"rendered":"","protected":false},"author":33,"featured_media":0,"parent":0,"menu_order":0,"comment_status":"closed","ping_status":"closed","template":"","meta":{"_acf_changed":false,"ngg_post_thumbnail":0,"footnotes":""},"class_list":["post-129","page","type-page","status-publish","hentry"],"acf":[],"_links":{"self":[{"href":"https:\/\/pb.edu.pl\/pb2020\/wp-json\/wp\/v2\/pages\/129","targetHints":{"allow":["GET"]}}],"collection":[{"href":"https:\/\/pb.edu.pl\/pb2020\/wp-json\/wp\/v2\/pages"}],"about":[{"href":"https:\/\/pb.edu.pl\/pb2020\/wp-json\/wp\/v2\/types\/page"}],"author":[{"embeddable":true,"href":"https:\/\/pb.edu.pl\/pb2020\/wp-json\/wp\/v2\/users\/33"}],"replies":[{"embeddable":true,"href":"https:\/\/pb.edu.pl\/pb2020\/wp-json\/wp\/v2\/comments?post=129"}],"version-history":[{"count":0,"href":"https:\/\/pb.edu.pl\/pb2020\/wp-json\/wp\/v2\/pages\/129\/revisions"}],"wp:attachment":[{"href":"https:\/\/pb.edu.pl\/pb2020\/wp-json\/wp\/v2\/media?parent=129"}],"curies":[{"name":"wp","href":"https:\/\/api.w.org\/{rel}","templated":true}]}}