{"id":1266,"date":"2021-02-24T15:11:06","date_gmt":"2021-02-24T14:11:06","guid":{"rendered":"https:\/\/pb.edu.pl\/pb2020\/?page_id=1266"},"modified":"2025-06-24T12:06:54","modified_gmt":"2025-06-24T10:06:54","slug":"warsztaty-pedagogiczne","status":"publish","type":"page","link":"https:\/\/pb.edu.pl\/pb2020\/szkolenia\/szkolenia-dla-pracownikow\/add-2021\/warsztaty-pedagogiczne\/","title":{"rendered":"Warsztaty pedagogiczne"},"content":{"rendered":"<p><img loading=\"lazy\" decoding=\"async\" class=\"alignnone wp-image-112 size-full\" src=\"https:\/\/pb.edu.pl\/pb2020\/wp-content\/uploads\/sites\/21\/2018\/10\/FE_POWER_poziom_pl-1_rgb.jpg\" alt=\"Z lewej strony logotyp Programu Operacyjnego Wiedza Edukacja Rozw\u00f3j zawieraj\u0105cy jedn\u0105 gwiazdk\u0119 bia\u0142\u0105, jedn\u0105 \u017c\u00f3\u0142t\u0105 oraz jedn\u0105 czerwon\u0105 na niebieskim tle, z prawej strony logo Unii Europejskiej, \u017c\u00f3\u0142te gwiazdki u\u0142o\u017cone w k\u00f3\u0142ko na niebieskim tle oraz napis Unia Europejska Europejski Funduszu Spo\u0142eczny. Na \u015brodku bia\u0142o-czerwona flaga Polski z napisem Rzeczypospolita Polska\" width=\"5883\" height=\"756\" srcset=\"https:\/\/pb.edu.pl\/pb2020\/wp-content\/uploads\/sites\/21\/2018\/10\/FE_POWER_poziom_pl-1_rgb.jpg 5883w, https:\/\/pb.edu.pl\/pb2020\/wp-content\/uploads\/sites\/21\/2018\/10\/FE_POWER_poziom_pl-1_rgb-300x39.jpg 300w, https:\/\/pb.edu.pl\/pb2020\/wp-content\/uploads\/sites\/21\/2018\/10\/FE_POWER_poziom_pl-1_rgb-768x99.jpg 768w, https:\/\/pb.edu.pl\/pb2020\/wp-content\/uploads\/sites\/21\/2018\/10\/FE_POWER_poziom_pl-1_rgb-1024x132.jpg 1024w\" sizes=\"auto, (max-width: 5883px) 100vw, 5883px\" \/><\/p>\n<p><strong>Grupa docelowa: kadra dydaktyczna<\/strong><\/p>\n<p><strong>Liczba os\u00f3b: max. 20<\/strong><\/p>\n<p><strong>Miejsce szkolenia: zdalna forma warsztat\u00f3w<\/strong><\/p>\n<p>Certyfikat: <strong>TAK<\/strong><\/p>\n<p><strong>Tematy warsztat\u00f3w:<\/strong><\/p>\n<ul>\n<li>Komunikacja ze studentami o r\u00f3\u017cnych typach osobowo\u015bci w kontek\u015bcie dydaktycznym<\/li>\n<\/ul>\n<p>Termin: <strong>09.03.2021 r., w godzinach 11:00 \u2013 15:15<\/strong><\/p>\n<p>Liczba godzin: <strong>5 godzin<\/strong> <strong>(1 godz. = 45 min.)<\/strong><\/p>\n<p><strong>Prowadz\u0105cy: mgr Monika Kisielewska<\/strong><\/p>\n<ul>\n<li>Warsztat kompetencji nauczyciela akademickiego<\/li>\n<\/ul>\n<p>Termin: <strong>16.03.2021 r., w godzinach 10:00 \u2013 17:00<\/strong><\/p>\n<p>Liczba godzin: <strong>8 godzin<\/strong> <strong>(1 godz. = 45 min.)<\/strong><\/p>\n<p><strong>Prowadz\u0105cy: dr Marcin Kolemba<\/strong><\/p>\n<ul>\n<li>Czas i jego znaczenie w dzia\u0142alno\u015bci nauczycieli akademickich<\/li>\n<\/ul>\n<p>Termin: <strong>30.03.2021 r., w godzinach 10:00 \u2013 14:15<\/strong><\/p>\n<p>Liczba godzin: <strong>5 godzin<\/strong> <strong>(1 godz. = 45 min.)<\/strong><\/p>\n<p><strong>Prowadz\u0105cy: dr hab. Alicja Korzeniecka-Bondar<\/strong><\/p>\n<ul>\n<li>Trening kreatywno\u015bci<\/li>\n<\/ul>\n<p>Termin: <strong>13.04.2021 r., w godzinach 10:00 \u2013 16:15<\/strong><\/p>\n<p>Liczba godzin: <strong>7 godzin<\/strong> <strong>(1 godz. = 45 min.)<\/strong><\/p>\n<p><strong>Prowadz\u0105cy: dr Beata Kunat<\/strong><\/p>\n<ul>\n<li>Tutoring w pracy nauczyciela akademickiego: korzy\u015bci, wyzwania, przyk\u0142ady zastosowania<\/li>\n<\/ul>\n<p>Termin: <strong>27.04.2021 r., w godzinach 10:00 \u2013 14:15<\/strong><\/p>\n<p>Liczba godzin: <strong>5 godzin<\/strong> <strong>(1 godz. = 45 min.)<\/strong><\/p>\n<p><strong>Prowadz\u0105cy: dr Marta Kowalczuk-Wal\u0119dziak<\/strong><\/p>\n<ul>\n<li>Dydaktyczny kontekst wykorzystania nowoczesnych technologii<\/li>\n<\/ul>\n<p>Termin: <strong>11.05.2021 r., w godzinach 10:00 \u2013 16:15<\/strong><\/p>\n<p>Liczba godzin: <strong>7 godzin<\/strong> <strong>(1 godz. = 45 min.)<\/strong><\/p>\n<p><strong>Prowadz\u0105cy: dr Karol Kowalczuk<\/strong><\/p>\n<ul>\n<li>Umiej\u0119tne wykorzystanie i higiena aparatu g\u0142osowego w procesie dydaktycznym<\/li>\n<\/ul>\n<p>Termin: <strong>25.05.2021 r., w godzinach 10:00 \u2013 12:45<\/strong><\/p>\n<p>Liczba godzin: <strong>3 godziny<\/strong> <strong>(1 godz. = 45 min.)<\/strong><\/p>\n<p><strong>Prowadz\u0105cy: dr Mi\u0142os\u0142awa Malzahn<\/strong><\/p>\n<hr>\n<div class=\"h2\">Rejestracja na szkolenie:<\/div>\n<p style=\"color: red;font-weight: bold\">Uwaga &#8211; szkolenie jest skierowane do kadry dydaktycznej.<\/p>\n<p style=\"color: red;font-weight: bold\">Liczba miejsc jest ograniczona do 20 os\u00f3b. Decyduje kolejno\u015b\u0107 zg\u0142osze\u0144.<\/p>\n<p>Rejestracja zako\u0144czona.<\/p>\n","protected":false},"excerpt":{"rendered":"<p>Grupa docelowa: kadra dydaktyczna Liczba os\u00f3b: max. 20 Miejsce szkolenia: zdalna forma warsztat\u00f3w Certyfikat: TAK<\/p>\n","protected":false},"author":65,"featured_media":0,"parent":919,"menu_order":0,"comment_status":"closed","ping_status":"closed","template":"","meta":{"_acf_changed":false,"ngg_post_thumbnail":0,"footnotes":""},"class_list":["post-1266","page","type-page","status-publish","hentry"],"acf":[],"_links":{"self":[{"href":"https:\/\/pb.edu.pl\/pb2020\/wp-json\/wp\/v2\/pages\/1266","targetHints":{"allow":["GET"]}}],"collection":[{"href":"https:\/\/pb.edu.pl\/pb2020\/wp-json\/wp\/v2\/pages"}],"about":[{"href":"https:\/\/pb.edu.pl\/pb2020\/wp-json\/wp\/v2\/types\/page"}],"author":[{"embeddable":true,"href":"https:\/\/pb.edu.pl\/pb2020\/wp-json\/wp\/v2\/users\/65"}],"replies":[{"embeddable":true,"href":"https:\/\/pb.edu.pl\/pb2020\/wp-json\/wp\/v2\/comments?post=1266"}],"version-history":[{"count":0,"href":"https:\/\/pb.edu.pl\/pb2020\/wp-json\/wp\/v2\/pages\/1266\/revisions"}],"up":[{"embeddable":true,"href":"https:\/\/pb.edu.pl\/pb2020\/wp-json\/wp\/v2\/pages\/919"}],"wp:attachment":[{"href":"https:\/\/pb.edu.pl\/pb2020\/wp-json\/wp\/v2\/media?parent=1266"}],"curies":[{"name":"wp","href":"https:\/\/api.w.org\/{rel}","templated":true}]}}