{"id":830,"date":"2023-05-08T10:27:40","date_gmt":"2023-05-08T08:27:40","guid":{"rendered":"https:\/\/pb.edu.pl\/pb2\/?page_id=830"},"modified":"2025-06-24T12:22:23","modified_gmt":"2025-06-24T10:22:23","slug":"szkolenia-graficzne","status":"publish","type":"page","link":"https:\/\/pb.edu.pl\/pb2\/szkolenia\/szkolenia-studentow-fmi\/szkolenia-graficzne\/","title":{"rendered":"Szkolenia graficzne"},"content":{"rendered":"<p><img loading=\"lazy\" decoding=\"async\" class=\"aligncenter wp-image-714 size-full\" src=\"https:\/\/pb.edu.pl\/pb2\/wp-content\/uploads\/sites\/34\/2022\/09\/belka-POWER_pl.jpg\" alt=\"\" width=\"1871\" height=\"183\" srcset=\"https:\/\/pb.edu.pl\/pb2\/wp-content\/uploads\/sites\/34\/2022\/09\/belka-POWER_pl.jpg 1871w, https:\/\/pb.edu.pl\/pb2\/wp-content\/uploads\/sites\/34\/2022\/09\/belka-POWER_pl-300x29.jpg 300w, https:\/\/pb.edu.pl\/pb2\/wp-content\/uploads\/sites\/34\/2022\/09\/belka-POWER_pl-1024x100.jpg 1024w, https:\/\/pb.edu.pl\/pb2\/wp-content\/uploads\/sites\/34\/2022\/09\/belka-POWER_pl-768x75.jpg 768w, https:\/\/pb.edu.pl\/pb2\/wp-content\/uploads\/sites\/34\/2022\/09\/belka-POWER_pl-1536x150.jpg 1536w\" sizes=\"auto, (max-width: 1871px) 100vw, 1871px\" \/><\/p>\n<p>Szanowni Pa\u0144stwo,<\/p>\n<p>prosz\u0119 o wskazanie jakie terminy realizacji szkolenia certyfikowanego wybranego przez Pa\u0144stwa b\u0119dzie najbardziej dogodny. Przy zamawianiu termin\u00f3w kursu b\u0119d\u0119 si\u0119 kierowa\u0142 najpopularniejsz\u0105 opcj\u0105 terminu.<\/p>\n<p>Prosz\u0119 o wskazanie termin\u00f3w do jutra &#8211; 09.05.2023 r.<\/p>\n<p>Rejestracja zako\u0144czona.<\/p>\n","protected":false},"excerpt":{"rendered":"<p>Szanowni Pa\u0144stwo, prosz\u0119 o wskazanie jakie terminy realizacji szkolenia certyfikowanego wybranego przez Pa\u0144stwa b\u0119dzie najbardziej<\/p>\n","protected":false},"author":147,"featured_media":0,"parent":493,"menu_order":0,"comment_status":"closed","ping_status":"closed","template":"","meta":{"_acf_changed":false,"ngg_post_thumbnail":0,"footnotes":""},"class_list":["post-830","page","type-page","status-publish","hentry"],"acf":[],"_links":{"self":[{"href":"https:\/\/pb.edu.pl\/pb2\/wp-json\/wp\/v2\/pages\/830","targetHints":{"allow":["GET"]}}],"collection":[{"href":"https:\/\/pb.edu.pl\/pb2\/wp-json\/wp\/v2\/pages"}],"about":[{"href":"https:\/\/pb.edu.pl\/pb2\/wp-json\/wp\/v2\/types\/page"}],"author":[{"embeddable":true,"href":"https:\/\/pb.edu.pl\/pb2\/wp-json\/wp\/v2\/users\/147"}],"replies":[{"embeddable":true,"href":"https:\/\/pb.edu.pl\/pb2\/wp-json\/wp\/v2\/comments?post=830"}],"version-history":[{"count":0,"href":"https:\/\/pb.edu.pl\/pb2\/wp-json\/wp\/v2\/pages\/830\/revisions"}],"up":[{"embeddable":true,"href":"https:\/\/pb.edu.pl\/pb2\/wp-json\/wp\/v2\/pages\/493"}],"wp:attachment":[{"href":"https:\/\/pb.edu.pl\/pb2\/wp-json\/wp\/v2\/media?parent=830"}],"curies":[{"name":"wp","href":"https:\/\/api.w.org\/{rel}","templated":true}]}}