{"id":809,"date":"2023-04-18T11:21:01","date_gmt":"2023-04-18T09:21:01","guid":{"rendered":"https:\/\/pb.edu.pl\/pb2\/?page_id=809"},"modified":"2025-06-24T12:21:34","modified_gmt":"2025-06-24T10:21:34","slug":"rekrutacja-technicznych","status":"publish","type":"page","link":"https:\/\/pb.edu.pl\/pb2\/pb-2-0\/rekrutacja-do-projektu\/rekrutacja-pracownikow\/rekrutacja-technicznych\/","title":{"rendered":"Rekrutacja pracownik\u00f3w technicznych"},"content":{"rendered":"<p><img loading=\"lazy\" decoding=\"async\" class=\"aligncenter size-large wp-image-714\" src=\"https:\/\/pb.edu.pl\/pb2\/wp-content\/uploads\/sites\/34\/2022\/09\/belka-POWER_pl-1024x100.jpg\" alt=\"\" width=\"1024\" height=\"100\" srcset=\"https:\/\/pb.edu.pl\/pb2\/wp-content\/uploads\/sites\/34\/2022\/09\/belka-POWER_pl-1024x100.jpg 1024w, https:\/\/pb.edu.pl\/pb2\/wp-content\/uploads\/sites\/34\/2022\/09\/belka-POWER_pl-300x29.jpg 300w, https:\/\/pb.edu.pl\/pb2\/wp-content\/uploads\/sites\/34\/2022\/09\/belka-POWER_pl-768x75.jpg 768w, https:\/\/pb.edu.pl\/pb2\/wp-content\/uploads\/sites\/34\/2022\/09\/belka-POWER_pl-1536x150.jpg 1536w, https:\/\/pb.edu.pl\/pb2\/wp-content\/uploads\/sites\/34\/2022\/09\/belka-POWER_pl.jpg 1871w\" sizes=\"auto, (max-width: 1024px) 100vw, 1024px\" \/><\/p>\n<h2 id=\"isPasted\" class=\"h2\">Modu\u0142 VI projektu STAFFSKILLS 2<\/h2>\n<div>Po wype\u0142nieniu cz\u0119\u015bci z danymi osobowymi, prosz\u0119 przej\u015b\u0107 do wskazania szkole\u0144, kt\u00f3rymi s\u0105 Pa\u0144stwo zainteresowani.<\/div>\n<h3>Rekrutacja dotyczy jedynie os\u00f3b, kt\u00f3re s\u0105 zatrudnione na stanowiskach technicznych.<\/h3>\n<p>Rejestracja zako\u0144czona.<\/p>\n","protected":false},"excerpt":{"rendered":"<p>Modu\u0142 VI projektu STAFFSKILLS 2 Po wype\u0142nieniu cz\u0119\u015bci z danymi osobowymi, prosz\u0119 przej\u015b\u0107 do wskazania<\/p>\n","protected":false},"author":147,"featured_media":0,"parent":264,"menu_order":0,"comment_status":"closed","ping_status":"closed","template":"","meta":{"_acf_changed":false,"ngg_post_thumbnail":0,"footnotes":""},"class_list":["post-809","page","type-page","status-publish","hentry"],"acf":[],"_links":{"self":[{"href":"https:\/\/pb.edu.pl\/pb2\/wp-json\/wp\/v2\/pages\/809","targetHints":{"allow":["GET"]}}],"collection":[{"href":"https:\/\/pb.edu.pl\/pb2\/wp-json\/wp\/v2\/pages"}],"about":[{"href":"https:\/\/pb.edu.pl\/pb2\/wp-json\/wp\/v2\/types\/page"}],"author":[{"embeddable":true,"href":"https:\/\/pb.edu.pl\/pb2\/wp-json\/wp\/v2\/users\/147"}],"replies":[{"embeddable":true,"href":"https:\/\/pb.edu.pl\/pb2\/wp-json\/wp\/v2\/comments?post=809"}],"version-history":[{"count":0,"href":"https:\/\/pb.edu.pl\/pb2\/wp-json\/wp\/v2\/pages\/809\/revisions"}],"up":[{"embeddable":true,"href":"https:\/\/pb.edu.pl\/pb2\/wp-json\/wp\/v2\/pages\/264"}],"wp:attachment":[{"href":"https:\/\/pb.edu.pl\/pb2\/wp-json\/wp\/v2\/media?parent=809"}],"curies":[{"name":"wp","href":"https:\/\/api.w.org\/{rel}","templated":true}]}}