{"id":61,"date":"2019-09-25T14:05:54","date_gmt":"2019-09-25T12:05:54","guid":{"rendered":"https:\/\/pb.edu.pl\/pb20\/?page_id=61"},"modified":"2023-09-29T09:16:25","modified_gmt":"2023-09-29T07:16:25","slug":"pliki-do-pobrania","status":"publish","type":"page","link":"https:\/\/pb.edu.pl\/pb2\/dokumenty\/pliki-do-pobrania\/","title":{"rendered":"Pliki do pobrania"},"content":{"rendered":"<p><img loading=\"lazy\" decoding=\"async\" class=\"alignnone size-full wp-image-714\" src=\"https:\/\/pb.edu.pl\/pb2\/wp-content\/uploads\/sites\/34\/2022\/09\/belka-POWER_pl.jpg\" alt=\"\" width=\"1871\" height=\"183\" srcset=\"https:\/\/pb.edu.pl\/pb2\/wp-content\/uploads\/sites\/34\/2022\/09\/belka-POWER_pl.jpg 1871w, https:\/\/pb.edu.pl\/pb2\/wp-content\/uploads\/sites\/34\/2022\/09\/belka-POWER_pl-300x29.jpg 300w, https:\/\/pb.edu.pl\/pb2\/wp-content\/uploads\/sites\/34\/2022\/09\/belka-POWER_pl-1024x100.jpg 1024w, https:\/\/pb.edu.pl\/pb2\/wp-content\/uploads\/sites\/34\/2022\/09\/belka-POWER_pl-768x75.jpg 768w, https:\/\/pb.edu.pl\/pb2\/wp-content\/uploads\/sites\/34\/2022\/09\/belka-POWER_pl-1536x150.jpg 1536w\" sizes=\"auto, (max-width: 1871px) 100vw, 1871px\" \/><\/p>\n<p>Dokumenty:<\/p>\n<p><a class=\"docx\" title=\"Strona otworzy si\u0119 w nowym oknie.\" href=\"https:\/\/pb.edu.pl\/pb2\/wp-content\/uploads\/sites\/34\/2021\/08\/Zalacznik-nr-1-A-FORMULARZ-REKRUTACYJNI-STUDENCI-MODUL-II-cz.b.docx\" target=\"_blank\" rel=\"noopener\">Za\u0142\u0105cznik nr 1A &#8211; FORMULARZ REKRUTACYJNY STUDENCI (MODU\u0141 II) (docx, wersja dost\u0119pna cyfrowo, 55 KB)<\/a><\/p>\n<p><a class=\"docx\" title=\"Strona otworzy si\u0119 w nowym oknie.\" href=\"https:\/\/pb.edu.pl\/pb2\/wp-content\/uploads\/sites\/34\/2019\/11\/Za\u0142\u0105cznik-1-B-FORMULARZ-REKRUTACYJNY-TEACHSKILLS2-cz.b..docx\" target=\"_blank\" rel=\"noopener\">Za\u0142\u0105cznik nr 1B &#8211; FORMULARZ REKRUTACYJNY TEACHSKILLS2 cz.b. (docx, wersja dost\u0119pna cyfrowo, 43 KB)<\/a><\/p>\n<p><a class=\"docx\" title=\"Strona otworzy si\u0119 w nowym oknie.\" href=\"https:\/\/pb.edu.pl\/pb2\/wp-content\/uploads\/sites\/34\/2019\/11\/Za\u0142\u0105cznik-1-C-FORMULARZ-REKRUTACYJNY-STAFFSKILLS2-cz.b..docx\" target=\"_blank\" rel=\"noopener\">Za\u0142\u0105cznik 1C &#8211; FORMULARZ REKRUTACYJNY STAFFSKILLS2 cz.b. (docx, wersja dost\u0119pna cyfrowo, 41 KB)<\/a><\/p>\n<p><a class=\"docx\" title=\"Strona otworzy si\u0119 w nowym oknie.\" href=\"https:\/\/pb.edu.pl\/pb2\/wp-content\/uploads\/sites\/34\/2019\/11\/Za\u0142\u0105cznik-1-D-FORMULARZ-REKRUTACYJNY-KADRA-ZARZ\u0104DZAJ\u0104CA-cz.b..docx\" target=\"_blank\" rel=\"noopener\">Za\u0142\u0105cznik 1D &#8211; FORMULARZ REKRUTACYJNY KADRA ZARZ\u0104DZAJ\u0104CA cz.b. (docx, wersja dost\u0119pna cyfrowo, 39 KB)<\/a><\/p>\n<p><a class=\"docx\" title=\"Strona otworzy si\u0119 w nowym oknie.\" href=\"https:\/\/pb.edu.pl\/pb2\/wp-content\/uploads\/sites\/34\/2019\/11\/Za\u0142\u0105cznik-nr-2-do-Regulaminu-Projektu-PB2.0-cz.b.docx\" target=\"_blank\" rel=\"noopener\">Za\u0142\u0105cznik nr 2 do Regulaminu Projektu PB2.0 cz.b. (docx, wersja dost\u0119pna cyfrowo, 59 KB)<\/a><\/p>\n<p><a class=\"pdf\" title=\"Strona otworzy si\u0119 w nowym oknie.\" href=\"https:\/\/pb.edu.pl\/pb2\/wp-content\/uploads\/sites\/34\/2023\/09\/Umowa-uczestnictwa-PB-2.0-cz.-b-activ-FMI.pdf\">Umowa-uczestnictwa-PB-2.0-cz.-b activ pdf FMI (pdf, wersja dost\u0119pna cyfrowo, 382 KB)<\/a><\/p>\n","protected":false},"excerpt":{"rendered":"<p>Dokumenty: Za\u0142\u0105cznik nr 1A &#8211; FORMULARZ REKRUTACYJNY STUDENCI (MODU\u0141 II) (docx, wersja dost\u0119pna cyfrowo, 55<\/p>\n","protected":false},"author":33,"featured_media":0,"parent":21,"menu_order":0,"comment_status":"closed","ping_status":"closed","template":"","meta":{"_acf_changed":false,"ngg_post_thumbnail":0,"footnotes":""},"class_list":["post-61","page","type-page","status-publish","hentry"],"acf":[],"_links":{"self":[{"href":"https:\/\/pb.edu.pl\/pb2\/wp-json\/wp\/v2\/pages\/61","targetHints":{"allow":["GET"]}}],"collection":[{"href":"https:\/\/pb.edu.pl\/pb2\/wp-json\/wp\/v2\/pages"}],"about":[{"href":"https:\/\/pb.edu.pl\/pb2\/wp-json\/wp\/v2\/types\/page"}],"author":[{"embeddable":true,"href":"https:\/\/pb.edu.pl\/pb2\/wp-json\/wp\/v2\/users\/33"}],"replies":[{"embeddable":true,"href":"https:\/\/pb.edu.pl\/pb2\/wp-json\/wp\/v2\/comments?post=61"}],"version-history":[{"count":0,"href":"https:\/\/pb.edu.pl\/pb2\/wp-json\/wp\/v2\/pages\/61\/revisions"}],"up":[{"embeddable":true,"href":"https:\/\/pb.edu.pl\/pb2\/wp-json\/wp\/v2\/pages\/21"}],"wp:attachment":[{"href":"https:\/\/pb.edu.pl\/pb2\/wp-json\/wp\/v2\/media?parent=61"}],"curies":[{"name":"wp","href":"https:\/\/api.w.org\/{rel}","templated":true}]}}