{"id":565,"date":"2021-08-17T13:47:47","date_gmt":"2021-08-17T11:47:47","guid":{"rendered":"https:\/\/pb.edu.pl\/pb2\/?page_id=565"},"modified":"2023-03-13T08:04:47","modified_gmt":"2023-03-13T07:04:47","slug":"rekrutacja-fmi-pb2-0-2023","status":"publish","type":"page","link":"https:\/\/pb.edu.pl\/pb2\/pb-2-0\/rekrutacja-do-projektu\/rekrutacja-fmi-pb2-0-2023\/","title":{"rendered":"Rekrutacja FMI PB2.0 &#8211; 2023"},"content":{"rendered":"<p><img loading=\"lazy\" decoding=\"async\" class=\"alignnone size-full wp-image-714\" src=\"https:\/\/pb.edu.pl\/pb2\/wp-content\/uploads\/sites\/34\/2022\/09\/belka-POWER_pl.jpg\" alt=\"\" width=\"1871\" height=\"183\" srcset=\"https:\/\/pb.edu.pl\/pb2\/wp-content\/uploads\/sites\/34\/2022\/09\/belka-POWER_pl.jpg 1871w, https:\/\/pb.edu.pl\/pb2\/wp-content\/uploads\/sites\/34\/2022\/09\/belka-POWER_pl-300x29.jpg 300w, https:\/\/pb.edu.pl\/pb2\/wp-content\/uploads\/sites\/34\/2022\/09\/belka-POWER_pl-1024x100.jpg 1024w, https:\/\/pb.edu.pl\/pb2\/wp-content\/uploads\/sites\/34\/2022\/09\/belka-POWER_pl-768x75.jpg 768w, https:\/\/pb.edu.pl\/pb2\/wp-content\/uploads\/sites\/34\/2022\/09\/belka-POWER_pl-1536x150.jpg 1536w\" sizes=\"auto, (max-width: 1871px) 100vw, 1871px\" \/><\/p>\n<p>Do projektu zg\u0142osi\u0107 mog\u0105 si\u0119&nbsp;<strong>studenci studi\u00f3w stacjonarnych 4-rech ostatnich semestr\u00f3w I i II stopnia.<\/strong><\/p>\n<p>Pola oznaczone (*) musz\u0105 by\u0107 wype\u0142nione obowi\u0105zkowo.<\/p>\n<p>Rekrutacja zamkni\u0119ta.<\/p>\n<p>&nbsp;<\/p>\n","protected":false},"excerpt":{"rendered":"<p>Do projektu zg\u0142osi\u0107 mog\u0105 si\u0119&nbsp;studenci studi\u00f3w stacjonarnych 4-rech ostatnich semestr\u00f3w I i II stopnia. Pola<\/p>\n","protected":false},"author":33,"featured_media":0,"parent":262,"menu_order":0,"comment_status":"closed","ping_status":"closed","template":"","meta":{"_acf_changed":false,"ngg_post_thumbnail":0,"footnotes":""},"class_list":["post-565","page","type-page","status-publish","hentry"],"acf":[],"_links":{"self":[{"href":"https:\/\/pb.edu.pl\/pb2\/wp-json\/wp\/v2\/pages\/565","targetHints":{"allow":["GET"]}}],"collection":[{"href":"https:\/\/pb.edu.pl\/pb2\/wp-json\/wp\/v2\/pages"}],"about":[{"href":"https:\/\/pb.edu.pl\/pb2\/wp-json\/wp\/v2\/types\/page"}],"author":[{"embeddable":true,"href":"https:\/\/pb.edu.pl\/pb2\/wp-json\/wp\/v2\/users\/33"}],"replies":[{"embeddable":true,"href":"https:\/\/pb.edu.pl\/pb2\/wp-json\/wp\/v2\/comments?post=565"}],"version-history":[{"count":0,"href":"https:\/\/pb.edu.pl\/pb2\/wp-json\/wp\/v2\/pages\/565\/revisions"}],"up":[{"embeddable":true,"href":"https:\/\/pb.edu.pl\/pb2\/wp-json\/wp\/v2\/pages\/262"}],"wp:attachment":[{"href":"https:\/\/pb.edu.pl\/pb2\/wp-json\/wp\/v2\/media?parent=565"}],"curies":[{"name":"wp","href":"https:\/\/api.w.org\/{rel}","templated":true}]}}