{"id":272,"date":"2020-11-02T11:38:02","date_gmt":"2020-11-02T10:38:02","guid":{"rendered":"https:\/\/pb.edu.pl\/pb2\/?page_id=272"},"modified":"2021-03-10T13:46:47","modified_gmt":"2021-03-10T12:46:47","slug":"rekrutacja-fmi","status":"publish","type":"page","link":"https:\/\/pb.edu.pl\/pb2\/pb-2-0\/rekrutacja-do-projektu\/rekrutacja-fmi\/","title":{"rendered":"Studenci &#8211; Fabryka M\u0142odego In\u017cyniera II &#8211; formularz zg\u0142oszeniowy do projektu PB 2.0"},"content":{"rendered":"<p><img loading=\"lazy\" decoding=\"async\" class=\"alignnone size-full wp-image-48\" src=\"https:\/\/pb.edu.pl\/pb2\/wp-content\/uploads\/sites\/34\/2019\/09\/FE_POWER_poziom_pl-1_rgb.jpg\" alt=\"Z lewej strony logotyp Programu Operacyjnego Wiedza Edukacja Rozw\u00f3j, z prawej strony logo Unii Europejskiej oraz napis Unia Europejska Europejski Funduszu Spo\u0142eczny. Na \u015brodku bia\u0142o-czerwona flaga Polski z napisem Rzeczypospolita Polska\" width=\"5883\" height=\"756\" srcset=\"https:\/\/pb.edu.pl\/pb2\/wp-content\/uploads\/sites\/34\/2019\/09\/FE_POWER_poziom_pl-1_rgb.jpg 5883w, https:\/\/pb.edu.pl\/pb2\/wp-content\/uploads\/sites\/34\/2019\/09\/FE_POWER_poziom_pl-1_rgb-300x39.jpg 300w, https:\/\/pb.edu.pl\/pb2\/wp-content\/uploads\/sites\/34\/2019\/09\/FE_POWER_poziom_pl-1_rgb-768x99.jpg 768w, https:\/\/pb.edu.pl\/pb2\/wp-content\/uploads\/sites\/34\/2019\/09\/FE_POWER_poziom_pl-1_rgb-1024x132.jpg 1024w\" sizes=\"auto, (max-width: 5883px) 100vw, 5883px\" \/><\/p>\n<p>Do projektu zg\u0142osi\u0107 mog\u0105 si\u0119 <strong>studenci studi\u00f3w stacjonarnych 4-rech ostatnich semestr\u00f3w I i II stopnia.<\/strong><\/p>\n<p>Pola oznaczone (*) musz\u0105 by\u0107 wype\u0142nione obowi\u0105zkowo.<\/p>\n<p>Rekrutacja zako\u0144czona<\/p>\n","protected":false},"excerpt":{"rendered":"<p>Do projektu zg\u0142osi\u0107 mog\u0105 si\u0119 studenci studi\u00f3w stacjonarnych 4-rech ostatnich semestr\u00f3w I i II stopnia.<\/p>\n","protected":false},"author":33,"featured_media":0,"parent":262,"menu_order":0,"comment_status":"closed","ping_status":"closed","template":"","meta":{"_acf_changed":false,"ngg_post_thumbnail":0,"footnotes":""},"class_list":["post-272","page","type-page","status-publish","hentry"],"acf":[],"_links":{"self":[{"href":"https:\/\/pb.edu.pl\/pb2\/wp-json\/wp\/v2\/pages\/272","targetHints":{"allow":["GET"]}}],"collection":[{"href":"https:\/\/pb.edu.pl\/pb2\/wp-json\/wp\/v2\/pages"}],"about":[{"href":"https:\/\/pb.edu.pl\/pb2\/wp-json\/wp\/v2\/types\/page"}],"author":[{"embeddable":true,"href":"https:\/\/pb.edu.pl\/pb2\/wp-json\/wp\/v2\/users\/33"}],"replies":[{"embeddable":true,"href":"https:\/\/pb.edu.pl\/pb2\/wp-json\/wp\/v2\/comments?post=272"}],"version-history":[{"count":0,"href":"https:\/\/pb.edu.pl\/pb2\/wp-json\/wp\/v2\/pages\/272\/revisions"}],"up":[{"embeddable":true,"href":"https:\/\/pb.edu.pl\/pb2\/wp-json\/wp\/v2\/pages\/262"}],"wp:attachment":[{"href":"https:\/\/pb.edu.pl\/pb2\/wp-json\/wp\/v2\/media?parent=272"}],"curies":[{"name":"wp","href":"https:\/\/api.w.org\/{rel}","templated":true}]}}