{"id":262,"date":"2020-11-02T11:23:04","date_gmt":"2020-11-02T10:23:04","guid":{"rendered":"https:\/\/pb.edu.pl\/pb2\/?page_id=262"},"modified":"2023-02-17T12:45:32","modified_gmt":"2023-02-17T11:45:32","slug":"rekrutacja-do-projektu","status":"publish","type":"page","link":"https:\/\/pb.edu.pl\/pb2\/pb-2-0\/rekrutacja-do-projektu\/","title":{"rendered":"Rekrutacja do projektu"},"content":{"rendered":"<p><img loading=\"lazy\" decoding=\"async\" class=\"alignnone size-full wp-image-714\" src=\"https:\/\/pb.edu.pl\/pb2\/wp-content\/uploads\/sites\/34\/2022\/09\/belka-POWER_pl.jpg\" alt=\"\" width=\"1871\" height=\"183\" srcset=\"https:\/\/pb.edu.pl\/pb2\/wp-content\/uploads\/sites\/34\/2022\/09\/belka-POWER_pl.jpg 1871w, https:\/\/pb.edu.pl\/pb2\/wp-content\/uploads\/sites\/34\/2022\/09\/belka-POWER_pl-300x29.jpg 300w, https:\/\/pb.edu.pl\/pb2\/wp-content\/uploads\/sites\/34\/2022\/09\/belka-POWER_pl-1024x100.jpg 1024w, https:\/\/pb.edu.pl\/pb2\/wp-content\/uploads\/sites\/34\/2022\/09\/belka-POWER_pl-768x75.jpg 768w, https:\/\/pb.edu.pl\/pb2\/wp-content\/uploads\/sites\/34\/2022\/09\/belka-POWER_pl-1536x150.jpg 1536w\" sizes=\"auto, (max-width: 1871px) 100vw, 1871px\" \/><\/p>\n<div class=\"panel-group\" id=\"custom-collapse-0\">\n<div class=\"panel panel-default\">\n\t\t\t\t<div class=\"panel-heading\">\n\t\t\t\t\t<div class=\"panel-title\">\n\t\t\t\t\t\t<a class=\"collapsed h4\" data-toggle=\"collapse\" data-parent=\"#custom-collapse-0\" href=\"#custom-collapse-0-0\">Rekrutacja Pracownik\u00f3w<\/a>\n\t\t\t\t\t<\/div>\n\t\t\t\t<\/div>\n\t\t\t\t<div id=\"custom-collapse-0-0\" class=\"panel-collapse collapse\">\n\t\t\t\t\t<div class=\"panel-body\">\nRekrutacja pracownik\u00f3w PB w ramach projektu &#8222;PB 2.0. &#8211; Zintegrowany Program Rozwoju&#8221; realizowanego z Programu Operacyjnego Wiedza Edukacja Rozw\u00f3j.<\/p>\n<p><a href=\"\/pb2\/rekrutacja\/rekrutacja-pracownikow\/\">Przejd\u017a do rekrutacji pracownik\u00f3w<\/a><\/p>\n<\/div>\n\t\t\t\t<\/div>\n\t\t\t<\/div>\n<div class=\"panel panel-default\">\n\t\t\t\t<div class=\"panel-heading\">\n\t\t\t\t\t<div class=\"panel-title\">\n\t\t\t\t\t\t<a class=\"collapsed h4\" data-toggle=\"collapse\" data-parent=\"#custom-collapse-0\" href=\"#custom-collapse-0-1\">Rekrutacja Student\u00f3w do Fabryki M\u0142odego In\u017cyniera II<\/a>\n\t\t\t\t\t<\/div>\n\t\t\t\t<\/div>\n\t\t\t\t<div id=\"custom-collapse-0-1\" class=\"panel-collapse collapse\">\n\t\t\t\t\t<div class=\"panel-body\">\nRekrutacja student\u00f3w czterech ostatnich semestr\u00f3w studi\u00f3w stacjonarnych I i II stopnia do projektu &#8222;PB 2.0. &#8211; Zintegrowany Program Rozwoju&#8221; realizowanego z Programu Operacyjnego Wiedza Edukacja Rozw\u00f3j.<\/p>\n<p><a title=\"\" href=\"http:\/\/pb.edu.pl\/pb2\/pb-2-0\/rekrutacja-do-projektu\/rekrutacja-fmi-pb2-0-2023\">Przejd\u017a do rekrutacji student\u00f3w do FMI II<\/a><\/p>\n<\/div>\n\t\t\t\t<\/div>\n\t\t\t<\/div>\n<\/div>\n","protected":false},"excerpt":{"rendered":"","protected":false},"author":33,"featured_media":0,"parent":11,"menu_order":0,"comment_status":"closed","ping_status":"closed","template":"","meta":{"_acf_changed":false,"ngg_post_thumbnail":0,"footnotes":""},"class_list":["post-262","page","type-page","status-publish","hentry"],"acf":[],"_links":{"self":[{"href":"https:\/\/pb.edu.pl\/pb2\/wp-json\/wp\/v2\/pages\/262","targetHints":{"allow":["GET"]}}],"collection":[{"href":"https:\/\/pb.edu.pl\/pb2\/wp-json\/wp\/v2\/pages"}],"about":[{"href":"https:\/\/pb.edu.pl\/pb2\/wp-json\/wp\/v2\/types\/page"}],"author":[{"embeddable":true,"href":"https:\/\/pb.edu.pl\/pb2\/wp-json\/wp\/v2\/users\/33"}],"replies":[{"embeddable":true,"href":"https:\/\/pb.edu.pl\/pb2\/wp-json\/wp\/v2\/comments?post=262"}],"version-history":[{"count":0,"href":"https:\/\/pb.edu.pl\/pb2\/wp-json\/wp\/v2\/pages\/262\/revisions"}],"up":[{"embeddable":true,"href":"https:\/\/pb.edu.pl\/pb2\/wp-json\/wp\/v2\/pages\/11"}],"wp:attachment":[{"href":"https:\/\/pb.edu.pl\/pb2\/wp-json\/wp\/v2\/media?parent=262"}],"curies":[{"name":"wp","href":"https:\/\/api.w.org\/{rel}","templated":true}]}}