{"id":168,"date":"2020-03-05T10:40:47","date_gmt":"2020-03-05T09:40:47","guid":{"rendered":"https:\/\/pb.edu.pl\/pb2\/?page_id=168"},"modified":"2022-09-19T15:02:38","modified_gmt":"2022-09-19T13:02:38","slug":"harmonogram-wsparcia-kadra-administracyjna","status":"publish","type":"page","link":"https:\/\/pb.edu.pl\/pb2\/harmonogramy\/harmonogramy-wsparcia\/harmonogram-wsparcia-kadra-administracyjna\/","title":{"rendered":"Harmonogram wsparcia kadra administracyjna"},"content":{"rendered":"<p><img loading=\"lazy\" decoding=\"async\" class=\"alignnone size-full wp-image-714\" src=\"https:\/\/pb.edu.pl\/pb2\/wp-content\/uploads\/sites\/34\/2022\/09\/belka-POWER_pl.jpg\" alt=\"\" width=\"1871\" height=\"183\" srcset=\"https:\/\/pb.edu.pl\/pb2\/wp-content\/uploads\/sites\/34\/2022\/09\/belka-POWER_pl.jpg 1871w, https:\/\/pb.edu.pl\/pb2\/wp-content\/uploads\/sites\/34\/2022\/09\/belka-POWER_pl-300x29.jpg 300w, https:\/\/pb.edu.pl\/pb2\/wp-content\/uploads\/sites\/34\/2022\/09\/belka-POWER_pl-1024x100.jpg 1024w, https:\/\/pb.edu.pl\/pb2\/wp-content\/uploads\/sites\/34\/2022\/09\/belka-POWER_pl-768x75.jpg 768w, https:\/\/pb.edu.pl\/pb2\/wp-content\/uploads\/sites\/34\/2022\/09\/belka-POWER_pl-1536x150.jpg 1536w\" sizes=\"auto, (max-width: 1871px) 100vw, 1871px\" \/><\/p>\n<p>Harmonogram wsparcia zostanie uzupe\u0142niony po uruchomieniu zaj\u0119\u0107.<\/p>\n","protected":false},"excerpt":{"rendered":"<p>Harmonogram wsparcia zostanie uzupe\u0142niony po uruchomieniu zaj\u0119\u0107.<\/p>\n","protected":false},"author":33,"featured_media":0,"parent":67,"menu_order":0,"comment_status":"closed","ping_status":"closed","template":"","meta":{"_acf_changed":false,"ngg_post_thumbnail":0,"footnotes":""},"class_list":["post-168","page","type-page","status-publish","hentry"],"acf":[],"_links":{"self":[{"href":"https:\/\/pb.edu.pl\/pb2\/wp-json\/wp\/v2\/pages\/168","targetHints":{"allow":["GET"]}}],"collection":[{"href":"https:\/\/pb.edu.pl\/pb2\/wp-json\/wp\/v2\/pages"}],"about":[{"href":"https:\/\/pb.edu.pl\/pb2\/wp-json\/wp\/v2\/types\/page"}],"author":[{"embeddable":true,"href":"https:\/\/pb.edu.pl\/pb2\/wp-json\/wp\/v2\/users\/33"}],"replies":[{"embeddable":true,"href":"https:\/\/pb.edu.pl\/pb2\/wp-json\/wp\/v2\/comments?post=168"}],"version-history":[{"count":0,"href":"https:\/\/pb.edu.pl\/pb2\/wp-json\/wp\/v2\/pages\/168\/revisions"}],"up":[{"embeddable":true,"href":"https:\/\/pb.edu.pl\/pb2\/wp-json\/wp\/v2\/pages\/67"}],"wp:attachment":[{"href":"https:\/\/pb.edu.pl\/pb2\/wp-json\/wp\/v2\/media?parent=168"}],"curies":[{"name":"wp","href":"https:\/\/api.w.org\/{rel}","templated":true}]}}