{"id":13,"date":"2019-09-25T00:01:51","date_gmt":"2019-09-24T22:01:51","guid":{"rendered":"https:\/\/pb.edu.pl\/pb20\/?page_id=13"},"modified":"2022-09-19T15:01:04","modified_gmt":"2022-09-19T13:01:04","slug":"aktualnosci","status":"publish","type":"page","link":"https:\/\/pb.edu.pl\/pb2\/aktualnosci\/","title":{"rendered":"Aktualno\u015bci"},"content":{"rendered":"<p><img loading=\"lazy\" decoding=\"async\" class=\"alignnone size-full wp-image-714\" src=\"https:\/\/pb.edu.pl\/pb2\/wp-content\/uploads\/sites\/34\/2022\/09\/belka-POWER_pl.jpg\" alt=\"\" width=\"1871\" height=\"183\" srcset=\"https:\/\/pb.edu.pl\/pb2\/wp-content\/uploads\/sites\/34\/2022\/09\/belka-POWER_pl.jpg 1871w, https:\/\/pb.edu.pl\/pb2\/wp-content\/uploads\/sites\/34\/2022\/09\/belka-POWER_pl-300x29.jpg 300w, https:\/\/pb.edu.pl\/pb2\/wp-content\/uploads\/sites\/34\/2022\/09\/belka-POWER_pl-1024x100.jpg 1024w, https:\/\/pb.edu.pl\/pb2\/wp-content\/uploads\/sites\/34\/2022\/09\/belka-POWER_pl-768x75.jpg 768w, https:\/\/pb.edu.pl\/pb2\/wp-content\/uploads\/sites\/34\/2022\/09\/belka-POWER_pl-1536x150.jpg 1536w\" sizes=\"auto, (max-width: 1871px) 100vw, 1871px\" \/><\/p>\n\t\t<div class=\"box news-box \">\n\t\t<div class=\"row\">\n\t\t\t\n\t\t\t\n\t\t\t\t\n\t\t\t\t\t\t\t\t\t\t<div class=\"col-sm-3\">\n\t\t\t\t\t\t\t\n<article class=\"format-standard\">\n    <span class=\"date text-right\"><i class=\"fal fa-calendar-alt\"><\/i> 28-09-2023<\/span>\n    <a href=\"https:\/\/pb.edu.pl\/pb2\/2023\/09\/28\/wizyty-studyjne-szacowanie\/\">\n      <div class=\"article-image\">\n        <img loading=\"lazy\" decoding=\"async\" width=\"480\" height=\"290\" src=\"https:\/\/pb.edu.pl\/pb2\/wp-content\/uploads\/sites\/34\/2019\/09\/aktualnosci.png\" class=\"attachment-medium-image-16x10 size-medium-image-16x10 wp-post-image\" alt=\"\" srcset=\"https:\/\/pb.edu.pl\/pb2\/wp-content\/uploads\/sites\/34\/2019\/09\/aktualnosci.png 600w, https:\/\/pb.edu.pl\/pb2\/wp-content\/uploads\/sites\/34\/2019\/09\/aktualnosci-300x182.png 300w\" sizes=\"auto, (max-width: 480px) 100vw, 480px\" \/>      <\/div>\n      <h3>Wizyty studyjne- szacowanie<\/h3>\n      Politechnika Bia\u0142ostocka planuje organizacj\u0119 kilkudniowych wizyt studyjnych na potrzeby kadry dydaktycznej    <\/a>\n<\/article>\t\t\t\t\t\t<\/div>\n\t\t\t\t\t\t\t\t\t\t\t<div class=\"col-sm-3\">\n\t\t\t\t\t\t\t\n<article class=\"format-standard\">\n    <span class=\"date text-right\"><i class=\"fal fa-calendar-alt\"><\/i> 21-09-2023<\/span>\n    <a href=\"https:\/\/pb.edu.pl\/pb2\/2023\/09\/21\/ankieta-chatbot\/\">\n      <div class=\"article-image\">\n        <img loading=\"lazy\" decoding=\"async\" width=\"480\" height=\"290\" src=\"https:\/\/pb.edu.pl\/pb2\/wp-content\/uploads\/sites\/34\/2019\/09\/dokumenty.png\" class=\"attachment-medium-image-16x10 size-medium-image-16x10 wp-post-image\" alt=\"\" srcset=\"https:\/\/pb.edu.pl\/pb2\/wp-content\/uploads\/sites\/34\/2019\/09\/dokumenty.png 600w, https:\/\/pb.edu.pl\/pb2\/wp-content\/uploads\/sites\/34\/2019\/09\/dokumenty-300x182.png 300w\" sizes=\"auto, (max-width: 480px) 100vw, 480px\" \/>      <\/div>\n      <h3>Ankieta Chatbot<\/h3>\n      Szanowni Pa\u0144stwo W ramach projektu &#8222;PB 2.0 &#8211; Zintegrowany Program Rozwoju&#8221;    <\/a>\n<\/article>\t\t\t\t\t\t<\/div>\n\t\t\t\t\t\t\t\t\t\t\t<div class=\"col-sm-3\">\n\t\t\t\t\t\t\t\n<article class=\"format-standard\">\n    <span class=\"date text-right\"><i class=\"fal fa-calendar-alt\"><\/i> 27-07-2023<\/span>\n    <a href=\"https:\/\/pb.edu.pl\/pb2\/2023\/07\/27\/szacowanie-zamowienia-przygotowanie-kursow-z-3-obszarow\/\">\n      <div class=\"article-image\">\n        <img loading=\"lazy\" decoding=\"async\" width=\"480\" height=\"290\" src=\"https:\/\/pb.edu.pl\/pb2\/wp-content\/uploads\/sites\/34\/2019\/09\/aktualnosci.png\" class=\"attachment-medium-image-16x10 size-medium-image-16x10 wp-post-image\" alt=\"\" srcset=\"https:\/\/pb.edu.pl\/pb2\/wp-content\/uploads\/sites\/34\/2019\/09\/aktualnosci.png 600w, https:\/\/pb.edu.pl\/pb2\/wp-content\/uploads\/sites\/34\/2019\/09\/aktualnosci-300x182.png 300w\" sizes=\"auto, (max-width: 480px) 100vw, 480px\" \/>      <\/div>\n      <h3>Szacowanie zam\u00f3wienia &#8211; przygotowanie kurs\u00f3w z 3 obszar\u00f3w<\/h3>\n      Politechnika Bia\u0142ostocka w ramach realizowanych projekt\u00f3w zintegrowanych (PB2.0, ZIREG, PB2020) planuje    <\/a>\n<\/article>\t\t\t\t\t\t<\/div>\n\t\t\t\t\t\t\t\t\t\t\t<div class=\"col-sm-3\">\n\t\t\t\t\t\t\t\n<article class=\"format-standard\">\n    <span class=\"date text-right\"><i class=\"fal fa-calendar-alt\"><\/i> 29-05-2023<\/span>\n    <a href=\"https:\/\/pb.edu.pl\/pb2\/2023\/05\/29\/wycena-szkolenia-design-thinking\/\">\n      <div class=\"article-image\">\n              <\/div>\n      <h3>Wycena szkolenia Design Thinking<\/h3>\n      &nbsp; Zwracamy si\u0119 z pro\u015bb\u0105 o przes\u0142anie wyceny oczekiwanego wynagrodzenia brutto    <\/a>\n<\/article>\t\t\t\t\t\t<\/div>\n\t\t\t\t\t\t\t\t\t\t\t<div class=\"col-sm-3\">\n\t\t\t\t\t\t\t\n<article class=\"format-standard\">\n    <span class=\"date text-right\"><i class=\"fal fa-calendar-alt\"><\/i> 25-04-2023<\/span>\n    <a href=\"https:\/\/pb.edu.pl\/pb2\/2023\/04\/25\/rekrutacja-uzupelniajaca-do-projektu-pracownicy-techniczni\/\">\n      <div class=\"article-image\">\n        <img loading=\"lazy\" decoding=\"async\" width=\"452\" height=\"265\" src=\"https:\/\/pb.edu.pl\/pb2\/wp-content\/uploads\/sites\/34\/2019\/11\/Fotolia_100787870_XS.jpg\" class=\"attachment-medium-image-16x10 size-medium-image-16x10 wp-post-image\" alt=\"\" srcset=\"https:\/\/pb.edu.pl\/pb2\/wp-content\/uploads\/sites\/34\/2019\/11\/Fotolia_100787870_XS.jpg 452w, https:\/\/pb.edu.pl\/pb2\/wp-content\/uploads\/sites\/34\/2019\/11\/Fotolia_100787870_XS-300x176.jpg 300w\" sizes=\"auto, (max-width: 452px) 100vw, 452px\" \/>      <\/div>\n      <h3>Rekrutacja uzupe\u0142niaj\u0105ca do projektu &#8211; pracownicy techniczni<\/h3>\n      W dniu&nbsp;26.04.2023&nbsp;rozpoczynamy zdaln\u0105 rekrutacj\u0119 uzupe\u0142niaj\u0105c\u0105 do projektu \u201ePB 2.0 \u2013 Zintegrowany    <\/a>\n<\/article>\t\t\t\t\t\t<\/div>\n\t\t\t\t\t\t\t\t\t\t\t<div class=\"col-sm-3\">\n\t\t\t\t\t\t\t\n<article class=\"format-standard\">\n    <span class=\"date text-right\"><i class=\"fal fa-calendar-alt\"><\/i> 13-03-2023<\/span>\n    <a href=\"https:\/\/pb.edu.pl\/pb2\/2023\/03\/13\/wyniki-rekrutacji-do-fmi-2023\/\">\n      <div class=\"article-image\">\n        <img loading=\"lazy\" decoding=\"async\" width=\"480\" height=\"210\" src=\"https:\/\/pb.edu.pl\/pb2\/wp-content\/uploads\/sites\/34\/2020\/01\/Fotolia_130705503_XS.jpg\" class=\"attachment-medium-image-16x10 size-medium-image-16x10 wp-post-image\" alt=\"\" srcset=\"https:\/\/pb.edu.pl\/pb2\/wp-content\/uploads\/sites\/34\/2020\/01\/Fotolia_130705503_XS.jpg 523w, https:\/\/pb.edu.pl\/pb2\/wp-content\/uploads\/sites\/34\/2020\/01\/Fotolia_130705503_XS-300x131.jpg 300w\" sizes=\"auto, (max-width: 480px) 100vw, 480px\" \/>      <\/div>\n      <h3>Wyniki rekrutacji do FMI 2023<\/h3>\n      Zapraszamy do zapoznania si\u0119 z wynikami rekrutacji do projektu. Lista rankingowa    <\/a>\n<\/article>\t\t\t\t\t\t<\/div>\n\t\t\t\t\t\t\t\t\t\t\t<div class=\"col-sm-3\">\n\t\t\t\t\t\t\t\n<article class=\"format-standard\">\n    <span class=\"date text-right\"><i class=\"fal fa-calendar-alt\"><\/i> 17-02-2023<\/span>\n    <a href=\"https:\/\/pb.edu.pl\/pb2\/2023\/02\/17\/rekrutacja-do-fabryki-mlodego-inzyniera-2023\/\">\n      <div class=\"article-image\">\n        <img loading=\"lazy\" decoding=\"async\" width=\"450\" height=\"300\" src=\"https:\/\/pb.edu.pl\/pb2\/wp-content\/uploads\/sites\/34\/2020\/11\/miniatura_fabryka_mlodego_inzyniera_2-768x511-1-480x320-1.jpg\" class=\"attachment-medium-image-16x10 size-medium-image-16x10 wp-post-image\" alt=\"\" srcset=\"https:\/\/pb.edu.pl\/pb2\/wp-content\/uploads\/sites\/34\/2020\/11\/miniatura_fabryka_mlodego_inzyniera_2-768x511-1-480x320-1.jpg 480w, https:\/\/pb.edu.pl\/pb2\/wp-content\/uploads\/sites\/34\/2020\/11\/miniatura_fabryka_mlodego_inzyniera_2-768x511-1-480x320-1-300x200.jpg 300w\" sizes=\"auto, (max-width: 450px) 100vw, 450px\" \/>      <\/div>\n      <h3>Rekrutacja do Fabryki M\u0142odego In\u017cyniera 2023<\/h3>\n      W dniu&nbsp;20.02.2023 r.&nbsp;rusza rekrutacja do&nbsp;Fabryki M\u0142odego In\u017cyniera II w ramach projektu    <\/a>\n<\/article>\t\t\t\t\t\t<\/div>\n\t\t\t\t\t\t\t\t\t\t\t<div class=\"col-sm-3\">\n\t\t\t\t\t\t\t\n<article class=\"format-standard\">\n    <span class=\"date text-right\"><i class=\"fal fa-calendar-alt\"><\/i> 29-11-2022<\/span>\n    <a href=\"https:\/\/pb.edu.pl\/pb2\/2022\/11\/29\/wyniki-rekrutacji-do-fmi-2022-2023\/\">\n      <div class=\"article-image\">\n        <img loading=\"lazy\" decoding=\"async\" width=\"480\" height=\"210\" src=\"https:\/\/pb.edu.pl\/pb2\/wp-content\/uploads\/sites\/34\/2020\/01\/Fotolia_130705503_XS.jpg\" class=\"attachment-medium-image-16x10 size-medium-image-16x10 wp-post-image\" alt=\"\" srcset=\"https:\/\/pb.edu.pl\/pb2\/wp-content\/uploads\/sites\/34\/2020\/01\/Fotolia_130705503_XS.jpg 523w, https:\/\/pb.edu.pl\/pb2\/wp-content\/uploads\/sites\/34\/2020\/01\/Fotolia_130705503_XS-300x131.jpg 300w\" sizes=\"auto, (max-width: 480px) 100vw, 480px\" \/>      <\/div>\n      <h3>Wyniki rekrutacji do FMI 2022\/2023<\/h3>\n      Zapraszamy do zapoznania si\u0119 z wynikami rekrutacji do projektu. Lista rankingowa    <\/a>\n<\/article>\t\t\t\t\t\t<\/div>\n\t\t\t\t\t\t\t\t\t\t\t<div class=\"col-sm-3\">\n\t\t\t\t\t\t\t\n<article class=\"format-standard\">\n    <span class=\"date text-right\"><i class=\"fal fa-calendar-alt\"><\/i> 06-10-2022<\/span>\n    <a href=\"https:\/\/pb.edu.pl\/pb2\/2022\/10\/06\/rekrutacja-do-fabryki-mlodego-inzyniera-2022-2023\/\">\n      <div class=\"article-image\">\n        <img loading=\"lazy\" decoding=\"async\" width=\"450\" height=\"300\" src=\"https:\/\/pb.edu.pl\/pb2\/wp-content\/uploads\/sites\/34\/2020\/11\/miniatura_fabryka_mlodego_inzyniera_2-768x511-1-480x320-1.jpg\" class=\"attachment-medium-image-16x10 size-medium-image-16x10 wp-post-image\" alt=\"\" srcset=\"https:\/\/pb.edu.pl\/pb2\/wp-content\/uploads\/sites\/34\/2020\/11\/miniatura_fabryka_mlodego_inzyniera_2-768x511-1-480x320-1.jpg 480w, https:\/\/pb.edu.pl\/pb2\/wp-content\/uploads\/sites\/34\/2020\/11\/miniatura_fabryka_mlodego_inzyniera_2-768x511-1-480x320-1-300x200.jpg 300w\" sizes=\"auto, (max-width: 450px) 100vw, 450px\" \/>      <\/div>\n      <h3>Rekrutacja do Fabryki M\u0142odego In\u017cyniera 2022\/2023<\/h3>\n      W dniu&nbsp;07.10.2022 r.&nbsp;rusza rekrutacja do&nbsp;Fabryki M\u0142odego In\u017cyniera II w ramach projektu    <\/a>\n<\/article>\t\t\t\t\t\t<\/div>\n\t\t\t\t\t\t\t\t\t\t\t<div class=\"col-sm-3\">\n\t\t\t\t\t\t\t\n<article class=\"format-standard\">\n    <span class=\"date text-right\"><i class=\"fal fa-calendar-alt\"><\/i> 06-09-2022<\/span>\n    <a href=\"https:\/\/pb.edu.pl\/pb2\/2022\/09\/06\/szacowanie-dot-wyceny-za-1-h-zajec-z-przedmiotu-zaawansowane-planowanie-jakosci-apqp-w-przemysle-samochodowym\/\">\n      <div class=\"article-image\">\n        <img loading=\"lazy\" decoding=\"async\" width=\"480\" height=\"290\" src=\"https:\/\/pb.edu.pl\/pb2\/wp-content\/uploads\/sites\/34\/2019\/09\/aktualnosci.png\" class=\"attachment-medium-image-16x10 size-medium-image-16x10 wp-post-image\" alt=\"\" srcset=\"https:\/\/pb.edu.pl\/pb2\/wp-content\/uploads\/sites\/34\/2019\/09\/aktualnosci.png 600w, https:\/\/pb.edu.pl\/pb2\/wp-content\/uploads\/sites\/34\/2019\/09\/aktualnosci-300x182.png 300w\" sizes=\"auto, (max-width: 480px) 100vw, 480px\" \/>      <\/div>\n      <h3>Szacowanie dot. wyceny za 1 h zaj\u0119\u0107 z przedmiotu Zaawansowane planowanie jako\u015bci (APQP) w przemy\u015ble samochodowym<\/h3>\n      Zwracamy si\u0119 z pro\u015bb\u0105 o przes\u0142anie wyceny oczekiwanego wynagrodzenia brutto za    <\/a>\n<\/article>\t\t\t\t\t\t<\/div>\n\t\t\t\t\t\t\t\t\t\t\t<div class=\"col-sm-3\">\n\t\t\t\t\t\t\t\n<article class=\"format-standard\">\n    <span class=\"date text-right\"><i class=\"fal fa-calendar-alt\"><\/i> 06-09-2022<\/span>\n    <a href=\"https:\/\/pb.edu.pl\/pb2\/2022\/09\/06\/szacowanie-dot-wyceny-za-1-h-zajec-z-przedmiotu-planowanie-i-zarzadzanie-jakoscia-produkcji\/\">\n      <div class=\"article-image\">\n        <img loading=\"lazy\" decoding=\"async\" width=\"480\" height=\"290\" src=\"https:\/\/pb.edu.pl\/pb2\/wp-content\/uploads\/sites\/34\/2019\/09\/aktualnosci.png\" class=\"attachment-medium-image-16x10 size-medium-image-16x10 wp-post-image\" alt=\"\" srcset=\"https:\/\/pb.edu.pl\/pb2\/wp-content\/uploads\/sites\/34\/2019\/09\/aktualnosci.png 600w, https:\/\/pb.edu.pl\/pb2\/wp-content\/uploads\/sites\/34\/2019\/09\/aktualnosci-300x182.png 300w\" sizes=\"auto, (max-width: 480px) 100vw, 480px\" \/>      <\/div>\n      <h3>Szacowanie dot. wyceny za 1 h zaj\u0119\u0107 z przedmiotu Planowanie i zarz\u0105dzanie jako\u015bci\u0105 produkcji<\/h3>\n      Zwracamy si\u0119 z pro\u015bb\u0105 o przes\u0142anie wyceny oczekiwanego wynagrodzenia brutto za    <\/a>\n<\/article>\t\t\t\t\t\t<\/div>\n\t\t\t\t\t\t\t\t\t\t\t<div class=\"col-sm-3\">\n\t\t\t\t\t\t\t\n<article class=\"format-standard\">\n    <span class=\"date text-right\"><i class=\"fal fa-calendar-alt\"><\/i> 25-03-2022<\/span>\n    <a href=\"https:\/\/pb.edu.pl\/pb2\/2022\/03\/25\/wyniki-rekrutacji-do-fmi-2022\/\">\n      <div class=\"article-image\">\n        <img loading=\"lazy\" decoding=\"async\" width=\"480\" height=\"210\" src=\"https:\/\/pb.edu.pl\/pb2\/wp-content\/uploads\/sites\/34\/2020\/01\/Fotolia_130705503_XS.jpg\" class=\"attachment-medium-image-16x10 size-medium-image-16x10 wp-post-image\" alt=\"\" srcset=\"https:\/\/pb.edu.pl\/pb2\/wp-content\/uploads\/sites\/34\/2020\/01\/Fotolia_130705503_XS.jpg 523w, https:\/\/pb.edu.pl\/pb2\/wp-content\/uploads\/sites\/34\/2020\/01\/Fotolia_130705503_XS-300x131.jpg 300w\" sizes=\"auto, (max-width: 480px) 100vw, 480px\" \/>      <\/div>\n      <h3>Wyniki rekrutacji do FMI 2022<\/h3>\n      Zapraszamy do zapoznania si\u0119 z wynikami rekrutacji do projektu. Lista rankingowa    <\/a>\n<\/article>\t\t\t\t\t\t<\/div>\n\t\t\t\t\t\n\t\t\t\t\n\t\t\t\t\t<\/div>\n\t\t\n\t<nav class=\"navigation pagination\" aria-label=\"Stronicowanie wpis\u00f3w\">\n\t\t<h2 class=\"screen-reader-text\">Stronicowanie wpis\u00f3w<\/h2>\n\t\t<div class=\"nav-links\"><span aria-current=\"page\" class=\"page-numbers current\">1<\/span>\n<a class=\"page-numbers\" href=\"https:\/\/pb.edu.pl\/pb2\/wp-json\/wp\/v2\/pages\/13\/page\/2\/\">2<\/a>\n<a class=\"page-numbers\" href=\"https:\/\/pb.edu.pl\/pb2\/wp-json\/wp\/v2\/pages\/13\/page\/3\/\">3<\/a>\n<a class=\"next page-numbers\" href=\"https:\/\/pb.edu.pl\/pb2\/wp-json\/wp\/v2\/pages\/13\/page\/2\/\">Nast\u0119pne<\/a><\/div>\n\t<\/nav>\t\t\t<\/div>\n\n","protected":false},"excerpt":{"rendered":"","protected":false},"author":2,"featured_media":0,"parent":0,"menu_order":2,"comment_status":"closed","ping_status":"closed","template":"","meta":{"_acf_changed":false,"ngg_post_thumbnail":0,"footnotes":""},"class_list":["post-13","page","type-page","status-publish","hentry"],"acf":[],"_links":{"self":[{"href":"https:\/\/pb.edu.pl\/pb2\/wp-json\/wp\/v2\/pages\/13","targetHints":{"allow":["GET"]}}],"collection":[{"href":"https:\/\/pb.edu.pl\/pb2\/wp-json\/wp\/v2\/pages"}],"about":[{"href":"https:\/\/pb.edu.pl\/pb2\/wp-json\/wp\/v2\/types\/page"}],"author":[{"embeddable":true,"href":"https:\/\/pb.edu.pl\/pb2\/wp-json\/wp\/v2\/users\/2"}],"replies":[{"embeddable":true,"href":"https:\/\/pb.edu.pl\/pb2\/wp-json\/wp\/v2\/comments?post=13"}],"version-history":[{"count":0,"href":"https:\/\/pb.edu.pl\/pb2\/wp-json\/wp\/v2\/pages\/13\/revisions"}],"wp:attachment":[{"href":"https:\/\/pb.edu.pl\/pb2\/wp-json\/wp\/v2\/media?parent=13"}],"curies":[{"name":"wp","href":"https:\/\/api.w.org\/{rel}","templated":true}]}}