{"id":11,"date":"2018-10-19T16:13:37","date_gmt":"2018-10-19T14:13:37","guid":{"rendered":"https:\/\/pb.edu.pl\/pami\/?page_id=11"},"modified":"2020-09-19T23:40:27","modified_gmt":"2020-09-19T21:40:27","slug":"podlaska-akademia-mlodego-inzyniera","status":"publish","type":"page","link":"https:\/\/pb.edu.pl\/pami\/","title":{"rendered":"Podlaska Akademia M\u0142odego In\u017cyniera"},"content":{"rendered":"<div class=\"h3 text-center\">Archiwalny serwis www<\/div>\n<div class=\"h4 text-center\">mo\u017ce zawiera\u0107 elementy, kt\u00f3re nie s\u0105 dost\u0119pne dla szerokiego grona odbiorc\u00f3w<br \/>\nze szczeg\u00f3lnym uwzgl\u0119dnieniem os\u00f3b z niepe\u0142nosprawno\u015bciami.<\/div>\n<div class=\"row\">\n<div class=\"col-sm-12 text-center animated zoomIn\"><img loading=\"lazy\" decoding=\"async\" class=\"aligncenter size-full wp-image-163\" src=\"https:\/\/pb.edu.pl\/pami\/wp-content\/uploads\/sites\/23\/2018\/10\/flagi-projektu.jpg\" alt=\"flagi projektu\" width=\"1190\" height=\"161\" srcset=\"https:\/\/pb.edu.pl\/pami\/wp-content\/uploads\/sites\/23\/2018\/10\/flagi-projektu.jpg 1190w, https:\/\/pb.edu.pl\/pami\/wp-content\/uploads\/sites\/23\/2018\/10\/flagi-projektu-300x41.jpg 300w, https:\/\/pb.edu.pl\/pami\/wp-content\/uploads\/sites\/23\/2018\/10\/flagi-projektu-768x104.jpg 768w, https:\/\/pb.edu.pl\/pami\/wp-content\/uploads\/sites\/23\/2018\/10\/flagi-projektu-1024x139.jpg 1024w\" sizes=\"auto, (max-width: 1190px) 100vw, 1190px\" \/><\/div>\n<\/div>\n<p>&nbsp;<\/p>\n<div class=\"row\">\n<div class=\"col-sm-4 text-center animated zoomIn\"><a class=\"button\" style=\"width: 100%;padding: 0px 5px 10px 5px\" href=\"\/pami\/o-projekcie\"><img loading=\"lazy\" decoding=\"async\" class=\"aligncenter size-full wp-image-224\" src=\"https:\/\/pb.edu.pl\/pami\/wp-content\/uploads\/sites\/23\/2018\/10\/PAMI_o_projekcie.png\" alt=\"\" width=\"600\" height=\"363\" srcset=\"https:\/\/pb.edu.pl\/pami\/wp-content\/uploads\/sites\/23\/2018\/10\/PAMI_o_projekcie.png 600w, https:\/\/pb.edu.pl\/pami\/wp-content\/uploads\/sites\/23\/2018\/10\/PAMI_o_projekcie-300x182.png 300w\" sizes=\"auto, (max-width: 600px) 100vw, 600px\" \/><span class=\"lead\"><strong>O Projekcie<\/strong><\/span><\/a><\/div>\n<div class=\"col-sm-4 text-center animated zoomIn\"><a class=\"button\" style=\"width: 100%;padding: 0px 5px 10px 5px\" href=\"\/pami\/pami-uczniowie\"><img loading=\"lazy\" decoding=\"async\" class=\"aligncenter size-full wp-image-227\" src=\"https:\/\/pb.edu.pl\/pami\/wp-content\/uploads\/sites\/23\/2018\/10\/PAMI_uczniowie.png\" alt=\"\" width=\"600\" height=\"363\" srcset=\"https:\/\/pb.edu.pl\/pami\/wp-content\/uploads\/sites\/23\/2018\/10\/PAMI_uczniowie.png 600w, https:\/\/pb.edu.pl\/pami\/wp-content\/uploads\/sites\/23\/2018\/10\/PAMI_uczniowie-300x182.png 300w\" sizes=\"auto, (max-width: 600px) 100vw, 600px\" \/><span class=\"lead\"><strong>PAMI Uczniowie<\/strong><\/span><\/a><\/div>\n<div class=\"col-sm-4 text-center animated zoomIn\"><a class=\"button\" style=\"width: 100%;padding: 0px 5px 10px 5px\" href=\"\/pami\/pami-rodzice\"><img loading=\"lazy\" decoding=\"async\" class=\"aligncenter size-full wp-image-226\" src=\"https:\/\/pb.edu.pl\/pami\/wp-content\/uploads\/sites\/23\/2018\/10\/PAMI_rodzice.png\" alt=\"\" width=\"600\" height=\"363\" srcset=\"https:\/\/pb.edu.pl\/pami\/wp-content\/uploads\/sites\/23\/2018\/10\/PAMI_rodzice.png 600w, https:\/\/pb.edu.pl\/pami\/wp-content\/uploads\/sites\/23\/2018\/10\/PAMI_rodzice-300x182.png 300w\" sizes=\"auto, (max-width: 600px) 100vw, 600px\" \/><span class=\"lead\"><strong>PAMI Rodzice<\/strong><\/span><\/a><\/div>\n<\/div>\n<p>&nbsp;<\/p>\n<div class=\"row\">\n<div class=\"col-sm-2\">&nbsp;<\/div>\n<div class=\"col-sm-4 text-center animated zoomIn\"><a class=\"button\" style=\"width: 100%;padding: 0px 5px 10px 5px\" href=\"\/pami\/regulamin\"><img loading=\"lazy\" decoding=\"async\" class=\"aligncenter size-full wp-image-225\" src=\"https:\/\/pb.edu.pl\/pami\/wp-content\/uploads\/sites\/23\/2018\/10\/PAMI_regulamin.png\" alt=\"\" width=\"600\" height=\"363\" srcset=\"https:\/\/pb.edu.pl\/pami\/wp-content\/uploads\/sites\/23\/2018\/10\/PAMI_regulamin.png 600w, https:\/\/pb.edu.pl\/pami\/wp-content\/uploads\/sites\/23\/2018\/10\/PAMI_regulamin-300x182.png 300w\" sizes=\"auto, (max-width: 600px) 100vw, 600px\" \/><span class=\"lead\"><strong>Dokumenty do pobrania<\/strong><\/span><\/a><\/div>\n<div class=\"col-sm-4 text-center animated zoomIn\"><a class=\"button\" style=\"width: 100%;padding: 0px 5px 10px 5px\" href=\"\/pami\/kontakt\"><img loading=\"lazy\" decoding=\"async\" class=\"aligncenter size-full wp-image-223\" src=\"https:\/\/pb.edu.pl\/pami\/wp-content\/uploads\/sites\/23\/2018\/10\/PAMI_kontakt.png\" alt=\"\" width=\"600\" height=\"363\" srcset=\"https:\/\/pb.edu.pl\/pami\/wp-content\/uploads\/sites\/23\/2018\/10\/PAMI_kontakt.png 600w, https:\/\/pb.edu.pl\/pami\/wp-content\/uploads\/sites\/23\/2018\/10\/PAMI_kontakt-300x182.png 300w\" sizes=\"auto, (max-width: 600px) 100vw, 600px\" \/><span class=\"lead\"><strong>Kontakt<\/strong><\/span><\/a><\/div>\n<div class=\"col-sm-2\">&nbsp;<\/div>\n<\/div>\n","protected":false},"excerpt":{"rendered":"<p>Archiwalny serwis www mo\u017ce zawiera\u0107 elementy, kt\u00f3re nie s\u0105 dost\u0119pne dla szerokiego grona odbiorc\u00f3w ze<\/p>\n","protected":false},"author":2,"featured_media":0,"parent":0,"menu_order":1,"comment_status":"closed","ping_status":"closed","template":"templates\/dzial.php","meta":{"_acf_changed":false,"ngg_post_thumbnail":0,"footnotes":""},"class_list":["post-11","page","type-page","status-publish","hentry"],"acf":[],"_links":{"self":[{"href":"https:\/\/pb.edu.pl\/pami\/wp-json\/wp\/v2\/pages\/11","targetHints":{"allow":["GET"]}}],"collection":[{"href":"https:\/\/pb.edu.pl\/pami\/wp-json\/wp\/v2\/pages"}],"about":[{"href":"https:\/\/pb.edu.pl\/pami\/wp-json\/wp\/v2\/types\/page"}],"author":[{"embeddable":true,"href":"https:\/\/pb.edu.pl\/pami\/wp-json\/wp\/v2\/users\/2"}],"replies":[{"embeddable":true,"href":"https:\/\/pb.edu.pl\/pami\/wp-json\/wp\/v2\/comments?post=11"}],"version-history":[{"count":0,"href":"https:\/\/pb.edu.pl\/pami\/wp-json\/wp\/v2\/pages\/11\/revisions"}],"wp:attachment":[{"href":"https:\/\/pb.edu.pl\/pami\/wp-json\/wp\/v2\/media?parent=11"}],"curies":[{"name":"wp","href":"https:\/\/api.w.org\/{rel}","templated":true}]}}