{"id":51,"date":"2021-09-02T20:55:00","date_gmt":"2021-09-02T18:55:00","guid":{"rendered":"https:\/\/pb.edu.pl\/pakapierwszakapb\/?page_id=51"},"modified":"2026-02-11T17:47:11","modified_gmt":"2026-02-11T16:47:11","slug":"pomoc-psychologiczna-w-pb","status":"publish","type":"page","link":"https:\/\/pb.edu.pl\/pakapierwszakapb\/pomoc-psychologiczna-w-pb\/","title":{"rendered":"Pomoc psychologiczna w Politechnice Bia\u0142ostockiej"},"content":{"rendered":"<p><strong>Centrum Wsparcia Politechniki Bia\u0142ostockiej &#8211; b<\/strong><strong>ezp\u0142atne porady psycholog\u00f3w<\/strong><\/p>\n<p>Studenci i Pracownicy Politechniki Bia\u0142ostockiej mog\u0105 liczy\u0107 na bezp\u0142atne porady psychologiczne, udzielane przez specjalist\u00f3w.<\/p>\n<p>Z pomocy mog\u0105 korzysta\u0107 wszyscy, kt\u00f3rzy wymagaj\u0105 dodatkowego wsparcia, nie radz\u0105 sobie ze stresem lub wyzwaniami dnia codziennego, prze\u017cywaj\u0105 kryzys zdrowia czy po prostu szukaj\u0105 konsultacji psychologicznej.<\/p>\n<p>W uczelni bezp\u0142atne porady psychologiczne \u015bwiadcz\u0105:<\/p>\n<ul>\n<li><a href=\"https:\/\/pb.edu.pl\/uczelnia\/psychologiczny-punkt-konsultacyjny\/\">Psychologiczny Punkt Konsultacyjny<\/a><\/li>\n<li><a href=\"https:\/\/pb.edu.pl\/uczelnia\/psycholog-psychologiczny-konsultant-procesu-studiowania\/\">Psychologiczny Konsultant ds. Procesu Studiowania<\/a><\/li>\n<li><a href=\"https:\/\/pb.edu.pl\/dostepna2\/harmonogramy\/harmonogram-czasu-pracy-psychologicznego-konsultanta-ds-ozszp\/\">Psychologiczny Konsultant ds. Os\u00f3b ze Szczeg\u00f3lnymi Potrzebami<\/a><\/li>\n<\/ul>\n<p>Mo\u017cna r\u00f3wnie\u017c skorzysta\u0107 z porad psychologicznych w nurcie <a href=\"https:\/\/pb.edu.pl\/o-uczelni\/konsultacje-psychologiczne-w-podejsciu-skoncentrowanym-na-rozwiazaniach\/\">TSR \u2013 Terapii Skoncentrowanej na Rozwi\u0105zaniach<\/a>, gdzie mo\u017cna znale\u017a\u0107 szybkie i konkretne rozwi\u0105zania w sytuacjach zawodowych, osobistych, relacyjnych.<\/p>\n<p>Wi\u0119cej informacji na stronie <a href=\"https:\/\/pb.edu.pl\/pomoc-psychologiczna\/\">Pomoc psychologiczna w Politechnice Bia\u0142ostockiej<\/a><\/p>\n","protected":false},"excerpt":{"rendered":"<p>Centrum Wsparcia Politechniki Bia\u0142ostockiej &#8211; bezp\u0142atne porady psycholog\u00f3w Studenci i Pracownicy Politechniki Bia\u0142ostockiej mog\u0105 liczy\u0107 na bezp\u0142atne porady psychologiczne, udzielane przez specjalist\u00f3w. Z pomocy mog\u0105 korzysta\u0107 wszyscy, kt\u00f3rzy wymagaj\u0105 dodatkowego wsparcia, nie radz\u0105 sobie ze stresem lub wyzwaniami dnia codziennego, prze\u017cywaj\u0105 kryzys zdrowia czy po prostu szukaj\u0105 konsultacji psychologicznej. W uczelni bezp\u0142atne porady psychologiczne \u015bwiadcz\u0105: [&hellip;]<\/p>\n","protected":false},"author":2,"featured_media":0,"parent":0,"menu_order":16,"comment_status":"closed","ping_status":"closed","template":"","meta":{"_acf_changed":false,"ngg_post_thumbnail":0,"footnotes":""},"class_list":["post-51","page","type-page","status-publish","hentry"],"acf":[],"_links":{"self":[{"href":"https:\/\/pb.edu.pl\/pakapierwszakapb\/wp-json\/wp\/v2\/pages\/51","targetHints":{"allow":["GET"]}}],"collection":[{"href":"https:\/\/pb.edu.pl\/pakapierwszakapb\/wp-json\/wp\/v2\/pages"}],"about":[{"href":"https:\/\/pb.edu.pl\/pakapierwszakapb\/wp-json\/wp\/v2\/types\/page"}],"author":[{"embeddable":true,"href":"https:\/\/pb.edu.pl\/pakapierwszakapb\/wp-json\/wp\/v2\/users\/2"}],"replies":[{"embeddable":true,"href":"https:\/\/pb.edu.pl\/pakapierwszakapb\/wp-json\/wp\/v2\/comments?post=51"}],"version-history":[{"count":1,"href":"https:\/\/pb.edu.pl\/pakapierwszakapb\/wp-json\/wp\/v2\/pages\/51\/revisions"}],"predecessor-version":[{"id":453,"href":"https:\/\/pb.edu.pl\/pakapierwszakapb\/wp-json\/wp\/v2\/pages\/51\/revisions\/453"}],"wp:attachment":[{"href":"https:\/\/pb.edu.pl\/pakapierwszakapb\/wp-json\/wp\/v2\/media?parent=51"}],"curies":[{"name":"wp","href":"https:\/\/api.w.org\/{rel}","templated":true}]}}