{"id":49,"date":"2021-09-02T20:54:08","date_gmt":"2021-09-02T18:54:08","guid":{"rendered":"https:\/\/pb.edu.pl\/pakapierwszakapb\/?page_id=49"},"modified":"2021-09-05T18:46:28","modified_gmt":"2021-09-05T16:46:28","slug":"przewodniki-wydzialowe","status":"publish","type":"page","link":"https:\/\/pb.edu.pl\/pakapierwszakapb\/przewodniki-wydzialowe\/","title":{"rendered":"Sprawd\u017a przewodnik dla student\u00f3w I roku na swoim wydziale"},"content":{"rendered":"<p><a href=\"https:\/\/wa.pb.edu.pl\/studenci\/dziekanat\/przewodnik-dla-studentow-i-roku\/\">Przewodnik dla student\u00f3w I roku na Wydziale Architektury<\/a><\/p>\n<p><a href=\"https:\/\/wb.pb.edu.pl\/studenci\/dziekanat\/przewodnik-dla-studentow-i-roku\/\">Przewodnik dla student\u00f3w I roku na Wydziale Budownictwa i Nauk o \u015arodowisku<\/a><\/p>\n<p><a href=\"https:\/\/we.pb.edu.pl\/studenci\/informator-dla-studentow-i-roku\/\">Informator dla student\u00f3w I roku na Wydziale Elektrycznym<\/a> <\/p>\n<p><a href=\"https:\/\/wi.pb.edu.pl\/studenci\/dziekanat\/przewodnik-dla-studentow-i-roku\/\">Przewodnik dla student\u00f3w I roku na Wydziale Informatyki<\/a> <\/p>\n<p><a href=\"https:\/\/wiz.pb.edu.pl\/studenci\/dziekanat\/przewodnik-dla-studentow-i-roku\/\">Przewodnik dla student\u00f3w I roku na Wydziale In\u017cynierii Zarz\u0105dzania<\/a><\/p>\n<p><a href=\"https:\/\/wm.pb.edu.pl\/studenci\/dziekanat\/przewodnik-dla-studentow-i-roku\/\">Przewodnik dla student\u00f3w I roku na Wydziale Mechanicznym<\/a><\/p>\n","protected":false},"excerpt":{"rendered":"<p>Przewodnik dla student\u00f3w I roku na Wydziale Architektury Przewodnik dla student\u00f3w I roku na Wydziale Budownictwa i Nauk o \u015arodowisku Informator dla student\u00f3w I roku na Wydziale Elektrycznym Przewodnik dla student\u00f3w I roku na Wydziale Informatyki Przewodnik dla student\u00f3w I roku na Wydziale In\u017cynierii Zarz\u0105dzania Przewodnik dla student\u00f3w I roku na Wydziale Mechanicznym<\/p>\n","protected":false},"author":2,"featured_media":0,"parent":0,"menu_order":16,"comment_status":"closed","ping_status":"closed","template":"","meta":{"_acf_changed":false,"ngg_post_thumbnail":0,"footnotes":""},"class_list":["post-49","page","type-page","status-publish","hentry"],"acf":[],"_links":{"self":[{"href":"https:\/\/pb.edu.pl\/pakapierwszakapb\/wp-json\/wp\/v2\/pages\/49","targetHints":{"allow":["GET"]}}],"collection":[{"href":"https:\/\/pb.edu.pl\/pakapierwszakapb\/wp-json\/wp\/v2\/pages"}],"about":[{"href":"https:\/\/pb.edu.pl\/pakapierwszakapb\/wp-json\/wp\/v2\/types\/page"}],"author":[{"embeddable":true,"href":"https:\/\/pb.edu.pl\/pakapierwszakapb\/wp-json\/wp\/v2\/users\/2"}],"replies":[{"embeddable":true,"href":"https:\/\/pb.edu.pl\/pakapierwszakapb\/wp-json\/wp\/v2\/comments?post=49"}],"version-history":[{"count":0,"href":"https:\/\/pb.edu.pl\/pakapierwszakapb\/wp-json\/wp\/v2\/pages\/49\/revisions"}],"wp:attachment":[{"href":"https:\/\/pb.edu.pl\/pakapierwszakapb\/wp-json\/wp\/v2\/media?parent=49"}],"curies":[{"name":"wp","href":"https:\/\/api.w.org\/{rel}","templated":true}]}}