{"id":47,"date":"2021-09-02T20:53:50","date_gmt":"2021-09-02T18:53:50","guid":{"rendered":"https:\/\/pb.edu.pl\/pakapierwszakapb\/?page_id=47"},"modified":"2026-02-11T17:42:07","modified_gmt":"2026-02-11T16:42:07","slug":"dostepna-pb","status":"publish","type":"page","link":"https:\/\/pb.edu.pl\/pakapierwszakapb\/dostepna-pb\/","title":{"rendered":"Studenci z niepe\u0142nosprawno\u015bci\u0105"},"content":{"rendered":"<p>Politechnika Bia\u0142ostocka wspiera niepe\u0142nosprawnych student\u00f3w i doktorant\u00f3w.<\/p>\n<p>W strukturach uczelni dzia\u0142a <a href=\"https:\/\/pb.edu.pl\/bon\/\">Biuro ds. Os\u00f3b z Niepe\u0142nosprawno\u015bciami<\/a> (BON). Jego zadaniem jest wyr\u00f3wnanie szans student\u00f3w w dost\u0119pie do oferty akademickiej.<\/p>\n<p>Na sze\u015bciu wydzia\u0142ach uczelni oraz w Bibliotece, Studium J\u0119zyk\u00f3w Obcych, Studium Wychowania Fizycznego i Sportu dzia\u0142aj\u0105 <a href=\"https:\/\/pb.edu.pl\/bon\/opiekunowie-ozn\/\">Opiekunowie Os\u00f3b z Niepe\u0142nosprawno\u015bci\u0105<\/a>, koordynuj\u0105cy wsparcie w ramach jednostek.<\/p>\n<p>\u017beby ubiega\u0107 si\u0119 o wsparcie w dostosowywaniu procesu kszta\u0142cenia za po\u015brednictwem BON, nie musisz posiada\u0107 formalnego statusu osoby niepe\u0142nosprawnej.<\/p>\n<p>Studenci z niepe\u0142nosprawno\u015bciami mog\u0105 mie\u0107 dostosowany proces kszta\u0142cenia do indywidualnych potrzeb, w ramach wsparcia indywidualnego skorzysta\u0107 z us\u0142ug asystenta czy specjalistycznego sprz\u0119tu.<\/p>\n<p>Natomiast osoby z orzeczeniem mog\u0105, po z\u0142o\u017ceniu wniosku, ubiega\u0107 si\u0119 o stypendium dla os\u00f3b niepe\u0142nosprawnych oraz o wsparcie finansowe z programu <a href=\"https:\/\/www.pfron.org.pl\/o-funduszu\/programy-i-zadania-pfron\/programy-i-zadania-real\/aktywny-samorzad\/\">Aktywny Samorz\u0105d PFRON<\/a>.<\/p>\n<p>Oferta wsparcia jest szeroka. Zapraszamy!<\/p>\n<p>&nbsp;<\/p>\n<p><strong>Kontakt:<\/strong><br \/>\nBiuro ds. Os\u00f3b z Niepe\u0142nosprawno\u015bciami<br \/>\npok\u00f3j B13, ul. Wiejska 45A, 15-351 Bia\u0142ystok<br \/>\ntel. 85 746-91-42<br \/>\n <i class=\"fal fa-envelope\"><\/i> <a href=\"#\" rel=\"nofollow\"  onclick=\"this.href='mailto:' + 'wsparcie.bon' + '@' + 'pb.edu.pl'\">wsparcie.bon [at] pb.edu.pl<\/a>\n<p>serwis internetowy: <a href=\"https:\/\/pb.edu.pl\/bon\/\">pb.edu.pl\/bon\/<\/a><br \/>\n&nbsp;<br \/>\nUdzielenie wsparcia odbywa si\u0119 na <a title=\"Przejd\u017a do formularza\" href=\"https:\/\/pb.edu.pl\/bon\/studenci\/\">wniosek studenta<\/a>. Wraz z wnioskiem przedstawia si\u0119 do wgl\u0105du orzeczenie o stopniu niepe\u0142nosprawno\u015bci lub orzeczenie r\u00f3wnowa\u017cne, lub aktualn\u0105 specjalistyczn\u0105 dokumentacj\u0119 medyczn\u0105, potwierdzaj\u0105ce konieczno\u015b\u0107 przyznania wsparcia nie wskazanych we wniosku formie i zakresie.<br \/>\n&nbsp;<br \/>\nWniosek o dostosowanie formy weryfikacji wiedzy powinien by\u0107 z\u0142o\u017cony do <a href=\"https:\/\/pb.edu.pl\/bon\/kontakt\/\">Biura ds. Os\u00f3b z Niepe\u0142nosprawno\u015bciami<\/a> nie p\u00f3\u017aniej ni\u017c 3 tygodnie przed terminem zaliczenia\/egzaminu.<\/p>\n<div>\n<p>Otrzymanie wsparcia w postaci rejestracji zaj\u0119\u0107 oraz otrzymywanie materia\u0142\u00f3w dydaktycznych wi\u0105\u017c\u0105 si\u0119 z podpisaniem przez wnioskodawc\u0119 o\u015bwiadczenia o odpowiedzialno\u015bci za udost\u0119pnianie materia\u0142\u00f3w obj\u0119tych prawem autorskim.<\/p>\n<p>&nbsp;<\/p>\n<div class=\"h3\">Studenci z niepe\u0142nosprawno\u015bciami mog\u0105 uzyska\u0107 wsparcie w postaci m.in.:<\/div>\n<ul>\n<li>us\u0142ug asystenta osoby z niepe\u0142nosprawno\u015bci\u0105, zwanego dalej asystentem;<\/li>\n<li>us\u0142ug t\u0142umacza j\u0119zyka migowego dla os\u00f3b g\u0142uchych i niedos\u0142ysz\u0105cych;<\/li>\n<li>dodatkowych zaj\u0119\u0107 dydaktycznych z j\u0119zyka obcego prowadzonych z uwzgl\u0119dnieniem specyficznych potrzeb wynikaj\u0105cych z niepe\u0142nosprawno\u015bci;<\/li>\n<li>alternatywnych form obowi\u0105zkowych zaj\u0119\u0107 z wychowania fizycznego dostosowanych do mo\u017cliwo\u015bci studenta z niepe\u0142nosprawno\u015bci\u0105;<\/li>\n<li>dodatkowych uzupe\u0142niaj\u0105cych (wyr\u00f3wnawczych) zaj\u0119\u0107 dydaktycznych z uwzgl\u0119dnieniem specyficznych potrzeb wynikaj\u0105cych z niepe\u0142nosprawno\u015bci;<\/li>\n<li>zakupu, przystosowywania lub opracowania materia\u0142\u00f3w dydaktycznych i naukowych w formie spe\u0142niaj\u0105cej wymogi dost\u0119pno\u015bci;<\/li>\n<li>udost\u0119pniania sprz\u0119tu i oprogramowania specjalistycznego wspomagaj\u0105cego proces dydaktyczny\/naukowy;<\/li>\n<li>dostosowania formy weryfikacji wiedzy (egzamin\u00f3w i zalicze\u0144) do potrzeb wynikaj\u0105cych z niepe\u0142nosprawno\u015bci;<\/li>\n<li>finansowania zwi\u0119kszonych z powodu niepe\u0142nosprawno\u015bci koszt\u00f3w udzia\u0142u w krajowych i zagranicznych szkoleniach, konferencjach, zaj\u0119ciach sportowych, obozach naukowo-sportowych, olimpiadach albo paraolimpiadach, w tym koszt\u00f3w transportu i zakwaterowania;<\/li>\n<li>organizacji zaj\u0119\u0107 dydaktycznych w salach z zamontowanymi urz\u0105dzeniami wspomagaj\u0105cymi s\u0142yszenie;<\/li>\n<li>udost\u0119pnienia rozwi\u0105za\u0144 technologicznych wspieraj\u0105cych proces kszta\u0142cenia;<\/li>\n<li>mo\u017cliwo\u015bci wnioskowania o zgod\u0119 na rejestrowanie zaj\u0119\u0107 dydaktycznych na w\u0142asne potrzeby;<\/li>\n<li>mo\u017cliwo\u015bci otrzymywania od prowadz\u0105cych zaj\u0119cia materia\u0142\u00f3w dydaktycznych w wersji dostosowanej do indywidualnych potrzeb wynikaj\u0105cych z niepe\u0142nosprawno\u015bci.<\/li>\n<\/ul>\n<p>Udzielenie wsparcia odbywa si\u0119 na wniosek studenta. Wraz z wnioskiem przedstawia si\u0119 do wgl\u0105du orzeczenie o stopniu niepe\u0142nosprawno\u015bci lub orzeczenie r\u00f3wnowa\u017cne, lub aktualn\u0105 specjalistyczn\u0105 dokumentacj\u0119 medyczn\u0105 , potwierdzaj\u0105ce konieczno\u015b\u0107 przyznania wsparcia nie wskazanych we wniosku formie i zakresie.<\/p>\n<p>Szczeg\u00f3\u0142owe informacje na: <a href=\"https:\/\/pb.edu.pl\/bon\/studenci\/\">BON &#8211; Studenci<\/a><\/p>\n<p>&nbsp;<\/p>\n<\/div>\n","protected":false},"excerpt":{"rendered":"<p>Politechnika Bia\u0142ostocka wspiera niepe\u0142nosprawnych student\u00f3w i doktorant\u00f3w. W strukturach uczelni dzia\u0142a Biuro ds. Os\u00f3b z Niepe\u0142nosprawno\u015bciami (BON). Jego zadaniem jest wyr\u00f3wnanie szans student\u00f3w w dost\u0119pie do oferty akademickiej. Na sze\u015bciu wydzia\u0142ach uczelni oraz w Bibliotece, Studium J\u0119zyk\u00f3w Obcych, Studium Wychowania Fizycznego i Sportu dzia\u0142aj\u0105 Opiekunowie Os\u00f3b z Niepe\u0142nosprawno\u015bci\u0105, koordynuj\u0105cy wsparcie w ramach jednostek. \u017beby ubiega\u0107 [&hellip;]<\/p>\n","protected":false},"author":2,"featured_media":0,"parent":0,"menu_order":15,"comment_status":"closed","ping_status":"closed","template":"","meta":{"_acf_changed":false,"ngg_post_thumbnail":0,"footnotes":""},"class_list":["post-47","page","type-page","status-publish","hentry"],"acf":[],"_links":{"self":[{"href":"https:\/\/pb.edu.pl\/pakapierwszakapb\/wp-json\/wp\/v2\/pages\/47","targetHints":{"allow":["GET"]}}],"collection":[{"href":"https:\/\/pb.edu.pl\/pakapierwszakapb\/wp-json\/wp\/v2\/pages"}],"about":[{"href":"https:\/\/pb.edu.pl\/pakapierwszakapb\/wp-json\/wp\/v2\/types\/page"}],"author":[{"embeddable":true,"href":"https:\/\/pb.edu.pl\/pakapierwszakapb\/wp-json\/wp\/v2\/users\/2"}],"replies":[{"embeddable":true,"href":"https:\/\/pb.edu.pl\/pakapierwszakapb\/wp-json\/wp\/v2\/comments?post=47"}],"version-history":[{"count":2,"href":"https:\/\/pb.edu.pl\/pakapierwszakapb\/wp-json\/wp\/v2\/pages\/47\/revisions"}],"predecessor-version":[{"id":449,"href":"https:\/\/pb.edu.pl\/pakapierwszakapb\/wp-json\/wp\/v2\/pages\/47\/revisions\/449"}],"wp:attachment":[{"href":"https:\/\/pb.edu.pl\/pakapierwszakapb\/wp-json\/wp\/v2\/media?parent=47"}],"curies":[{"name":"wp","href":"https:\/\/api.w.org\/{rel}","templated":true}]}}