{"id":45,"date":"2021-09-02T20:53:31","date_gmt":"2021-09-02T18:53:31","guid":{"rendered":"https:\/\/pb.edu.pl\/pakapierwszakapb\/?page_id=45"},"modified":"2026-02-11T17:52:39","modified_gmt":"2026-02-11T16:52:39","slug":"wazne-www","status":"publish","type":"page","link":"https:\/\/pb.edu.pl\/pakapierwszakapb\/wazne-www\/","title":{"rendered":"Strony www, kt\u00f3re warto zna\u0107"},"content":{"rendered":"<p>Na uczelnianych i wydzia\u0142owych stronach internetowych mo\u017cecie znale\u017a\u0107 sporo informacji. Warto z nich korzysta\u0107!<\/p>\n<ul>\n<li><a href=\"https:\/\/pb.edu.pl\/\">pb.edu.pl<\/a> \u2013 g\u0142\u00f3wne wej\u015bcie do serwis\u00f3w uczelnianych i aktualno\u015bci z \u017cycia uczelni<\/li>\n<li><a href=\"https:\/\/pb.edu.pl\/cssdr\/\">Centrum Spraw Studenckich, Dydaktyki i Rekrutacji <\/a><\/li>\n<li><a href=\"https:\/\/pb.edu.pl\/uci\/\">Uczelniane Centrum Informatyczne Politechniki Bia\u0142ostockiej<\/a><\/li>\n<li><a href=\"https:\/\/pb.edu.pl\/bwm\/program-erasmus\/\">Biuro ds. Wsp\u00f3\u0142pracy Mi\u0119dzynarodowej (Program Erasmus+)<\/a><\/li>\n<li><a href=\"https:\/\/pb.edu.pl\/sjo\/\">Studium J\u0119zyk\u00f3w Obcych<\/a><\/li>\n<li><a href=\"https:\/\/pb.edu.pl\/swfis\/\">Studium Wychowania Fizycznego i Sportu<\/a><\/li>\n<li><a href=\"https:\/\/biblioteka.pb.edu.pl\/\">Biblioteka PB<\/a><\/li>\n<li><a href=\"https:\/\/biurokarier.pb.edu.pl\/\">Biuro Karier i Wsp\u00f3\u0142pracy z Absolwentami<\/a><\/li>\n<li><a href=\"https:\/\/pb.edu.pl\/bon\/\">Studenci z niepe\u0142nosprawno\u015bci\u0105<\/a><\/li>\n<li><a href=\"https:\/\/pb.edu.pl\/siw\/\">Ksi\u0119ga Identyfikacji Wizualnej Politechniki Bia\u0142ostockiej<\/a><\/li>\n<\/ul>\n","protected":false},"excerpt":{"rendered":"<p>Na uczelnianych i wydzia\u0142owych stronach internetowych mo\u017cecie znale\u017a\u0107 sporo informacji. Warto z nich korzysta\u0107! pb.edu.pl \u2013 g\u0142\u00f3wne wej\u015bcie do serwis\u00f3w uczelnianych i aktualno\u015bci z \u017cycia uczelni Centrum Spraw Studenckich, Dydaktyki i Rekrutacji Uczelniane Centrum Informatyczne Politechniki Bia\u0142ostockiej Biuro ds. Wsp\u00f3\u0142pracy Mi\u0119dzynarodowej (Program Erasmus+) Studium J\u0119zyk\u00f3w Obcych Studium Wychowania Fizycznego i Sportu Biblioteka PB Biuro Karier [&hellip;]<\/p>\n","protected":false},"author":2,"featured_media":0,"parent":0,"menu_order":14,"comment_status":"closed","ping_status":"closed","template":"","meta":{"_acf_changed":false,"ngg_post_thumbnail":0,"footnotes":""},"class_list":["post-45","page","type-page","status-publish","hentry"],"acf":[],"_links":{"self":[{"href":"https:\/\/pb.edu.pl\/pakapierwszakapb\/wp-json\/wp\/v2\/pages\/45","targetHints":{"allow":["GET"]}}],"collection":[{"href":"https:\/\/pb.edu.pl\/pakapierwszakapb\/wp-json\/wp\/v2\/pages"}],"about":[{"href":"https:\/\/pb.edu.pl\/pakapierwszakapb\/wp-json\/wp\/v2\/types\/page"}],"author":[{"embeddable":true,"href":"https:\/\/pb.edu.pl\/pakapierwszakapb\/wp-json\/wp\/v2\/users\/2"}],"replies":[{"embeddable":true,"href":"https:\/\/pb.edu.pl\/pakapierwszakapb\/wp-json\/wp\/v2\/comments?post=45"}],"version-history":[{"count":2,"href":"https:\/\/pb.edu.pl\/pakapierwszakapb\/wp-json\/wp\/v2\/pages\/45\/revisions"}],"predecessor-version":[{"id":458,"href":"https:\/\/pb.edu.pl\/pakapierwszakapb\/wp-json\/wp\/v2\/pages\/45\/revisions\/458"}],"wp:attachment":[{"href":"https:\/\/pb.edu.pl\/pakapierwszakapb\/wp-json\/wp\/v2\/media?parent=45"}],"curies":[{"name":"wp","href":"https:\/\/api.w.org\/{rel}","templated":true}]}}