{"id":43,"date":"2021-09-02T20:53:15","date_gmt":"2021-09-02T18:53:15","guid":{"rendered":"https:\/\/pb.edu.pl\/pakapierwszakapb\/?page_id=43"},"modified":"2026-02-11T17:45:30","modified_gmt":"2026-02-11T16:45:30","slug":"biblioteka-pb","status":"publish","type":"page","link":"https:\/\/pb.edu.pl\/pakapierwszakapb\/biblioteka-pb\/","title":{"rendered":"Szkolenie w Bibliotece PB"},"content":{"rendered":"<p>Widzieli\u015bcie ju\u017c ten pi\u0119kny budynek u zbiegu Zwierzynieckiej i \u015awierkowej z \u201ewycinank\u0105\u201d na elewacji?<br \/>\nTo <a href=\"https:\/\/biblioteka.pb.edu.pl\/\">Biblioteka Politechniki Bia\u0142ostockiej<\/a>!<\/p>\n<p><a href=\"http:\/\/biblioteka.pb.edu.pl\/\">Biblioteka PB<\/a> mie\u015bci si\u0119 w budynku Centrum Nowoczesnego Kszta\u0142cenia (CNK) na kampusie Politechniki Bia\u0142ostockiej przy ul. Zwierzynieckiej 16. Znajdziecie tam ksi\u0105\u017cki, podr\u0119czniki, czasopisma niezb\u0119dne w trakcie studi\u00f3w oraz pozwalaj\u0105ce na poszerzenie wiedzy. Biblioteka udost\u0119pnia te\u017c szereg serwis\u00f3w zdalnych, oprogramowanie do projektowania oraz oferuje dodatkowe us\u0142ugi. W Bibliotece dost\u0119pne s\u0105 czytelnie i pokoje pracy indywidualnej i grupowej.<\/p>\n<p>Opr\u00f3cz Biblioteki G\u0142\u00f3wnej funkcjonuj\u0105:<\/p>\n<ul>\n<li><a title=\"\" href=\"https:\/\/biblioteka.pb.edu.pl\/kontakt\/biblioteki-wydzialowe\/biblioteka-wydzialu-architektury\/\">Biblio\u00adteka Wydzia\u0142u Archi\u00adtek\u00adtury<\/a> na ul. Oskara Sosnow\u00adskiego 11, pok. 010 A &#8211; tu znajdziecie zbiory (ksi\u0105\u017cki, cza\u00adso\u00adpisma oraz zbiory spe\u00adcjalne \u2013 doku\u00admenty CD, gra\u00adfiki, kata\u00adlogi) z zakresu archi\u00adtek\u00adtury i urba\u00adni\u00adstyki, archi\u00adtek\u00adtury wn\u0119trz, gra\u00adfiki oraz dzie\u00addzin pokrew\u00adnych,<\/li>\n<li><a href=\"https:\/\/biblioteka.pb.edu.pl\/kontakt\/biblioteki-wydzialowe\/biblioteka-wydzialu-inzynierii-zarzadzania\/\">Biblio\u00adteka Wydzia\u0142u In\u017cy\u00adnie\u00adrii Zarz\u0105\u00addza\u00adnia<\/a> na ul. Ojca Ste\u00adfana Tara\u00adsiuka 2 (Kle\u00adosin), budy\u00adnek Ber\u00adlin, pok. 16 &#8211; kt\u00f3ra gromadzi i udost\u0119pnia zbiory zwi\u0105\u00adzane z kie\u00adrun\u00adkami kszta\u0142\u00adce\u00adnia i pracami naukowymi pro\u00adwa\u00addzo\u00adnymi na WIZ PB, czyli z zakresu: zarz\u0105\u00addza\u00adnia, logi\u00adstyki, trans\u00adportu, in\u017cy\u00adnie\u00adrii pro\u00adduk\u00adcji, in\u017cy\u00adnie\u00adrii meblar\u00adstwa, finan\u00ads\u00f3w, rachun\u00adko\u00adwo\u00ad\u015bci, ban\u00adko\u00adwo\u00ad\u015bci, tury\u00adstyki, mar\u00adke\u00adtingu, reklamy, public rela\u00adtions, eko\u00adno\u00admii, sys\u00adte\u00adm\u00f3w infor\u00adma\u00adtycz\u00adnych, sta\u00adty\u00adstyki i inne.<\/li>\n<\/ul>\n<p><a href=\"http:\/\/biblioteka.pb.edu.pl\">Serwis www Biblioteki PB<\/a><\/p>\n<p><a href=\"https:\/\/www.facebook.com\/BibliotekaPolitechnikiBialostockiej\">FB Biblioteki PB<\/a><\/p>\n<p>Studenci przy zapisie do biblioteki powinni okaza\u0107 aktualn\u0105 legitymacj\u0119 studenck\u0105 oraz podpisa\u0107 deklaracj\u0119 potwierdzaj\u0105c\u0105 wyra\u017cenie zgody na udzia\u0142 w&nbsp;komputerowym systemie udost\u0119pniania i&nbsp;zobowi\u0105zanie do przestrzegania regulamin\u00f3w bibliotecznych.<\/p>\n<p>\u26a0\ufe0f Uwaga pierwszoroczniacy! Czeka Was <strong>obowi\u0105zkowe szkolenie biblioteczne<\/strong> z wpisem do indeksu. Terminy szkole\u0144 dla poszczeg\u00f3lnych grup student\u00f3w podadz\u0105 Wam Dziekanaty. Szkolenie trwa 2 godziny. <\/p>\n<p><a href=\"https:\/\/biblioteka.pb.edu.pl\/szkolenia\/szkolenia-biblioteczno-informacyjne\/szkolenie-biblioteczne-dla-studentow-i-roku-studiow-i-stopnia\/\">Informacje nt. szkolenia<\/a><\/p>\n<p>\u2139\ufe0f Dobra informacja! Studenci Politechniki Bia\u0142ostockiej mog\u0105 wgra\u0107 funkcj\u0119 <strong>karty bibliotecznej <\/strong>do Elektronicznej Legitymacji Studenckiej. Wystarczy zarejestrowa\u0107 swoj\u0105 ELS w <strong>Wypo\u017cyczalni Og\u00f3lnej (budynek CNK, parter) lub Bibliotekach Wydzia\u0142owych.<\/strong><\/p>\n","protected":false},"excerpt":{"rendered":"<p>Widzieli\u015bcie ju\u017c ten pi\u0119kny budynek u zbiegu Zwierzynieckiej i \u015awierkowej z \u201ewycinank\u0105\u201d na elewacji? To Biblioteka Politechniki Bia\u0142ostockiej! Biblioteka PB mie\u015bci si\u0119 w budynku Centrum Nowoczesnego Kszta\u0142cenia (CNK) na kampusie Politechniki Bia\u0142ostockiej przy ul. Zwierzynieckiej 16. Znajdziecie tam ksi\u0105\u017cki, podr\u0119czniki, czasopisma niezb\u0119dne w trakcie studi\u00f3w oraz pozwalaj\u0105ce na poszerzenie wiedzy. Biblioteka udost\u0119pnia te\u017c szereg serwis\u00f3w [&hellip;]<\/p>\n","protected":false},"author":2,"featured_media":0,"parent":0,"menu_order":13,"comment_status":"closed","ping_status":"closed","template":"","meta":{"_acf_changed":false,"ngg_post_thumbnail":0,"footnotes":""},"class_list":["post-43","page","type-page","status-publish","hentry"],"acf":[],"_links":{"self":[{"href":"https:\/\/pb.edu.pl\/pakapierwszakapb\/wp-json\/wp\/v2\/pages\/43","targetHints":{"allow":["GET"]}}],"collection":[{"href":"https:\/\/pb.edu.pl\/pakapierwszakapb\/wp-json\/wp\/v2\/pages"}],"about":[{"href":"https:\/\/pb.edu.pl\/pakapierwszakapb\/wp-json\/wp\/v2\/types\/page"}],"author":[{"embeddable":true,"href":"https:\/\/pb.edu.pl\/pakapierwszakapb\/wp-json\/wp\/v2\/users\/2"}],"replies":[{"embeddable":true,"href":"https:\/\/pb.edu.pl\/pakapierwszakapb\/wp-json\/wp\/v2\/comments?post=43"}],"version-history":[{"count":2,"href":"https:\/\/pb.edu.pl\/pakapierwszakapb\/wp-json\/wp\/v2\/pages\/43\/revisions"}],"predecessor-version":[{"id":451,"href":"https:\/\/pb.edu.pl\/pakapierwszakapb\/wp-json\/wp\/v2\/pages\/43\/revisions\/451"}],"wp:attachment":[{"href":"https:\/\/pb.edu.pl\/pakapierwszakapb\/wp-json\/wp\/v2\/media?parent=43"}],"curies":[{"name":"wp","href":"https:\/\/api.w.org\/{rel}","templated":true}]}}